{"id":2538,"date":"2019-08-07T10:36:02","date_gmt":"2019-08-07T14:36:02","guid":{"rendered":"https:\/\/homecaresolutionsmtl.com\/?page_id=2538"},"modified":"2025-11-14T12:05:57","modified_gmt":"2025-11-14T17:05:57","slug":"welcome","status":"publish","type":"page","link":"https:\/\/homecaresolutionsmtl.com\/","title":{"rendered":"Homecare Solutions Montreal &#8211; Solutions soins \u00e0 domicile Montr\u00e9al"},"content":{"rendered":"<div class=\"wpb-content-wrapper\"><p>[vc_row full_width=&#8221;stretch_row_content_no_spaces&#8221; full_height=&#8221;yes&#8221; content_placement=&#8221;middle&#8221; el_id=&#8221;splash-screen&#8221; css=&#8221;.vc_custom_1565793488948{background-image: url(https:\/\/homecaresolutionsmtl.com\/wp-content\/uploads\/2019\/05\/mother-daughter.jpg?id=1659) !important;background-position: center !important;background-repeat: no-repeat !important;background-size: cover !important;}&#8221;][vc_column width=&#8221;1\/6&#8243;][\/vc_column][vc_column width=&#8221;2\/3&#8243; css=&#8221;.vc_custom_1560188686412{margin-right: 15px !important;margin-left: 15px !important;}&#8221;][vc_single_image image=&#8221;3217&#8243; img_size=&#8221;full&#8221; alignment=&#8221;center&#8221; el_id=&#8221;splash-image&#8221;][vc_empty_space alter_height=&#8221;medium&#8221; hide_on_mobile=&#8221;&#8221;][vc_row_inner gap=&#8221;20&#8243;][vc_column_inner width=&#8221;1\/2&#8243;][vc_btn title=&#8221;English&#8221; shape=&#8221;square&#8221; color=&#8221;blue&#8221; size=&#8221;lg&#8221; align=&#8221;center&#8221; button_block=&#8221;true&#8221; link=&#8221;url:https%3A%2F%2Fhomecaresolutionsmtl.com%2Fen%2F|title:Home%20Care%20Solutions%20Montreal||&#8221;][\/vc_column_inner][vc_column_inner width=&#8221;1\/2&#8243;][vc_btn title=&#8221;Fran\u00e7ais&#8221; shape=&#8221;square&#8221; color=&#8221;blue&#8221; size=&#8221;lg&#8221; align=&#8221;center&#8221; button_block=&#8221;true&#8221; link=&#8221;url:https%3A%2F%2Fhomecaresolutionsmtl.com%2Ffr%2F|title:Soins%20%C3%80%20Domicile%20Montr%C3%A9al||&#8221;][\/vc_column_inner][\/vc_row_inner][\/vc_column][vc_column width=&#8221;1\/6&#8243;][\/vc_column][\/vc_row]<\/p>\n<\/div>","protected":false},"excerpt":{"rendered":"<p>[vc_row full_width=&#8221;stretch_row_content_no_spaces&#8221; full_height=&#8221;yes&#8221; content_placement=&#8221;middle&#8221; el_id=&#8221;splash-screen&#8221; css=&#8221;.vc_custom_1565793488948{background-image: url(https:\/\/homecaresolutionsmtl.com\/wp-content\/uploads\/2019\/05\/mother-daughter.jpg?id=1659) !important;background-position: center !important;background-repeat: no-repeat !important;background-size: cover !important;}&#8221;][vc_column width=&#8221;1\/6&#8243;][\/vc_column][vc_column width=&#8221;2\/3&#8243; css=&#8221;.vc_custom_1560188686412{margin-right: 15px !important;margin-left: 15px !important;}&#8221;][vc_single_image image=&#8221;3217&#8243; img_size=&#8221;full&#8221; alignment=&#8221;center&#8221; el_id=&#8221;splash-image&#8221;][vc_empty_space alter_height=&#8221;medium&#8221; hide_on_mobile=&#8221;&#8221;][vc_row_inner gap=&#8221;20&#8243;][vc_column_inner width=&#8221;1\/2&#8243;][vc_btn title=&#8221;English&#8221; shape=&#8221;square&#8221; color=&#8221;blue&#8221; size=&#8221;lg&#8221; align=&#8221;center&#8221; button_block=&#8221;true&#8221; link=&#8221;url:https%3A%2F%2Fhomecaresolutionsmtl.com%2Fen%2F|title:Home%20Care%20Solutions%20Montreal||&#8221;][\/vc_column_inner][vc_column_inner width=&#8221;1\/2&#8243;][vc_btn title=&#8221;Fran\u00e7ais&#8221; shape=&#8221;square&#8221; color=&#8221;blue&#8221; size=&#8221;lg&#8221; align=&#8221;center&#8221; button_block=&#8221;true&#8221; link=&#8221;url:https%3A%2F%2Fhomecaresolutionsmtl.com%2Ffr%2F|title:Soins%20%C3%80%20Domicile%20Montr%C3%A9al||&#8221;][\/vc_column_inner][\/vc_row_inner][\/vc_column][vc_column width=&#8221;1\/6&#8243;][\/vc_column][\/vc_row]<\/p>\n","protected":false},"author":1,"featured_media":0,"parent":0,"menu_order":0,"comment_status":"closed","ping_status":"closed","template":"","meta":{"_acf_changed":false,"inline_featured_image":false,"_glsr_average":0,"_glsr_ranking":0,"_glsr_reviews":0,"footnotes":""},"class_list":["post-2538","page","type-page","status-publish","hentry"],"acf":[],"yoast_head":"<title>Homecare Solutions Montreal - Solutions soins \u00e0 domicile Montr\u00e9al<\/title>\n<meta name=\"description\" content=\"Home Care Services in the Montreal Area \/ Services de soins \u00e0 domicile dans la r\u00e9gion de Montr\u00e9al\" \/>\n<meta name=\"robots\" content=\"noindex, follow\" \/>\n<meta property=\"og:locale\" content=\"en_US\" \/>\n<meta property=\"og:type\" content=\"article\" \/>\n<meta property=\"og:title\" content=\"Homecare Solutions Montreal - Solutions soins \u00e0 domicile Montr\u00e9al\" \/>\n<meta property=\"og:description\" content=\"Home Care Services in the Montreal Area \/ Services de soins \u00e0 domicile dans la r\u00e9gion de Montr\u00e9al\" \/>\n<meta property=\"og:url\" content=\"https:\/\/homecaresolutionsmtl.com\/\" \/>\n<meta property=\"og:site_name\" content=\"Homecare Solutions Montreal\" \/>\n<meta property=\"article:publisher\" content=\"https:\/\/www.facebook.com\/Solutionsmontreal\" \/>\n<meta property=\"article:modified_time\" content=\"2025-11-14T17:05:57+00:00\" \/>\n<meta name=\"twitter:card\" content=\"summary_large_image\" \/>\n<meta name=\"twitter:label1\" content=\"Est. reading time\" \/>\n\t<meta name=\"twitter:data1\" content=\"1 minute\" \/>\n<script type=\"application\/ld+json\" class=\"yoast-schema-graph\">{\"@context\":\"https:\/\/schema.org\",\"@graph\":[{\"@type\":\"WebPage\",\"@id\":\"https:\/\/homecaresolutionsmtl.com\/\",\"url\":\"https:\/\/homecaresolutionsmtl.com\/\",\"name\":\"Homecare Solutions Montreal - Solutions soins \u00e0 domicile Montr\u00e9al\",\"isPartOf\":{\"@id\":\"https:\/\/homecaresolutionsmtl.com\/en\/#website\"},\"datePublished\":\"2019-08-07T14:36:02+00:00\",\"dateModified\":\"2025-11-14T17:05:57+00:00\",\"description\":\"Home Care Services in the Montreal Area \/ Services de soins \u00e0 domicile dans la r\u00e9gion de Montr\u00e9al\",\"breadcrumb\":{\"@id\":\"https:\/\/homecaresolutionsmtl.com\/#breadcrumb\"},\"inLanguage\":\"en-CA\",\"potentialAction\":[{\"@type\":\"ReadAction\",\"target\":[\"https:\/\/homecaresolutionsmtl.com\/\"]}]},{\"@type\":\"BreadcrumbList\",\"@id\":\"https:\/\/homecaresolutionsmtl.com\/#breadcrumb\",\"itemListElement\":[{\"@type\":\"ListItem\",\"position\":1,\"name\":\"Home\",\"item\":\"https:\/\/homecaresolutionsmtl.com\/en\/\"},{\"@type\":\"ListItem\",\"position\":2,\"name\":\"Homecare Solutions Montreal &#8211; Solutions soins \u00e0 domicile Montr\u00e9al\"}]},{\"@type\":\"WebSite\",\"@id\":\"https:\/\/homecaresolutionsmtl.com\/en\/#website\",\"url\":\"https:\/\/homecaresolutionsmtl.com\/en\/\",\"name\":\"Homecare Solutions Montreal\",\"description\":\"\",\"publisher\":{\"@id\":\"https:\/\/homecaresolutionsmtl.com\/en\/#organization\"},\"potentialAction\":[{\"@type\":\"SearchAction\",\"target\":{\"@type\":\"EntryPoint\",\"urlTemplate\":\"https:\/\/homecaresolutionsmtl.com\/en\/?s={search_term_string}\"},\"query-input\":{\"@type\":\"PropertyValueSpecification\",\"valueRequired\":true,\"valueName\":\"search_term_string\"}}],\"inLanguage\":\"en-CA\"},{\"@type\":\"Organization\",\"@id\":\"https:\/\/homecaresolutionsmtl.com\/en\/#organization\",\"name\":\"Homecare Solutions\",\"url\":\"https:\/\/homecaresolutionsmtl.com\/en\/\",\"logo\":{\"@type\":\"ImageObject\",\"inLanguage\":\"en-CA\",\"@id\":\"https:\/\/homecaresolutionsmtl.com\/en\/#\/schema\/logo\/image\/\",\"url\":\"https:\/\/homecaresolutionsmtl.com\/wp-content\/uploads\/2019\/06\/Homecare-solutions-splash.png\",\"contentUrl\":\"https:\/\/homecaresolutionsmtl.com\/wp-content\/uploads\/2019\/06\/Homecare-solutions-splash.png\",\"width\":512,\"height\":361,\"caption\":\"Homecare Solutions\"},\"image\":{\"@id\":\"https:\/\/homecaresolutionsmtl.com\/en\/#\/schema\/logo\/image\/\"},\"sameAs\":[\"https:\/\/www.facebook.com\/Solutionsmontreal\"]}]}<\/script>","yoast_head_json":{"title":"Homecare Solutions Montreal - Solutions soins \u00e0 domicile Montr\u00e9al","description":"Home Care Services in the Montreal Area \/ Services de soins \u00e0 domicile dans la r\u00e9gion de Montr\u00e9al","robots":{"index":"noindex","follow":"follow"},"og_locale":"en_US","og_type":"article","og_title":"Homecare Solutions Montreal - Solutions soins \u00e0 domicile Montr\u00e9al","og_description":"Home Care Services in the Montreal Area \/ Services de soins \u00e0 domicile dans la r\u00e9gion de Montr\u00e9al","og_url":"https:\/\/homecaresolutionsmtl.com\/","og_site_name":"Homecare Solutions Montreal","article_publisher":"https:\/\/www.facebook.com\/Solutionsmontreal","article_modified_time":"2025-11-14T17:05:57+00:00","twitter_card":"summary_large_image","twitter_misc":{"Est. reading time":"1 minute"},"schema":{"@context":"https:\/\/schema.org","@graph":[{"@type":"WebPage","@id":"https:\/\/homecaresolutionsmtl.com\/","url":"https:\/\/homecaresolutionsmtl.com\/","name":"Homecare Solutions Montreal - Solutions soins \u00e0 domicile Montr\u00e9al","isPartOf":{"@id":"https:\/\/homecaresolutionsmtl.com\/en\/#website"},"datePublished":"2019-08-07T14:36:02+00:00","dateModified":"2025-11-14T17:05:57+00:00","description":"Home Care Services in the Montreal Area \/ Services de soins \u00e0 domicile dans la r\u00e9gion de Montr\u00e9al","breadcrumb":{"@id":"https:\/\/homecaresolutionsmtl.com\/#breadcrumb"},"inLanguage":"en-CA","potentialAction":[{"@type":"ReadAction","target":["https:\/\/homecaresolutionsmtl.com\/"]}]},{"@type":"BreadcrumbList","@id":"https:\/\/homecaresolutionsmtl.com\/#breadcrumb","itemListElement":[{"@type":"ListItem","position":1,"name":"Home","item":"https:\/\/homecaresolutionsmtl.com\/en\/"},{"@type":"ListItem","position":2,"name":"Homecare Solutions Montreal &#8211; Solutions soins \u00e0 domicile Montr\u00e9al"}]},{"@type":"WebSite","@id":"https:\/\/homecaresolutionsmtl.com\/en\/#website","url":"https:\/\/homecaresolutionsmtl.com\/en\/","name":"Homecare Solutions Montreal","description":"","publisher":{"@id":"https:\/\/homecaresolutionsmtl.com\/en\/#organization"},"potentialAction":[{"@type":"SearchAction","target":{"@type":"EntryPoint","urlTemplate":"https:\/\/homecaresolutionsmtl.com\/en\/?s={search_term_string}"},"query-input":{"@type":"PropertyValueSpecification","valueRequired":true,"valueName":"search_term_string"}}],"inLanguage":"en-CA"},{"@type":"Organization","@id":"https:\/\/homecaresolutionsmtl.com\/en\/#organization","name":"Homecare Solutions","url":"https:\/\/homecaresolutionsmtl.com\/en\/","logo":{"@type":"ImageObject","inLanguage":"en-CA","@id":"https:\/\/homecaresolutionsmtl.com\/en\/#\/schema\/logo\/image\/","url":"https:\/\/homecaresolutionsmtl.com\/wp-content\/uploads\/2019\/06\/Homecare-solutions-splash.png","contentUrl":"https:\/\/homecaresolutionsmtl.com\/wp-content\/uploads\/2019\/06\/Homecare-solutions-splash.png","width":512,"height":361,"caption":"Homecare Solutions"},"image":{"@id":"https:\/\/homecaresolutionsmtl.com\/en\/#\/schema\/logo\/image\/"},"sameAs":["https:\/\/www.facebook.com\/Solutionsmontreal"]}]}},"_links":{"self":[{"href":"https:\/\/homecaresolutionsmtl.com\/en\/wp-json\/wp\/v2\/pages\/2538","targetHints":{"allow":["GET"]}}],"collection":[{"href":"https:\/\/homecaresolutionsmtl.com\/en\/wp-json\/wp\/v2\/pages"}],"about":[{"href":"https:\/\/homecaresolutionsmtl.com\/en\/wp-json\/wp\/v2\/types\/page"}],"author":[{"embeddable":true,"href":"https:\/\/homecaresolutionsmtl.com\/en\/wp-json\/wp\/v2\/users\/1"}],"replies":[{"embeddable":true,"href":"https:\/\/homecaresolutionsmtl.com\/en\/wp-json\/wp\/v2\/comments?post=2538"}],"version-history":[{"count":13,"href":"https:\/\/homecaresolutionsmtl.com\/en\/wp-json\/wp\/v2\/pages\/2538\/revisions"}],"predecessor-version":[{"id":3222,"href":"https:\/\/homecaresolutionsmtl.com\/en\/wp-json\/wp\/v2\/pages\/2538\/revisions\/3222"}],"wp:attachment":[{"href":"https:\/\/homecaresolutionsmtl.com\/en\/wp-json\/wp\/v2\/media?parent=2538"}],"curies":[{"name":"wp","href":"https:\/\/api.w.org\/{rel}","templated":true}]}}