{"id":1048,"date":"2019-05-07T16:27:20","date_gmt":"2019-05-07T20:27:20","guid":{"rendered":"https:\/\/homecaresolutionsmtl.com\/?page_id=1048"},"modified":"2025-11-17T13:53:06","modified_gmt":"2025-11-17T18:53:06","slug":"solutions-soins-a-domicile-montreal","status":"publish","type":"page","link":"https:\/\/homecaresolutionsmtl.com\/fr\/","title":{"rendered":"Soins \u00e0 domicile Solutions"},"content":{"rendered":"<div class=\"wpb-content-wrapper\"><p>[vc_row][vc_column][vc_single_image image=\u00a0\u00bb1498&Prime; img_size=\u00a0\u00bbfull\u00a0\u00bb css=\u00a0\u00bb.vc_custom_1564147614280{margin-bottom: 50px !important;}\u00a0\u00bb][vc_column_text css=\u00a0\u00bb.vc_custom_1573160632651{padding-top: 20px !important;padding-bottom: 50px !important;}\u00a0\u00bb]<\/p>\n<p style=\"text-align: center;\">Notre passion: <strong>embellir la vie de nos clients<\/strong> par une gestion optimale des soins qui unit professionnalisme, compassion, cr\u00e9dibilit\u00e9 et <strong>d\u00e9vouement envers nos clients et leur famille<\/strong>.<\/p>\n<p>[\/vc_column_text][vc_cta h2=\u00a0\u00bb\u00c9conomisez 35 % sur les services de soutien \u00e0 domicile avec le cr\u00e9dit d\u2019imp\u00f4t provincial\u00a0\u00bb add_button=\u00a0\u00bbright\u00a0\u00bb btn_title=\u00a0\u00bb514-933-4141&Prime; btn_style=\u00a0\u00bbflat\u00a0\u00bb btn_shape=\u00a0\u00bbround\u00a0\u00bb btn_color=\u00a0\u00bbturquoise\u00a0\u00bb btn_size=\u00a0\u00bblg\u00a0\u00bb btn_align=\u00a0\u00bbright\u00a0\u00bb css_animation=\u00a0\u00bbfadeInDown\u00a0\u00bb btn_link=\u00a0\u00bburl:tel%3A5149334141|||\u00a0\u00bb css=\u00a0\u00bb.vc_custom_1637782316296{padding-top: 25px !important;}\u00a0\u00bb][\/vc_cta][\/vc_column][\/vc_row][vc_row][vc_column][vc_column_text]<br \/>\n[\/vc_column_text][\/vc_column][\/vc_row][vc_section full_width=\u00a0\u00bbstretch_row\u00a0\u00bb css=\u00a0\u00bb.vc_custom_1663009410959{padding-top: 50px !important;padding-bottom: 50px !important;background-color: #f6fcfc !important;}\u00a0\u00bb][vc_row][vc_column][vc_column_text]<\/p>\n<h2 style=\"text-align: center;\">Il existe de nombreuses raisons de choisir Solutions soins \u00e0 domicile comme fournisseur de soins:<\/h2>\n<p>[\/vc_column_text][vc_row_inner equal_height=\u00a0\u00bbyes\u00a0\u00bb gap=\u00a0\u00bb10&Prime;][vc_column_inner width=\u00a0\u00bb1\/4&Prime; css=\u00a0\u00bb.vc_custom_1663005927229{margin: 10px !important;padding: 10px !important;background-color: #ffffff !important;border: 1px solid #000000 !important;}\u00a0\u00bb][vc_single_image image=\u00a0\u00bb3240&Prime; alignment=\u00a0\u00bbcenter\u00a0\u00bb][vc_column_text css=\u00a0\u00bb.vc_custom_1663012164876{margin-bottom: 10px !important;}\u00a0\u00bb]<\/p>\n<p style=\"text-align: center;\">Un Service \u00e0 la client\u00e8le hors pair<\/p>\n<p>[\/vc_column_text][vc_empty_space height=\u00a0\u00bb5px\u00a0\u00bb hide_on_mobile=\u00a0\u00bb\u00a0\u00bb][\/vc_column_inner][vc_column_inner width=\u00a0\u00bb1\/4&Prime; css=\u00a0\u00bb.vc_custom_1663005982194{margin: 10px !important;padding: 10px !important;background-color: #ffffff !important;border: 1px solid #000000 !important;}\u00a0\u00bb][vc_single_image image=\u00a0\u00bb3261&Prime; alignment=\u00a0\u00bbcenter\u00a0\u00bb][vc_column_text css=\u00a0\u00bb.vc_custom_1663012178053{margin-bottom: 10px !important;}\u00a0\u00bb]<\/p>\n<p style=\"text-align: center;\" align=\"center\">Les soins les plus s\u00e9curitaires en ce temps de la Covid-19<\/p>\n<p>[\/vc_column_text][vc_empty_space height=\u00a0\u00bb5px\u00a0\u00bb hide_on_mobile=\u00a0\u00bb\u00a0\u00bb][\/vc_column_inner][vc_column_inner width=\u00a0\u00bb1\/4&Prime; css=\u00a0\u00bb.vc_custom_1663006216879{margin: 10px !important;padding: 10px !important;background-color: #ffffff !important;border: 1px solid #000000 !important;}\u00a0\u00bb][vc_single_image image=\u00a0\u00bb3251&Prime; alignment=\u00a0\u00bbcenter\u00a0\u00bb][vc_column_text css=\u00a0\u00bb.vc_custom_1663012317462{margin-bottom: 10px !important;}\u00a0\u00bb]<\/p>\n<p style=\"text-align: center;\" align=\"center\">Une approche souple des soins<\/p>\n<p>[\/vc_column_text][vc_empty_space height=\u00a0\u00bb5px\u00a0\u00bb hide_on_mobile=\u00a0\u00bb\u00a0\u00bb][\/vc_column_inner][vc_column_inner width=\u00a0\u00bb1\/4&Prime; css=\u00a0\u00bb.vc_custom_1663006463914{margin-top: 10px !important;margin-right: 10px !important;margin-bottom: 10px !important;margin-left: 10px !important;border-top-width: 1px !important;border-right-width: 1px !important;border-bottom-width: 1px !important;border-left-width: 1px !important;padding-top: 10px !important;padding-right: 10px !important;padding-bottom: 10px !important;padding-left: 10px !important;background-color: #ffffff !important;border-left-color: #000000 !important;border-left-style: solid !important;border-right-color: #000000 !important;border-right-style: solid !important;border-top-color: #000000 !important;border-top-style: solid !important;border-bottom-color: #000000 !important;border-bottom-style: solid !important;border-radius: 1px !important;}\u00a0\u00bb][vc_single_image image=\u00a0\u00bb3259&Prime; alignment=\u00a0\u00bbcenter\u00a0\u00bb][vc_column_text css=\u00a0\u00bb.vc_custom_1663012309062{margin-bottom: 10px !important;}\u00a0\u00bb]<\/p>\n<p style=\"text-align: center;\" align=\"center\">Une attention minutieuser<\/p>\n<p>[\/vc_column_text][vc_empty_space height=\u00a0\u00bb5px\u00a0\u00bb hide_on_mobile=\u00a0\u00bb\u00a0\u00bb][\/vc_column_inner][\/vc_row_inner][vc_row_inner equal_height=\u00a0\u00bbyes\u00a0\u00bb gap=\u00a0\u00bb30&Prime;][vc_column_inner width=\u00a0\u00bb1\/3&Prime; css=\u00a0\u00bb.vc_custom_1663006369645{margin: 10px !important;padding: 10px !important;background-color: #ffffff !important;border: 1px solid #000000 !important;}\u00a0\u00bb][vc_single_image image=\u00a0\u00bb3257&Prime; alignment=\u00a0\u00bbcenter\u00a0\u00bb][vc_column_text css=\u00a0\u00bb.vc_custom_1663012299999{margin-bottom: 10px !important;}\u00a0\u00bb]<\/p>\n<p style=\"text-align: center;\" align=\"center\">Une \u00e9valuation des soins gratuite<\/p>\n<p>[\/vc_column_text][vc_empty_space height=\u00a0\u00bb5px\u00a0\u00bb hide_on_mobile=\u00a0\u00bb\u00a0\u00bb][\/vc_column_inner][vc_column_inner width=\u00a0\u00bb1\/3&Prime; css=\u00a0\u00bb.vc_custom_1663006390959{margin: 10px !important;padding: 10px !important;background-color: #ffffff !important;border: 1px solid #000000 !important;}\u00a0\u00bb][vc_single_image image=\u00a0\u00bb3253&Prime; alignment=\u00a0\u00bbcenter\u00a0\u00bb][vc_column_text css=\u00a0\u00bb.vc_custom_1663012292649{margin-bottom: 10px !important;}\u00a0\u00bb]<\/p>\n<p style=\"text-align: center;\" align=\"center\">D\u2019excellents soignants<\/p>\n<p>[\/vc_column_text][vc_empty_space height=\u00a0\u00bb5px\u00a0\u00bb hide_on_mobile=\u00a0\u00bb\u00a0\u00bb][\/vc_column_inner][vc_column_inner width=\u00a0\u00bb1\/3&Prime; css=\u00a0\u00bb.vc_custom_1663006333587{margin: 10px !important;padding: 10px !important;background-color: #ffffff !important;border: 1px solid #000000 !important;border-radius: 1px !important;}\u00a0\u00bb][vc_single_image image=\u00a0\u00bb3255&Prime; alignment=\u00a0\u00bbcenter\u00a0\u00bb][vc_column_text css=\u00a0\u00bb.vc_custom_1663012275353{margin-bottom: 10px !important;}\u00a0\u00bb]<\/p>\n<p style=\"text-align: center;\" align=\"center\">Un m\u00e9decin consultant<\/p>\n<p>[\/vc_column_text][vc_empty_space height=\u00a0\u00bb5px\u00a0\u00bb hide_on_mobile=\u00a0\u00bb\u00a0\u00bb][\/vc_column_inner][\/vc_row_inner][\/vc_column][\/vc_row][vc_row][vc_column][vc_btn title=\u00a0\u00bbPourquoi solutions soins \u00e0 domicile?\u00a0\u00bb style=\u00a0\u00bbflat\u00a0\u00bb shape=\u00a0\u00bbround\u00a0\u00bb color=\u00a0\u00bbturquoise\u00a0\u00bb size=\u00a0\u00bblg\u00a0\u00bb align=\u00a0\u00bbcenter\u00a0\u00bb link=\u00a0\u00bburl:https%3A%2F%2Fhomecaresolutionsmtl.com%2Ffr%2Fpourquoi-solutions-soins-a-domicile%2F|||\u00a0\u00bb][\/vc_column][\/vc_row][\/vc_section][vc_row][vc_column][vc_text_separator title=\u00a0\u00bbNos services\u00a0\u00bb][trx_sc_services type=\u00a0\u00bbhover\u00a0\u00bb featured=\u00a0\u00bbimage\u00a0\u00bb hide_excerpt=\u00a0\u00bb\u00a0\u00bb no_margin=\u00a0\u00bb1&Prime; hide_bg_image=\u00a0\u00bb\u00a0\u00bb cat=\u00a0\u00bb61&Prime; orderby=\u00a0\u00bbnone\u00a0\u00bb slider=\u00a0\u00bb\u00a0\u00bb title_style=\u00a0\u00bbdefault\u00a0\u00bb title_tag=\u00a0\u00bbh6&Prime; count=\u00a0\u00bb6&Prime; columns=\u00a0\u00bb3&Prime;][vc_text_separator title=\u00a0\u00bbSoins specialises\u00a0\u00bb el_id=\u00a0\u00bbspecialized-care\u00a0\u00bb][\/vc_column][\/vc_row][vc_row][vc_column width=\u00a0\u00bb1\/3&Prime;][vc_single_image image=\u00a0\u00bb1599&Prime; img_size=\u00a0\u00bbfull\u00a0\u00bb alignment=\u00a0\u00bbcenter\u00a0\u00bb onclick=\u00a0\u00bbcustom_link\u00a0\u00bb title=\u00a0\u00bbSoins pour la maladie d\u2019Alzheimer\u00a0\u00bb link=\u00a0\u00bbhttps:\/\/homecaresolutionsmtl.com\/fr\/soins-pour-la-maladie-dalzheimer\/\u00a0\u00bb][vc_single_image image=\u00a0\u00bb1621&Prime; img_size=\u00a0\u00bbfull\u00a0\u00bb alignment=\u00a0\u00bbcenter\u00a0\u00bb onclick=\u00a0\u00bbcustom_link\u00a0\u00bb title=\u00a0\u00bbL\u2019aidant familial \u00e0 distance\u00a0\u00bb link=\u00a0\u00bbhttps:\/\/homecaresolutionsmtl.com\/fr\/laidant-familial-a-distance\/\u00a0\u00bb][\/vc_column][vc_column width=\u00a0\u00bb1\/3&Prime;][vc_single_image image=\u00a0\u00bb1611&Prime; img_size=\u00a0\u00bbfull\u00a0\u00bb alignment=\u00a0\u00bbcenter\u00a0\u00bb onclick=\u00a0\u00bbcustom_link\u00a0\u00bb title=\u00a0\u00bbLes Soins en milieu hospitalier\u00a0\u00bb link=\u00a0\u00bbhttps:\/\/homecaresolutionsmtl.com\/fr\/les-soins-en-milieu-hospitalier\/\u00a0\u00bb][vc_single_image image=\u00a0\u00bb1604&Prime; img_size=\u00a0\u00bbfull\u00a0\u00bb alignment=\u00a0\u00bbcenter\u00a0\u00bb onclick=\u00a0\u00bbcustom_link\u00a0\u00bb title=\u00a0\u00bbSoins palliatifs\u00a0\u00bb link=\u00a0\u00bbhttps:\/\/homecaresolutionsmtl.com\/fr\/soins-palliatifs\/\u00a0\u00bb][\/vc_column][vc_column width=\u00a0\u00bb1\/3&Prime;][vc_single_image image=\u00a0\u00bb1427&Prime; img_size=\u00a0\u00bbfull\u00a0\u00bb alignment=\u00a0\u00bbcenter\u00a0\u00bb onclick=\u00a0\u00bbcustom_link\u00a0\u00bb title=\u00a0\u00bbLa gestion des maladies chroniques\u00a0\u00bb link=\u00a0\u00bbhttps:\/\/homecaresolutionsmtl.com\/fr\/la-gestion-des-maladies-chroniques\/\u00a0\u00bb][vc_single_image image=\u00a0\u00bb1626&Prime; img_size=\u00a0\u00bbfull\u00a0\u00bb alignment=\u00a0\u00bbcenter\u00a0\u00bb onclick=\u00a0\u00bbcustom_link\u00a0\u00bb title=\u00a0\u00bbCompagnons de voyage\u00a0\u00bb link=\u00a0\u00bbhttps:\/\/homecaresolutionsmtl.com\/fr\/compagnons-de-voyage\/\u00a0\u00bb][\/vc_column][\/vc_row]<\/p>\n<\/div>","protected":false},"excerpt":{"rendered":"<p>[vc_row][vc_column][vc_single_image image=\u00a0\u00bb1498&Prime; img_size=\u00a0\u00bbfull\u00a0\u00bb css=\u00a0\u00bb.vc_custom_1564147614280{margin-bottom: 50px !important;}\u00a0\u00bb][vc_column_text css=\u00a0\u00bb.vc_custom_1573160632651{padding-top: 20px !important;padding-bottom: 50px !important;}\u00a0\u00bb] Notre passion: embellir la vie de nos clients par une gestion optimale des soins qui unit professionnalisme, compassion, cr\u00e9dibilit\u00e9 et d\u00e9vouement envers nos clients et leur famille. [\/vc_column_text][vc_cta h2=\u00a0\u00bb\u00c9conomisez 35 % sur les services de soutien \u00e0 domicile avec le cr\u00e9dit d\u2019imp\u00f4t provincial\u00a0\u00bb add_button=\u00a0\u00bbright\u00a0\u00bb btn_title=\u00a0\u00bb514-933-4141&Prime; btn_style=\u00a0\u00bbflat\u00a0\u00bb btn_shape=\u00a0\u00bbround\u00a0\u00bb btn_color=\u00a0\u00bbturquoise\u00a0\u00bb btn_size=\u00a0\u00bblg\u00a0\u00bb&hellip;<\/p>\n","protected":false},"author":1,"featured_media":0,"parent":0,"menu_order":-1,"comment_status":"closed","ping_status":"closed","template":"","meta":{"_acf_changed":false,"inline_featured_image":false,"_glsr_average":0,"_glsr_ranking":0,"_glsr_reviews":0,"footnotes":""},"class_list":["post-1048","page","type-page","status-publish","hentry"],"acf":[],"yoast_head":"<title>Services de soins \u00e0 domicile dans la r\u00e9gion de Montr\u00e9al - Solutions soins \u00e0 domicile Montr\u00e9al<\/title>\n<meta name=\"description\" content=\"Notre passion: embellir la vie de nos clients par une gestion optimale des soins qui unit professionnalisme, compassion, cr\u00e9dibilit\u00e9 et d\u00e9vouement envers nos clients et leur famille.\" \/>\n<meta name=\"robots\" content=\"index, follow, max-snippet:-1, max-image-preview:large, max-video-preview:-1\" \/>\n<link rel=\"canonical\" href=\"https:\/\/homecaresolutionsmtl.com\/fr\/\" \/>\n<meta property=\"og:locale\" content=\"fr_CA\" \/>\n<meta property=\"og:type\" content=\"article\" \/>\n<meta property=\"og:title\" content=\"Services de soins \u00e0 domicile dans la r\u00e9gion de Montr\u00e9al - Solutions soins \u00e0 domicile Montr\u00e9al\" \/>\n<meta property=\"og:description\" content=\"Notre passion: embellir la vie de nos clients par une gestion optimale des soins qui unit professionnalisme, compassion, cr\u00e9dibilit\u00e9 et d\u00e9vouement envers nos clients et leur famille.\" \/>\n<meta property=\"og:url\" content=\"https:\/\/homecaresolutionsmtl.com\/fr\/\" \/>\n<meta property=\"og:site_name\" content=\"Solutions soins \u00e0 domicile Montr\u00e9al\" \/>\n<meta property=\"article:publisher\" content=\"https:\/\/www.facebook.com\/Solutionsmontreal\" \/>\n<meta property=\"article:modified_time\" content=\"2025-11-17T18:53:06+00:00\" \/>\n<meta name=\"twitter:card\" content=\"summary_large_image\" \/>\n<meta name=\"twitter:label1\" content=\"Estimation du temps de lecture\" \/>\n\t<meta name=\"twitter:data1\" content=\"2 minutes\" \/>\n<script type=\"application\/ld+json\" class=\"yoast-schema-graph\">{\"@context\":\"https:\\\/\\\/schema.org\",\"@graph\":[{\"@type\":\"WebPage\",\"@id\":\"https:\\\/\\\/homecaresolutionsmtl.com\\\/fr\\\/\",\"url\":\"https:\\\/\\\/homecaresolutionsmtl.com\\\/fr\\\/\",\"name\":\"Services de soins \u00e0 domicile dans la r\u00e9gion de Montr\u00e9al - Solutions soins \u00e0 domicile Montr\u00e9al\",\"isPartOf\":{\"@id\":\"https:\\\/\\\/homecaresolutionsmtl.com\\\/fr\\\/#website\"},\"datePublished\":\"2019-05-07T20:27:20+00:00\",\"dateModified\":\"2025-11-17T18:53:06+00:00\",\"description\":\"Notre passion: embellir la vie de nos clients par une gestion optimale des soins qui unit professionnalisme, compassion, cr\u00e9dibilit\u00e9 et d\u00e9vouement envers nos clients et leur famille.\",\"breadcrumb\":{\"@id\":\"https:\\\/\\\/homecaresolutionsmtl.com\\\/fr\\\/#breadcrumb\"},\"inLanguage\":\"fr-CA\",\"potentialAction\":[{\"@type\":\"ReadAction\",\"target\":[\"https:\\\/\\\/homecaresolutionsmtl.com\\\/fr\\\/\"]}]},{\"@type\":\"BreadcrumbList\",\"@id\":\"https:\\\/\\\/homecaresolutionsmtl.com\\\/fr\\\/#breadcrumb\",\"itemListElement\":[{\"@type\":\"ListItem\",\"position\":1,\"name\":\"Home\",\"item\":\"https:\\\/\\\/homecaresolutionsmtl.com\\\/fr\\\/\"},{\"@type\":\"ListItem\",\"position\":2,\"name\":\"Soins \u00e0 domicile Solutions\"}]},{\"@type\":\"WebSite\",\"@id\":\"https:\\\/\\\/homecaresolutionsmtl.com\\\/fr\\\/#website\",\"url\":\"https:\\\/\\\/homecaresolutionsmtl.com\\\/fr\\\/\",\"name\":\"Solutions soins \u00e0 domicile Montr\u00e9al\",\"description\":\"\",\"publisher\":{\"@id\":\"https:\\\/\\\/homecaresolutionsmtl.com\\\/fr\\\/#organization\"},\"potentialAction\":[{\"@type\":\"SearchAction\",\"target\":{\"@type\":\"EntryPoint\",\"urlTemplate\":\"https:\\\/\\\/homecaresolutionsmtl.com\\\/fr\\\/?s={search_term_string}\"},\"query-input\":{\"@type\":\"PropertyValueSpecification\",\"valueRequired\":true,\"valueName\":\"search_term_string\"}}],\"inLanguage\":\"fr-CA\"},{\"@type\":\"Organization\",\"@id\":\"https:\\\/\\\/homecaresolutionsmtl.com\\\/fr\\\/#organization\",\"name\":\"Homecare Solutions\",\"url\":\"https:\\\/\\\/homecaresolutionsmtl.com\\\/fr\\\/\",\"logo\":{\"@type\":\"ImageObject\",\"inLanguage\":\"fr-CA\",\"@id\":\"https:\\\/\\\/homecaresolutionsmtl.com\\\/fr\\\/#\\\/schema\\\/logo\\\/image\\\/\",\"url\":\"https:\\\/\\\/homecaresolutionsmtl.com\\\/wp-content\\\/uploads\\\/2019\\\/06\\\/Homecare-solutions-splash.png\",\"contentUrl\":\"https:\\\/\\\/homecaresolutionsmtl.com\\\/wp-content\\\/uploads\\\/2019\\\/06\\\/Homecare-solutions-splash.png\",\"width\":512,\"height\":361,\"caption\":\"Homecare Solutions\"},\"image\":{\"@id\":\"https:\\\/\\\/homecaresolutionsmtl.com\\\/fr\\\/#\\\/schema\\\/logo\\\/image\\\/\"},\"sameAs\":[\"https:\\\/\\\/www.facebook.com\\\/Solutionsmontreal\"]}]}<\/script>","yoast_head_json":{"title":"Services de soins \u00e0 domicile dans la r\u00e9gion de Montr\u00e9al - Solutions soins \u00e0 domicile Montr\u00e9al","description":"Notre passion: embellir la vie de nos clients par une gestion optimale des soins qui unit professionnalisme, compassion, cr\u00e9dibilit\u00e9 et d\u00e9vouement envers nos clients et leur famille.","robots":{"index":"index","follow":"follow","max-snippet":"max-snippet:-1","max-image-preview":"max-image-preview:large","max-video-preview":"max-video-preview:-1"},"canonical":"https:\/\/homecaresolutionsmtl.com\/fr\/","og_locale":"fr_CA","og_type":"article","og_title":"Services de soins \u00e0 domicile dans la r\u00e9gion de Montr\u00e9al - Solutions soins \u00e0 domicile Montr\u00e9al","og_description":"Notre passion: embellir la vie de nos clients par une gestion optimale des soins qui unit professionnalisme, compassion, cr\u00e9dibilit\u00e9 et d\u00e9vouement envers nos clients et leur famille.","og_url":"https:\/\/homecaresolutionsmtl.com\/fr\/","og_site_name":"Solutions soins \u00e0 domicile Montr\u00e9al","article_publisher":"https:\/\/www.facebook.com\/Solutionsmontreal","article_modified_time":"2025-11-17T18:53:06+00:00","twitter_card":"summary_large_image","twitter_misc":{"Estimation du temps de lecture":"2 minutes"},"schema":{"@context":"https:\/\/schema.org","@graph":[{"@type":"WebPage","@id":"https:\/\/homecaresolutionsmtl.com\/fr\/","url":"https:\/\/homecaresolutionsmtl.com\/fr\/","name":"Services de soins \u00e0 domicile dans la r\u00e9gion de Montr\u00e9al - Solutions soins \u00e0 domicile Montr\u00e9al","isPartOf":{"@id":"https:\/\/homecaresolutionsmtl.com\/fr\/#website"},"datePublished":"2019-05-07T20:27:20+00:00","dateModified":"2025-11-17T18:53:06+00:00","description":"Notre passion: embellir la vie de nos clients par une gestion optimale des soins qui unit professionnalisme, compassion, cr\u00e9dibilit\u00e9 et d\u00e9vouement envers nos clients et leur famille.","breadcrumb":{"@id":"https:\/\/homecaresolutionsmtl.com\/fr\/#breadcrumb"},"inLanguage":"fr-CA","potentialAction":[{"@type":"ReadAction","target":["https:\/\/homecaresolutionsmtl.com\/fr\/"]}]},{"@type":"BreadcrumbList","@id":"https:\/\/homecaresolutionsmtl.com\/fr\/#breadcrumb","itemListElement":[{"@type":"ListItem","position":1,"name":"Home","item":"https:\/\/homecaresolutionsmtl.com\/fr\/"},{"@type":"ListItem","position":2,"name":"Soins \u00e0 domicile Solutions"}]},{"@type":"WebSite","@id":"https:\/\/homecaresolutionsmtl.com\/fr\/#website","url":"https:\/\/homecaresolutionsmtl.com\/fr\/","name":"Solutions soins \u00e0 domicile Montr\u00e9al","description":"","publisher":{"@id":"https:\/\/homecaresolutionsmtl.com\/fr\/#organization"},"potentialAction":[{"@type":"SearchAction","target":{"@type":"EntryPoint","urlTemplate":"https:\/\/homecaresolutionsmtl.com\/fr\/?s={search_term_string}"},"query-input":{"@type":"PropertyValueSpecification","valueRequired":true,"valueName":"search_term_string"}}],"inLanguage":"fr-CA"},{"@type":"Organization","@id":"https:\/\/homecaresolutionsmtl.com\/fr\/#organization","name":"Homecare Solutions","url":"https:\/\/homecaresolutionsmtl.com\/fr\/","logo":{"@type":"ImageObject","inLanguage":"fr-CA","@id":"https:\/\/homecaresolutionsmtl.com\/fr\/#\/schema\/logo\/image\/","url":"https:\/\/homecaresolutionsmtl.com\/wp-content\/uploads\/2019\/06\/Homecare-solutions-splash.png","contentUrl":"https:\/\/homecaresolutionsmtl.com\/wp-content\/uploads\/2019\/06\/Homecare-solutions-splash.png","width":512,"height":361,"caption":"Homecare Solutions"},"image":{"@id":"https:\/\/homecaresolutionsmtl.com\/fr\/#\/schema\/logo\/image\/"},"sameAs":["https:\/\/www.facebook.com\/Solutionsmontreal"]}]}},"_links":{"self":[{"href":"https:\/\/homecaresolutionsmtl.com\/fr\/wp-json\/wp\/v2\/pages\/1048","targetHints":{"allow":["GET"]}}],"collection":[{"href":"https:\/\/homecaresolutionsmtl.com\/fr\/wp-json\/wp\/v2\/pages"}],"about":[{"href":"https:\/\/homecaresolutionsmtl.com\/fr\/wp-json\/wp\/v2\/types\/page"}],"author":[{"embeddable":true,"href":"https:\/\/homecaresolutionsmtl.com\/fr\/wp-json\/wp\/v2\/users\/1"}],"replies":[{"embeddable":true,"href":"https:\/\/homecaresolutionsmtl.com\/fr\/wp-json\/wp\/v2\/comments?post=1048"}],"version-history":[{"count":53,"href":"https:\/\/homecaresolutionsmtl.com\/fr\/wp-json\/wp\/v2\/pages\/1048\/revisions"}],"predecessor-version":[{"id":5031,"href":"https:\/\/homecaresolutionsmtl.com\/fr\/wp-json\/wp\/v2\/pages\/1048\/revisions\/5031"}],"wp:attachment":[{"href":"https:\/\/homecaresolutionsmtl.com\/fr\/wp-json\/wp\/v2\/media?parent=1048"}],"curies":[{"name":"wp","href":"https:\/\/api.w.org\/{rel}","templated":true}]}}