{"id":1164,"date":"2019-05-08T11:24:30","date_gmt":"2019-05-08T15:24:30","guid":{"rendered":"https:\/\/homecaresolutionsmtl.com\/?page_id=1164"},"modified":"2022-09-12T10:17:15","modified_gmt":"2022-09-12T14:17:15","slug":"soins-integres","status":"publish","type":"page","link":"https:\/\/homecaresolutionsmtl.com\/fr\/soins-integres\/","title":{"rendered":"Soins int\u00e9gr\u00e9s"},"content":{"rendered":"<div class=\"wpb-content-wrapper\"><p>[vc_row][vc_column][vc_single_image image=\u00a0\u00bb1315&Prime; img_size=\u00a0\u00bbfull\u00a0\u00bb alignment=\u00a0\u00bbcenter\u00a0\u00bb][vc_empty_space alter_height=\u00a0\u00bblarge\u00a0\u00bb hide_on_mobile=\u00a0\u00bb\u00a0\u00bb][vc_column_text]<\/p>\n<h2 style=\"text-align: center;\">\u00c0 Solutions soins \u00e0 domicile Montr\u00e9al, notre vision des soins passe par une APPROCHE BIEN G\u00c9R\u00c9E<\/h2>\n<p>[\/vc_column_text][vc_empty_space alter_height=\u00a0\u00bblarge\u00a0\u00bb hide_on_mobile=\u00a0\u00bb\u00a0\u00bb][\/vc_column][\/vc_row][vc_row][vc_column width=\u00a0\u00bb1\/2&Prime;][vc_empty_space alter_height=\u00a0\u00bbsmall\u00a0\u00bb hide_on_mobile=\u00a0\u00bb\u00a0\u00bb][trx_sc_title title_style=\u00a0\u00bbdefault\u00a0\u00bb title_tag=\u00a0\u00bbh3&Prime; title_align=\u00a0\u00bbleft\u00a0\u00bb title=\u00a0\u00bbBien g\u00e9r\u00e9e, en toute confiance\u00a0\u00bb description=\u00a0\u00bbConfiance dans nos services de soins, dans notre personnel, dans notre organisation\u00a0\u00bb][vc_column_text]<\/p>\n<blockquote class=\"thin-block\">\n<p>Une approche tr\u00e8s humaine! Empathique, patiente, compatissante et professionnelle<\/p>\n<\/blockquote>\n<p>&nbsp;<\/p>\n<p>Nous pouvons offrir \u00e0 nos clients tous les niveaux de soins, pour mieux r\u00e9pondre \u00e0 leurs besoins. De l\u2019entretien de la maison aux soins complets.[\/vc_column_text][vc_empty_space alter_height=\u00a0\u00bbmedium\u00a0\u00bb hide_on_mobile=\u00a0\u00bb\u00a0\u00bb][trx_sc_title title_style=\u00a0\u00bbdefault\u00a0\u00bb title_tag=\u00a0\u00bbh3&Prime; title_align=\u00a0\u00bbleft\u00a0\u00bb title=\u00a0\u00bbBien g\u00e9r\u00e9e dans la continuit\u00e9\u00a0\u00bb description=\u00a0\u00bbUne meilleure performance si le m\u00eame pr\u00e9pos\u00e9 revient \u00e0 chaque visite\u00a0\u00bb][vc_column_text]<\/p>\n<blockquote class=\"thin-block\">\n<p>La personne qui venait le plus souvent \u00e9tait attentive et pr\u00eate \u00e0 faire tout ce qu\u2019on lui demandait. Pour moi, c\u2019\u00e9tait un grand soutien!<\/p>\n<\/blockquote>\n<p>&nbsp;<\/p>\n<p>Nous communiquons r\u00e9guli\u00e8rement avec les principaux membres de la famille pour nous assurer qu\u2019ils sont bien inform\u00e9s de l\u2019\u00e9volution de leur proche.[\/vc_column_text][vc_empty_space alter_height=\u00a0\u00bbmedium\u00a0\u00bb hide_on_mobile=\u00a0\u00bb\u00a0\u00bb][trx_sc_title title_style=\u00a0\u00bbdefault\u00a0\u00bb title_tag=\u00a0\u00bbh3&Prime; title_align=\u00a0\u00bbleft\u00a0\u00bb title=\u00a0\u00bbBien g\u00e9r\u00e9e, et de qualit\u00e9\u00a0\u00bb description=\u00a0\u00bbNotre personnel d\u2019encadrement vise \u00e0 r\u00e9pondre \u00e0 tous les besoins de nos clients.\u00a0\u00bb][vc_column_text]<\/p>\n<blockquote class=\"thin-block\">\n<p>Une approche tr\u00e8s humaine! Empathique, patiente, compatissante et professionnelle<\/p>\n<\/blockquote>\n<p>&nbsp;<\/p>\n<p>Notre excellente \u00e9quipe de gestion regroupe un personnel infirmier \u00e0 domicile exp\u00e9riment\u00e9 et un soutien administratif chevronn\u00e9.<\/p>\n<p>Nous \u00e9valuons r\u00e9guli\u00e8rement la satisfaction de notre client\u00e8le et nous veillons \u00e0 r\u00e9pondre \u00e0 tous les questionnements imm\u00e9diatement, par des \u00e9changes ouverts et transparents.<\/p>\n<p>Nous supervisons activement les soins offerts par nos intervenants et nous les informons r\u00e9guli\u00e8rement de formations permettant d\u2019am\u00e9liorer leurs comp\u00e9tences.[\/vc_column_text][\/vc_column][vc_column width=\u00a0\u00bb1\/2&Prime;][vc_single_image image=\u00a0\u00bb3228&Prime; img_size=\u00a0\u00bbfull\u00a0\u00bb alignment=\u00a0\u00bbcenter\u00a0\u00bb][\/vc_column][\/vc_row][vc_row][vc_column][vc_empty_space alter_height=\u00a0\u00bbhuge\u00a0\u00bb hide_on_mobile=\u00a0\u00bb\u00a0\u00bb][\/vc_column][\/vc_row]<\/p>\n<\/div>","protected":false},"excerpt":{"rendered":"<p>[vc_row][vc_column][vc_single_image image=\u00a0\u00bb1315&Prime; img_size=\u00a0\u00bbfull\u00a0\u00bb alignment=\u00a0\u00bbcenter\u00a0\u00bb][vc_empty_space alter_height=\u00a0\u00bblarge\u00a0\u00bb hide_on_mobile=\u00a0\u00bb\u00a0\u00bb][vc_column_text] \u00c0 Solutions soins \u00e0 domicile Montr\u00e9al, notre vision des soins passe par une APPROCHE BIEN G\u00c9R\u00c9E [\/vc_column_text][vc_empty_space alter_height=\u00a0\u00bblarge\u00a0\u00bb hide_on_mobile=\u00a0\u00bb\u00a0\u00bb][\/vc_column][\/vc_row][vc_row][vc_column width=\u00a0\u00bb1\/2&Prime;][vc_empty_space alter_height=\u00a0\u00bbsmall\u00a0\u00bb hide_on_mobile=\u00a0\u00bb\u00a0\u00bb][trx_sc_title title_style=\u00a0\u00bbdefault\u00a0\u00bb title_tag=\u00a0\u00bbh3&Prime; title_align=\u00a0\u00bbleft\u00a0\u00bb title=\u00a0\u00bbBien g\u00e9r\u00e9e, en toute confiance\u00a0\u00bb description=\u00a0\u00bbConfiance dans nos services de soins, dans notre personnel, dans notre organisation\u00a0\u00bb][vc_column_text] Une approche tr\u00e8s humaine! Empathique, patiente, compatissante et professionnelle &nbsp; Nous pouvons&hellip;<\/p>\n","protected":false},"author":1,"featured_media":0,"parent":0,"menu_order":0,"comment_status":"closed","ping_status":"closed","template":"","meta":{"_acf_changed":false,"inline_featured_image":false,"_glsr_average":0,"_glsr_ranking":0,"_glsr_reviews":0,"footnotes":""},"class_list":["post-1164","page","type-page","status-publish","hentry"],"acf":[],"yoast_head":"<title>Soins int\u00e9gr\u00e9s - Solutions soins \u00e0 domicile Montr\u00e9al<\/title>\n<meta name=\"description\" content=\"Nous pouvons offrir \u00e0 nos clients tous les niveaux de soins, pour mieux r\u00e9pondre \u00e0 leurs besoins. De l\u2019entretien de la maison aux soins complets.\" \/>\n<meta name=\"robots\" content=\"index, follow, max-snippet:-1, max-image-preview:large, max-video-preview:-1\" \/>\n<link rel=\"canonical\" href=\"https:\/\/homecaresolutionsmtl.com\/fr\/soins-integres\/\" \/>\n<meta property=\"og:locale\" content=\"fr_CA\" \/>\n<meta property=\"og:type\" content=\"article\" \/>\n<meta property=\"og:title\" content=\"Soins int\u00e9gr\u00e9s - Solutions soins \u00e0 domicile Montr\u00e9al\" \/>\n<meta property=\"og:description\" content=\"Nous pouvons offrir \u00e0 nos clients tous les niveaux de soins, pour mieux r\u00e9pondre \u00e0 leurs besoins. De l\u2019entretien de la maison aux soins complets.\" \/>\n<meta property=\"og:url\" content=\"https:\/\/homecaresolutionsmtl.com\/fr\/soins-integres\/\" \/>\n<meta property=\"og:site_name\" content=\"Solutions soins \u00e0 domicile Montr\u00e9al\" \/>\n<meta property=\"article:publisher\" content=\"https:\/\/www.facebook.com\/Solutionsmontreal\" \/>\n<meta property=\"article:modified_time\" content=\"2022-09-12T14:17:15+00:00\" \/>\n<meta name=\"twitter:card\" content=\"summary_large_image\" \/>\n<meta name=\"twitter:label1\" content=\"Estimation du temps de lecture\" \/>\n\t<meta name=\"twitter:data1\" content=\"2 minutes\" \/>\n<script type=\"application\/ld+json\" class=\"yoast-schema-graph\">{\"@context\":\"https:\\\/\\\/schema.org\",\"@graph\":[{\"@type\":\"WebPage\",\"@id\":\"https:\\\/\\\/homecaresolutionsmtl.com\\\/fr\\\/soins-integres\\\/\",\"url\":\"https:\\\/\\\/homecaresolutionsmtl.com\\\/fr\\\/soins-integres\\\/\",\"name\":\"Soins int\u00e9gr\u00e9s - Solutions soins \u00e0 domicile Montr\u00e9al\",\"isPartOf\":{\"@id\":\"https:\\\/\\\/homecaresolutionsmtl.com\\\/fr\\\/#website\"},\"datePublished\":\"2019-05-08T15:24:30+00:00\",\"dateModified\":\"2022-09-12T14:17:15+00:00\",\"description\":\"Nous pouvons offrir \u00e0 nos clients tous les niveaux de soins, pour mieux r\u00e9pondre \u00e0 leurs besoins. De l\u2019entretien de la maison aux soins complets.\",\"breadcrumb\":{\"@id\":\"https:\\\/\\\/homecaresolutionsmtl.com\\\/fr\\\/soins-integres\\\/#breadcrumb\"},\"inLanguage\":\"fr-CA\",\"potentialAction\":[{\"@type\":\"ReadAction\",\"target\":[\"https:\\\/\\\/homecaresolutionsmtl.com\\\/fr\\\/soins-integres\\\/\"]}]},{\"@type\":\"BreadcrumbList\",\"@id\":\"https:\\\/\\\/homecaresolutionsmtl.com\\\/fr\\\/soins-integres\\\/#breadcrumb\",\"itemListElement\":[{\"@type\":\"ListItem\",\"position\":1,\"name\":\"Home\",\"item\":\"https:\\\/\\\/homecaresolutionsmtl.com\\\/fr\\\/\"},{\"@type\":\"ListItem\",\"position\":2,\"name\":\"Soins int\u00e9gr\u00e9s\"}]},{\"@type\":\"WebSite\",\"@id\":\"https:\\\/\\\/homecaresolutionsmtl.com\\\/fr\\\/#website\",\"url\":\"https:\\\/\\\/homecaresolutionsmtl.com\\\/fr\\\/\",\"name\":\"Solutions soins \u00e0 domicile Montr\u00e9al\",\"description\":\"\",\"publisher\":{\"@id\":\"https:\\\/\\\/homecaresolutionsmtl.com\\\/fr\\\/#organization\"},\"potentialAction\":[{\"@type\":\"SearchAction\",\"target\":{\"@type\":\"EntryPoint\",\"urlTemplate\":\"https:\\\/\\\/homecaresolutionsmtl.com\\\/fr\\\/?s={search_term_string}\"},\"query-input\":{\"@type\":\"PropertyValueSpecification\",\"valueRequired\":true,\"valueName\":\"search_term_string\"}}],\"inLanguage\":\"fr-CA\"},{\"@type\":\"Organization\",\"@id\":\"https:\\\/\\\/homecaresolutionsmtl.com\\\/fr\\\/#organization\",\"name\":\"Homecare Solutions\",\"url\":\"https:\\\/\\\/homecaresolutionsmtl.com\\\/fr\\\/\",\"logo\":{\"@type\":\"ImageObject\",\"inLanguage\":\"fr-CA\",\"@id\":\"https:\\\/\\\/homecaresolutionsmtl.com\\\/fr\\\/#\\\/schema\\\/logo\\\/image\\\/\",\"url\":\"https:\\\/\\\/homecaresolutionsmtl.com\\\/wp-content\\\/uploads\\\/2019\\\/06\\\/Homecare-solutions-splash.png\",\"contentUrl\":\"https:\\\/\\\/homecaresolutionsmtl.com\\\/wp-content\\\/uploads\\\/2019\\\/06\\\/Homecare-solutions-splash.png\",\"width\":512,\"height\":361,\"caption\":\"Homecare Solutions\"},\"image\":{\"@id\":\"https:\\\/\\\/homecaresolutionsmtl.com\\\/fr\\\/#\\\/schema\\\/logo\\\/image\\\/\"},\"sameAs\":[\"https:\\\/\\\/www.facebook.com\\\/Solutionsmontreal\"]}]}<\/script>","yoast_head_json":{"title":"Soins int\u00e9gr\u00e9s - Solutions soins \u00e0 domicile Montr\u00e9al","description":"Nous pouvons offrir \u00e0 nos clients tous les niveaux de soins, pour mieux r\u00e9pondre \u00e0 leurs besoins. De l\u2019entretien de la maison aux soins complets.","robots":{"index":"index","follow":"follow","max-snippet":"max-snippet:-1","max-image-preview":"max-image-preview:large","max-video-preview":"max-video-preview:-1"},"canonical":"https:\/\/homecaresolutionsmtl.com\/fr\/soins-integres\/","og_locale":"fr_CA","og_type":"article","og_title":"Soins int\u00e9gr\u00e9s - Solutions soins \u00e0 domicile Montr\u00e9al","og_description":"Nous pouvons offrir \u00e0 nos clients tous les niveaux de soins, pour mieux r\u00e9pondre \u00e0 leurs besoins. De l\u2019entretien de la maison aux soins complets.","og_url":"https:\/\/homecaresolutionsmtl.com\/fr\/soins-integres\/","og_site_name":"Solutions soins \u00e0 domicile Montr\u00e9al","article_publisher":"https:\/\/www.facebook.com\/Solutionsmontreal","article_modified_time":"2022-09-12T14:17:15+00:00","twitter_card":"summary_large_image","twitter_misc":{"Estimation du temps de lecture":"2 minutes"},"schema":{"@context":"https:\/\/schema.org","@graph":[{"@type":"WebPage","@id":"https:\/\/homecaresolutionsmtl.com\/fr\/soins-integres\/","url":"https:\/\/homecaresolutionsmtl.com\/fr\/soins-integres\/","name":"Soins int\u00e9gr\u00e9s - Solutions soins \u00e0 domicile Montr\u00e9al","isPartOf":{"@id":"https:\/\/homecaresolutionsmtl.com\/fr\/#website"},"datePublished":"2019-05-08T15:24:30+00:00","dateModified":"2022-09-12T14:17:15+00:00","description":"Nous pouvons offrir \u00e0 nos clients tous les niveaux de soins, pour mieux r\u00e9pondre \u00e0 leurs besoins. De l\u2019entretien de la maison aux soins complets.","breadcrumb":{"@id":"https:\/\/homecaresolutionsmtl.com\/fr\/soins-integres\/#breadcrumb"},"inLanguage":"fr-CA","potentialAction":[{"@type":"ReadAction","target":["https:\/\/homecaresolutionsmtl.com\/fr\/soins-integres\/"]}]},{"@type":"BreadcrumbList","@id":"https:\/\/homecaresolutionsmtl.com\/fr\/soins-integres\/#breadcrumb","itemListElement":[{"@type":"ListItem","position":1,"name":"Home","item":"https:\/\/homecaresolutionsmtl.com\/fr\/"},{"@type":"ListItem","position":2,"name":"Soins int\u00e9gr\u00e9s"}]},{"@type":"WebSite","@id":"https:\/\/homecaresolutionsmtl.com\/fr\/#website","url":"https:\/\/homecaresolutionsmtl.com\/fr\/","name":"Solutions soins \u00e0 domicile Montr\u00e9al","description":"","publisher":{"@id":"https:\/\/homecaresolutionsmtl.com\/fr\/#organization"},"potentialAction":[{"@type":"SearchAction","target":{"@type":"EntryPoint","urlTemplate":"https:\/\/homecaresolutionsmtl.com\/fr\/?s={search_term_string}"},"query-input":{"@type":"PropertyValueSpecification","valueRequired":true,"valueName":"search_term_string"}}],"inLanguage":"fr-CA"},{"@type":"Organization","@id":"https:\/\/homecaresolutionsmtl.com\/fr\/#organization","name":"Homecare Solutions","url":"https:\/\/homecaresolutionsmtl.com\/fr\/","logo":{"@type":"ImageObject","inLanguage":"fr-CA","@id":"https:\/\/homecaresolutionsmtl.com\/fr\/#\/schema\/logo\/image\/","url":"https:\/\/homecaresolutionsmtl.com\/wp-content\/uploads\/2019\/06\/Homecare-solutions-splash.png","contentUrl":"https:\/\/homecaresolutionsmtl.com\/wp-content\/uploads\/2019\/06\/Homecare-solutions-splash.png","width":512,"height":361,"caption":"Homecare Solutions"},"image":{"@id":"https:\/\/homecaresolutionsmtl.com\/fr\/#\/schema\/logo\/image\/"},"sameAs":["https:\/\/www.facebook.com\/Solutionsmontreal"]}]}},"_links":{"self":[{"href":"https:\/\/homecaresolutionsmtl.com\/fr\/wp-json\/wp\/v2\/pages\/1164","targetHints":{"allow":["GET"]}}],"collection":[{"href":"https:\/\/homecaresolutionsmtl.com\/fr\/wp-json\/wp\/v2\/pages"}],"about":[{"href":"https:\/\/homecaresolutionsmtl.com\/fr\/wp-json\/wp\/v2\/types\/page"}],"author":[{"embeddable":true,"href":"https:\/\/homecaresolutionsmtl.com\/fr\/wp-json\/wp\/v2\/users\/1"}],"replies":[{"embeddable":true,"href":"https:\/\/homecaresolutionsmtl.com\/fr\/wp-json\/wp\/v2\/comments?post=1164"}],"version-history":[{"count":22,"href":"https:\/\/homecaresolutionsmtl.com\/fr\/wp-json\/wp\/v2\/pages\/1164\/revisions"}],"predecessor-version":[{"id":3233,"href":"https:\/\/homecaresolutionsmtl.com\/fr\/wp-json\/wp\/v2\/pages\/1164\/revisions\/3233"}],"wp:attachment":[{"href":"https:\/\/homecaresolutionsmtl.com\/fr\/wp-json\/wp\/v2\/media?parent=1164"}],"curies":[{"name":"wp","href":"https:\/\/api.w.org\/{rel}","templated":true}]}}