{"id":1293,"date":"2019-05-08T16:15:22","date_gmt":"2019-05-08T20:15:22","guid":{"rendered":"https:\/\/homecaresolutionsmtl.com\/?page_id=1293"},"modified":"2025-11-17T13:04:01","modified_gmt":"2025-11-17T18:04:01","slug":"notre-equipe","status":"publish","type":"page","link":"https:\/\/homecaresolutionsmtl.com\/fr\/notre-equipe\/","title":{"rendered":"Notre \u00e9quipe"},"content":{"rendered":"<div class=\"wpb-content-wrapper\"><p>[vc_row][vc_column][vc_single_image image=\u00a0\u00bb3225&Prime; img_size=\u00a0\u00bbfull\u00a0\u00bb alignment=\u00a0\u00bbcenter\u00a0\u00bb el_class=\u00a0\u00bbborder-image\u00a0\u00bb][vc_empty_space alter_height=\u00a0\u00bblarge\u00a0\u00bb hide_on_mobile=\u00a0\u00bb\u00a0\u00bb][vc_column_text]<\/p>\n<p style=\"text-align: center;\">Nous voulons exprimer notre gratitude \u00e0 tous les intervenants de Solutions soins \u00e0 domicile Montr\u00e9al pour leur professionnalisme, leur compassion, leur fiabilit\u00e9 et leur d\u00e9vouement. Ces commentaires sont un t\u00e9moignage du travail fabuleux qu\u2019ils accomplissent chaque jour aupr\u00e8s de notre client\u00e8le.<\/p>\n<p style=\"text-align: center;\">L\u2019\u00e9quipe de gestion au bureau s\u2019assure que la grille horaire est toujours compl\u00e8te et que le personnel de remplacement recevra une formation sur les lieux avant de commencer; elle offre une assistance continuelle aux pr\u00e9pos\u00e9s. L\u2019\u00e9quipe veille aussi sur les besoins en soins du client et tient la famille bien inform\u00e9e. C\u2019est fait d\u2019une mani\u00e8re professionnelle et attentive, dans le cadre d\u2019une disponibilit\u00e9 permanente, m\u00eame la nuit et les fins de semaine.<\/p>\n<p style=\"text-align: center;\">De tout cela, nous sommes tr\u00e8s reconnaissants.<\/p>\n<p>[\/vc_column_text][vc_empty_space alter_height=\u00a0\u00bblarge\u00a0\u00bb hide_on_mobile=\u00a0\u00bb\u00a0\u00bb][\/vc_column][\/vc_row][vc_row][vc_column][trx_sc_layouts layout=\u00a0\u00bb1453&Prime;][\/vc_column][\/vc_row]<\/p>\n<\/div>","protected":false},"excerpt":{"rendered":"<p>[vc_row][vc_column][vc_single_image image=\u00a0\u00bb3225&Prime; img_size=\u00a0\u00bbfull\u00a0\u00bb alignment=\u00a0\u00bbcenter\u00a0\u00bb el_class=\u00a0\u00bbborder-image\u00a0\u00bb][vc_empty_space alter_height=\u00a0\u00bblarge\u00a0\u00bb hide_on_mobile=\u00a0\u00bb\u00a0\u00bb][vc_column_text] Nous voulons exprimer notre gratitude \u00e0 tous les intervenants de Solutions soins \u00e0 domicile Montr\u00e9al pour leur professionnalisme, leur compassion, leur fiabilit\u00e9 et leur d\u00e9vouement. Ces commentaires sont un t\u00e9moignage du travail fabuleux qu\u2019ils accomplissent chaque jour aupr\u00e8s de notre client\u00e8le. L\u2019\u00e9quipe de gestion au bureau s\u2019assure que la grille horaire est toujours&hellip;<\/p>\n","protected":false},"author":1,"featured_media":3225,"parent":0,"menu_order":0,"comment_status":"closed","ping_status":"closed","template":"","meta":{"_acf_changed":false,"inline_featured_image":false,"_glsr_average":0,"_glsr_ranking":0,"_glsr_reviews":0,"footnotes":""},"class_list":["post-1293","page","type-page","status-publish","has-post-thumbnail","hentry"],"acf":[],"yoast_head":"<title>Notre \u00e9quipe - Solutions soins \u00e0 domicile Montr\u00e9al<\/title>\n<meta name=\"description\" content=\"L\u2019\u00e9quipe de gestion au bureau s\u2019assure que la grille horaire est toujours compl\u00e8te et que le personnel de remplacement recevra une formation sur les lieux avant de commencer; elle offre une assistance continuelle aux pr\u00e9pos\u00e9s.\" \/>\n<meta name=\"robots\" content=\"index, follow, max-snippet:-1, max-image-preview:large, max-video-preview:-1\" \/>\n<link rel=\"canonical\" href=\"https:\/\/homecaresolutionsmtl.com\/fr\/notre-equipe\/\" \/>\n<meta property=\"og:locale\" content=\"fr_CA\" \/>\n<meta property=\"og:type\" content=\"article\" \/>\n<meta property=\"og:title\" content=\"Notre \u00e9quipe - Solutions soins \u00e0 domicile Montr\u00e9al\" \/>\n<meta property=\"og:description\" content=\"L\u2019\u00e9quipe de gestion au bureau s\u2019assure que la grille horaire est toujours compl\u00e8te et que le personnel de remplacement recevra une formation sur les lieux avant de commencer; elle offre une assistance continuelle aux pr\u00e9pos\u00e9s.\" \/>\n<meta property=\"og:url\" content=\"https:\/\/homecaresolutionsmtl.com\/fr\/notre-equipe\/\" \/>\n<meta property=\"og:site_name\" content=\"Solutions soins \u00e0 domicile Montr\u00e9al\" \/>\n<meta property=\"article:publisher\" content=\"https:\/\/www.facebook.com\/Solutionsmontreal\" \/>\n<meta property=\"article:modified_time\" content=\"2025-11-17T18:04:01+00:00\" \/>\n<meta property=\"og:image\" content=\"https:\/\/homecaresolutionsmtl.com\/wp-content\/uploads\/2022\/09\/Group-Color-homecare-2022.jpg\" \/>\n\t<meta property=\"og:image:width\" content=\"1166\" \/>\n\t<meta property=\"og:image:height\" content=\"549\" \/>\n\t<meta property=\"og:image:type\" content=\"image\/jpeg\" \/>\n<meta name=\"twitter:card\" content=\"summary_large_image\" \/>\n<meta name=\"twitter:label1\" content=\"Estimation du temps de lecture\" \/>\n\t<meta name=\"twitter:data1\" content=\"1 minute\" \/>\n<script type=\"application\/ld+json\" class=\"yoast-schema-graph\">{\"@context\":\"https:\\\/\\\/schema.org\",\"@graph\":[{\"@type\":\"WebPage\",\"@id\":\"https:\\\/\\\/homecaresolutionsmtl.com\\\/fr\\\/notre-equipe\\\/\",\"url\":\"https:\\\/\\\/homecaresolutionsmtl.com\\\/fr\\\/notre-equipe\\\/\",\"name\":\"Notre \u00e9quipe - Solutions soins \u00e0 domicile Montr\u00e9al\",\"isPartOf\":{\"@id\":\"https:\\\/\\\/homecaresolutionsmtl.com\\\/fr\\\/#website\"},\"primaryImageOfPage\":{\"@id\":\"https:\\\/\\\/homecaresolutionsmtl.com\\\/fr\\\/notre-equipe\\\/#primaryimage\"},\"image\":{\"@id\":\"https:\\\/\\\/homecaresolutionsmtl.com\\\/fr\\\/notre-equipe\\\/#primaryimage\"},\"thumbnailUrl\":\"https:\\\/\\\/homecaresolutionsmtl.com\\\/wp-content\\\/uploads\\\/2022\\\/09\\\/Group-Color-homecare-2022.jpg\",\"datePublished\":\"2019-05-08T20:15:22+00:00\",\"dateModified\":\"2025-11-17T18:04:01+00:00\",\"description\":\"L\u2019\u00e9quipe de gestion au bureau s\u2019assure que la grille horaire est toujours compl\u00e8te et que le personnel de remplacement recevra une formation sur les lieux avant de commencer; elle offre une assistance continuelle aux pr\u00e9pos\u00e9s.\",\"breadcrumb\":{\"@id\":\"https:\\\/\\\/homecaresolutionsmtl.com\\\/fr\\\/notre-equipe\\\/#breadcrumb\"},\"inLanguage\":\"fr-CA\",\"potentialAction\":[{\"@type\":\"ReadAction\",\"target\":[\"https:\\\/\\\/homecaresolutionsmtl.com\\\/fr\\\/notre-equipe\\\/\"]}]},{\"@type\":\"ImageObject\",\"inLanguage\":\"fr-CA\",\"@id\":\"https:\\\/\\\/homecaresolutionsmtl.com\\\/fr\\\/notre-equipe\\\/#primaryimage\",\"url\":\"https:\\\/\\\/homecaresolutionsmtl.com\\\/wp-content\\\/uploads\\\/2022\\\/09\\\/Group-Color-homecare-2022.jpg\",\"contentUrl\":\"https:\\\/\\\/homecaresolutionsmtl.com\\\/wp-content\\\/uploads\\\/2022\\\/09\\\/Group-Color-homecare-2022.jpg\",\"width\":1166,\"height\":549,\"caption\":\"Wendy Lemus, Ian Moodie\"},{\"@type\":\"BreadcrumbList\",\"@id\":\"https:\\\/\\\/homecaresolutionsmtl.com\\\/fr\\\/notre-equipe\\\/#breadcrumb\",\"itemListElement\":[{\"@type\":\"ListItem\",\"position\":1,\"name\":\"Home\",\"item\":\"https:\\\/\\\/homecaresolutionsmtl.com\\\/fr\\\/\"},{\"@type\":\"ListItem\",\"position\":2,\"name\":\"Notre \u00e9quipe\"}]},{\"@type\":\"WebSite\",\"@id\":\"https:\\\/\\\/homecaresolutionsmtl.com\\\/fr\\\/#website\",\"url\":\"https:\\\/\\\/homecaresolutionsmtl.com\\\/fr\\\/\",\"name\":\"Solutions soins \u00e0 domicile Montr\u00e9al\",\"description\":\"\",\"publisher\":{\"@id\":\"https:\\\/\\\/homecaresolutionsmtl.com\\\/fr\\\/#organization\"},\"potentialAction\":[{\"@type\":\"SearchAction\",\"target\":{\"@type\":\"EntryPoint\",\"urlTemplate\":\"https:\\\/\\\/homecaresolutionsmtl.com\\\/fr\\\/?s={search_term_string}\"},\"query-input\":{\"@type\":\"PropertyValueSpecification\",\"valueRequired\":true,\"valueName\":\"search_term_string\"}}],\"inLanguage\":\"fr-CA\"},{\"@type\":\"Organization\",\"@id\":\"https:\\\/\\\/homecaresolutionsmtl.com\\\/fr\\\/#organization\",\"name\":\"Homecare Solutions\",\"url\":\"https:\\\/\\\/homecaresolutionsmtl.com\\\/fr\\\/\",\"logo\":{\"@type\":\"ImageObject\",\"inLanguage\":\"fr-CA\",\"@id\":\"https:\\\/\\\/homecaresolutionsmtl.com\\\/fr\\\/#\\\/schema\\\/logo\\\/image\\\/\",\"url\":\"https:\\\/\\\/homecaresolutionsmtl.com\\\/wp-content\\\/uploads\\\/2019\\\/06\\\/Homecare-solutions-splash.png\",\"contentUrl\":\"https:\\\/\\\/homecaresolutionsmtl.com\\\/wp-content\\\/uploads\\\/2019\\\/06\\\/Homecare-solutions-splash.png\",\"width\":512,\"height\":361,\"caption\":\"Homecare Solutions\"},\"image\":{\"@id\":\"https:\\\/\\\/homecaresolutionsmtl.com\\\/fr\\\/#\\\/schema\\\/logo\\\/image\\\/\"},\"sameAs\":[\"https:\\\/\\\/www.facebook.com\\\/Solutionsmontreal\"]}]}<\/script>","yoast_head_json":{"title":"Notre \u00e9quipe - Solutions soins \u00e0 domicile Montr\u00e9al","description":"L\u2019\u00e9quipe de gestion au bureau s\u2019assure que la grille horaire est toujours compl\u00e8te et que le personnel de remplacement recevra une formation sur les lieux avant de commencer; elle offre une assistance continuelle aux pr\u00e9pos\u00e9s.","robots":{"index":"index","follow":"follow","max-snippet":"max-snippet:-1","max-image-preview":"max-image-preview:large","max-video-preview":"max-video-preview:-1"},"canonical":"https:\/\/homecaresolutionsmtl.com\/fr\/notre-equipe\/","og_locale":"fr_CA","og_type":"article","og_title":"Notre \u00e9quipe - Solutions soins \u00e0 domicile Montr\u00e9al","og_description":"L\u2019\u00e9quipe de gestion au bureau s\u2019assure que la grille horaire est toujours compl\u00e8te et que le personnel de remplacement recevra une formation sur les lieux avant de commencer; elle offre une assistance continuelle aux pr\u00e9pos\u00e9s.","og_url":"https:\/\/homecaresolutionsmtl.com\/fr\/notre-equipe\/","og_site_name":"Solutions soins \u00e0 domicile Montr\u00e9al","article_publisher":"https:\/\/www.facebook.com\/Solutionsmontreal","article_modified_time":"2025-11-17T18:04:01+00:00","og_image":[{"width":1166,"height":549,"url":"https:\/\/homecaresolutionsmtl.com\/wp-content\/uploads\/2022\/09\/Group-Color-homecare-2022.jpg","type":"image\/jpeg"}],"twitter_card":"summary_large_image","twitter_misc":{"Estimation du temps de lecture":"1 minute"},"schema":{"@context":"https:\/\/schema.org","@graph":[{"@type":"WebPage","@id":"https:\/\/homecaresolutionsmtl.com\/fr\/notre-equipe\/","url":"https:\/\/homecaresolutionsmtl.com\/fr\/notre-equipe\/","name":"Notre \u00e9quipe - Solutions soins \u00e0 domicile Montr\u00e9al","isPartOf":{"@id":"https:\/\/homecaresolutionsmtl.com\/fr\/#website"},"primaryImageOfPage":{"@id":"https:\/\/homecaresolutionsmtl.com\/fr\/notre-equipe\/#primaryimage"},"image":{"@id":"https:\/\/homecaresolutionsmtl.com\/fr\/notre-equipe\/#primaryimage"},"thumbnailUrl":"https:\/\/homecaresolutionsmtl.com\/wp-content\/uploads\/2022\/09\/Group-Color-homecare-2022.jpg","datePublished":"2019-05-08T20:15:22+00:00","dateModified":"2025-11-17T18:04:01+00:00","description":"L\u2019\u00e9quipe de gestion au bureau s\u2019assure que la grille horaire est toujours compl\u00e8te et que le personnel de remplacement recevra une formation sur les lieux avant de commencer; elle offre une assistance continuelle aux pr\u00e9pos\u00e9s.","breadcrumb":{"@id":"https:\/\/homecaresolutionsmtl.com\/fr\/notre-equipe\/#breadcrumb"},"inLanguage":"fr-CA","potentialAction":[{"@type":"ReadAction","target":["https:\/\/homecaresolutionsmtl.com\/fr\/notre-equipe\/"]}]},{"@type":"ImageObject","inLanguage":"fr-CA","@id":"https:\/\/homecaresolutionsmtl.com\/fr\/notre-equipe\/#primaryimage","url":"https:\/\/homecaresolutionsmtl.com\/wp-content\/uploads\/2022\/09\/Group-Color-homecare-2022.jpg","contentUrl":"https:\/\/homecaresolutionsmtl.com\/wp-content\/uploads\/2022\/09\/Group-Color-homecare-2022.jpg","width":1166,"height":549,"caption":"Wendy Lemus, Ian Moodie"},{"@type":"BreadcrumbList","@id":"https:\/\/homecaresolutionsmtl.com\/fr\/notre-equipe\/#breadcrumb","itemListElement":[{"@type":"ListItem","position":1,"name":"Home","item":"https:\/\/homecaresolutionsmtl.com\/fr\/"},{"@type":"ListItem","position":2,"name":"Notre \u00e9quipe"}]},{"@type":"WebSite","@id":"https:\/\/homecaresolutionsmtl.com\/fr\/#website","url":"https:\/\/homecaresolutionsmtl.com\/fr\/","name":"Solutions soins \u00e0 domicile Montr\u00e9al","description":"","publisher":{"@id":"https:\/\/homecaresolutionsmtl.com\/fr\/#organization"},"potentialAction":[{"@type":"SearchAction","target":{"@type":"EntryPoint","urlTemplate":"https:\/\/homecaresolutionsmtl.com\/fr\/?s={search_term_string}"},"query-input":{"@type":"PropertyValueSpecification","valueRequired":true,"valueName":"search_term_string"}}],"inLanguage":"fr-CA"},{"@type":"Organization","@id":"https:\/\/homecaresolutionsmtl.com\/fr\/#organization","name":"Homecare Solutions","url":"https:\/\/homecaresolutionsmtl.com\/fr\/","logo":{"@type":"ImageObject","inLanguage":"fr-CA","@id":"https:\/\/homecaresolutionsmtl.com\/fr\/#\/schema\/logo\/image\/","url":"https:\/\/homecaresolutionsmtl.com\/wp-content\/uploads\/2019\/06\/Homecare-solutions-splash.png","contentUrl":"https:\/\/homecaresolutionsmtl.com\/wp-content\/uploads\/2019\/06\/Homecare-solutions-splash.png","width":512,"height":361,"caption":"Homecare Solutions"},"image":{"@id":"https:\/\/homecaresolutionsmtl.com\/fr\/#\/schema\/logo\/image\/"},"sameAs":["https:\/\/www.facebook.com\/Solutionsmontreal"]}]}},"_links":{"self":[{"href":"https:\/\/homecaresolutionsmtl.com\/fr\/wp-json\/wp\/v2\/pages\/1293","targetHints":{"allow":["GET"]}}],"collection":[{"href":"https:\/\/homecaresolutionsmtl.com\/fr\/wp-json\/wp\/v2\/pages"}],"about":[{"href":"https:\/\/homecaresolutionsmtl.com\/fr\/wp-json\/wp\/v2\/types\/page"}],"author":[{"embeddable":true,"href":"https:\/\/homecaresolutionsmtl.com\/fr\/wp-json\/wp\/v2\/users\/1"}],"replies":[{"embeddable":true,"href":"https:\/\/homecaresolutionsmtl.com\/fr\/wp-json\/wp\/v2\/comments?post=1293"}],"version-history":[{"count":15,"href":"https:\/\/homecaresolutionsmtl.com\/fr\/wp-json\/wp\/v2\/pages\/1293\/revisions"}],"predecessor-version":[{"id":3231,"href":"https:\/\/homecaresolutionsmtl.com\/fr\/wp-json\/wp\/v2\/pages\/1293\/revisions\/3231"}],"wp:featuredmedia":[{"embeddable":true,"href":"https:\/\/homecaresolutionsmtl.com\/fr\/wp-json\/wp\/v2\/media\/3225"}],"wp:attachment":[{"href":"https:\/\/homecaresolutionsmtl.com\/fr\/wp-json\/wp\/v2\/media?parent=1293"}],"curies":[{"name":"wp","href":"https:\/\/api.w.org\/{rel}","templated":true}]}}