{"id":2521,"date":"2019-08-06T14:06:08","date_gmt":"2019-08-06T18:06:08","guid":{"rendered":"https:\/\/homecaresolutionsmtl.com\/credit-dimpot-pour-maintien-a-domicile-des-aines\/"},"modified":"2025-11-17T10:30:09","modified_gmt":"2025-11-17T15:30:09","slug":"credit-dimpot-pour-maintien-a-domicile-des-aines","status":"publish","type":"page","link":"https:\/\/homecaresolutionsmtl.com\/fr\/credit-dimpot-pour-maintien-a-domicile-des-aines\/","title":{"rendered":"Cr\u00e9dit d&rsquo;imp\u00f4t pour maintien \u00e0 domicile des a\u00een\u00e9s"},"content":{"rendered":"<p>Profitez du cr\u00e9dit d\u2019imp\u00f4t du Qu\u00e9bec qui remboursera 35% de vos frais de services de soutien \u00e0 domicile pour les clients de plus de 70 ans.<\/p>\n<p>Appelez-nous directement au <a href=\"tel:514-933-4141\">514-933-4141<\/a> pour plus d&rsquo;informations.<\/p>\n<h2>En savoir plus<\/h2>\n<p><a href=\"https:\/\/www.revenuquebec.ca\/fr\/citoyens\/declaration-de-revenus\/produire-votre-declaration-de-revenus\/comment-remplir-votre-declaration\/aide-par-ligne\/451-a-480-remboursement-ou-solde-a-payer\/ligne-458\/\" target=\"_blank\" rel=\"noopener noreferrer\">www.revenuquebec.ca<\/a><\/p>\n<p><a href=\"https:\/\/www.cbi.ca\/documents\/13643\/0\/5-Cre%CC%81dit-d%27impo%CC%82t.pdf\/b517d203-1c31-a41d-ee6e-7623c9fc840b\" target=\"_blank\" rel=\"noopener noreferrer\">T\u00e9l\u00e9charger la brochure<\/a><\/p>\n","protected":false},"excerpt":{"rendered":"<p>Profitez du cr\u00e9dit d\u2019imp\u00f4t du Qu\u00e9bec qui remboursera 35% de vos frais de services de soutien \u00e0 domicile pour les clients de plus de 70 ans. Appelez-nous directement au 514-933-4141 pour plus d&rsquo;informations. En savoir plus www.revenuquebec.ca T\u00e9l\u00e9charger la brochure<\/p>\n","protected":false},"author":1,"featured_media":0,"parent":0,"menu_order":0,"comment_status":"closed","ping_status":"closed","template":"","meta":{"_acf_changed":false,"inline_featured_image":false,"_glsr_average":0,"_glsr_ranking":0,"_glsr_reviews":0,"footnotes":""},"class_list":["post-2521","page","type-page","status-publish","hentry"],"acf":[],"yoast_head":"<title>Cr\u00e9dit d&#039;imp\u00f4t pour maintien \u00e0 domicile des a\u00een\u00e9s - Solutions soins \u00e0 domicile Montr\u00e9al<\/title>\n<meta name=\"description\" content=\"Profitez du cr\u00e9dit d\u2019imp\u00f4t du Qu\u00e9bec qui remboursera 35% de vos frais de services de soutien \u00e0 domicile pour les clients de plus de 70 ans.\" \/>\n<meta name=\"robots\" content=\"index, follow, max-snippet:-1, max-image-preview:large, max-video-preview:-1\" \/>\n<link rel=\"canonical\" href=\"https:\/\/homecaresolutionsmtl.com\/fr\/credit-dimpot-pour-maintien-a-domicile-des-aines\/\" \/>\n<meta property=\"og:locale\" content=\"fr_CA\" \/>\n<meta property=\"og:type\" content=\"article\" \/>\n<meta property=\"og:title\" content=\"Cr\u00e9dit d&#039;imp\u00f4t pour maintien \u00e0 domicile des a\u00een\u00e9s - Solutions soins \u00e0 domicile Montr\u00e9al\" \/>\n<meta property=\"og:description\" content=\"Profitez du cr\u00e9dit d\u2019imp\u00f4t du Qu\u00e9bec qui remboursera 35% de vos frais de services de soutien \u00e0 domicile pour les clients de plus de 70 ans.\" \/>\n<meta property=\"og:url\" content=\"https:\/\/homecaresolutionsmtl.com\/fr\/credit-dimpot-pour-maintien-a-domicile-des-aines\/\" \/>\n<meta property=\"og:site_name\" content=\"Solutions soins \u00e0 domicile Montr\u00e9al\" \/>\n<meta property=\"article:publisher\" content=\"https:\/\/www.facebook.com\/Solutionsmontreal\" \/>\n<meta property=\"article:modified_time\" content=\"2025-11-17T15:30:09+00:00\" \/>\n<meta name=\"twitter:card\" content=\"summary_large_image\" \/>\n<meta name=\"twitter:label1\" content=\"Estimation du temps de lecture\" \/>\n\t<meta name=\"twitter:data1\" content=\"1 minute\" \/>\n<script type=\"application\/ld+json\" class=\"yoast-schema-graph\">{\"@context\":\"https:\\\/\\\/schema.org\",\"@graph\":[{\"@type\":\"WebPage\",\"@id\":\"https:\\\/\\\/homecaresolutionsmtl.com\\\/fr\\\/credit-dimpot-pour-maintien-a-domicile-des-aines\\\/\",\"url\":\"https:\\\/\\\/homecaresolutionsmtl.com\\\/fr\\\/credit-dimpot-pour-maintien-a-domicile-des-aines\\\/\",\"name\":\"Cr\u00e9dit d'imp\u00f4t pour maintien \u00e0 domicile des a\u00een\u00e9s - Solutions soins \u00e0 domicile Montr\u00e9al\",\"isPartOf\":{\"@id\":\"https:\\\/\\\/homecaresolutionsmtl.com\\\/fr\\\/#website\"},\"datePublished\":\"2019-08-06T18:06:08+00:00\",\"dateModified\":\"2025-11-17T15:30:09+00:00\",\"description\":\"Profitez du cr\u00e9dit d\u2019imp\u00f4t du Qu\u00e9bec qui remboursera 35% de vos frais de services de soutien \u00e0 domicile pour les clients de plus de 70 ans.\",\"breadcrumb\":{\"@id\":\"https:\\\/\\\/homecaresolutionsmtl.com\\\/fr\\\/credit-dimpot-pour-maintien-a-domicile-des-aines\\\/#breadcrumb\"},\"inLanguage\":\"fr-CA\",\"potentialAction\":[{\"@type\":\"ReadAction\",\"target\":[\"https:\\\/\\\/homecaresolutionsmtl.com\\\/fr\\\/credit-dimpot-pour-maintien-a-domicile-des-aines\\\/\"]}]},{\"@type\":\"BreadcrumbList\",\"@id\":\"https:\\\/\\\/homecaresolutionsmtl.com\\\/fr\\\/credit-dimpot-pour-maintien-a-domicile-des-aines\\\/#breadcrumb\",\"itemListElement\":[{\"@type\":\"ListItem\",\"position\":1,\"name\":\"Home\",\"item\":\"https:\\\/\\\/homecaresolutionsmtl.com\\\/fr\\\/\"},{\"@type\":\"ListItem\",\"position\":2,\"name\":\"Cr\u00e9dit d&#8217;imp\u00f4t pour maintien \u00e0 domicile des a\u00een\u00e9s\"}]},{\"@type\":\"WebSite\",\"@id\":\"https:\\\/\\\/homecaresolutionsmtl.com\\\/fr\\\/#website\",\"url\":\"https:\\\/\\\/homecaresolutionsmtl.com\\\/fr\\\/\",\"name\":\"Solutions soins \u00e0 domicile Montr\u00e9al\",\"description\":\"\",\"publisher\":{\"@id\":\"https:\\\/\\\/homecaresolutionsmtl.com\\\/fr\\\/#organization\"},\"potentialAction\":[{\"@type\":\"SearchAction\",\"target\":{\"@type\":\"EntryPoint\",\"urlTemplate\":\"https:\\\/\\\/homecaresolutionsmtl.com\\\/fr\\\/?s={search_term_string}\"},\"query-input\":{\"@type\":\"PropertyValueSpecification\",\"valueRequired\":true,\"valueName\":\"search_term_string\"}}],\"inLanguage\":\"fr-CA\"},{\"@type\":\"Organization\",\"@id\":\"https:\\\/\\\/homecaresolutionsmtl.com\\\/fr\\\/#organization\",\"name\":\"Homecare Solutions\",\"url\":\"https:\\\/\\\/homecaresolutionsmtl.com\\\/fr\\\/\",\"logo\":{\"@type\":\"ImageObject\",\"inLanguage\":\"fr-CA\",\"@id\":\"https:\\\/\\\/homecaresolutionsmtl.com\\\/fr\\\/#\\\/schema\\\/logo\\\/image\\\/\",\"url\":\"https:\\\/\\\/homecaresolutionsmtl.com\\\/wp-content\\\/uploads\\\/2019\\\/06\\\/Homecare-solutions-splash.png\",\"contentUrl\":\"https:\\\/\\\/homecaresolutionsmtl.com\\\/wp-content\\\/uploads\\\/2019\\\/06\\\/Homecare-solutions-splash.png\",\"width\":512,\"height\":361,\"caption\":\"Homecare Solutions\"},\"image\":{\"@id\":\"https:\\\/\\\/homecaresolutionsmtl.com\\\/fr\\\/#\\\/schema\\\/logo\\\/image\\\/\"},\"sameAs\":[\"https:\\\/\\\/www.facebook.com\\\/Solutionsmontreal\"]}]}<\/script>","yoast_head_json":{"title":"Cr\u00e9dit d'imp\u00f4t pour maintien \u00e0 domicile des a\u00een\u00e9s - Solutions soins \u00e0 domicile Montr\u00e9al","description":"Profitez du cr\u00e9dit d\u2019imp\u00f4t du Qu\u00e9bec qui remboursera 35% de vos frais de services de soutien \u00e0 domicile pour les clients de plus de 70 ans.","robots":{"index":"index","follow":"follow","max-snippet":"max-snippet:-1","max-image-preview":"max-image-preview:large","max-video-preview":"max-video-preview:-1"},"canonical":"https:\/\/homecaresolutionsmtl.com\/fr\/credit-dimpot-pour-maintien-a-domicile-des-aines\/","og_locale":"fr_CA","og_type":"article","og_title":"Cr\u00e9dit d'imp\u00f4t pour maintien \u00e0 domicile des a\u00een\u00e9s - Solutions soins \u00e0 domicile Montr\u00e9al","og_description":"Profitez du cr\u00e9dit d\u2019imp\u00f4t du Qu\u00e9bec qui remboursera 35% de vos frais de services de soutien \u00e0 domicile pour les clients de plus de 70 ans.","og_url":"https:\/\/homecaresolutionsmtl.com\/fr\/credit-dimpot-pour-maintien-a-domicile-des-aines\/","og_site_name":"Solutions soins \u00e0 domicile Montr\u00e9al","article_publisher":"https:\/\/www.facebook.com\/Solutionsmontreal","article_modified_time":"2025-11-17T15:30:09+00:00","twitter_card":"summary_large_image","twitter_misc":{"Estimation du temps de lecture":"1 minute"},"schema":{"@context":"https:\/\/schema.org","@graph":[{"@type":"WebPage","@id":"https:\/\/homecaresolutionsmtl.com\/fr\/credit-dimpot-pour-maintien-a-domicile-des-aines\/","url":"https:\/\/homecaresolutionsmtl.com\/fr\/credit-dimpot-pour-maintien-a-domicile-des-aines\/","name":"Cr\u00e9dit d'imp\u00f4t pour maintien \u00e0 domicile des a\u00een\u00e9s - Solutions soins \u00e0 domicile Montr\u00e9al","isPartOf":{"@id":"https:\/\/homecaresolutionsmtl.com\/fr\/#website"},"datePublished":"2019-08-06T18:06:08+00:00","dateModified":"2025-11-17T15:30:09+00:00","description":"Profitez du cr\u00e9dit d\u2019imp\u00f4t du Qu\u00e9bec qui remboursera 35% de vos frais de services de soutien \u00e0 domicile pour les clients de plus de 70 ans.","breadcrumb":{"@id":"https:\/\/homecaresolutionsmtl.com\/fr\/credit-dimpot-pour-maintien-a-domicile-des-aines\/#breadcrumb"},"inLanguage":"fr-CA","potentialAction":[{"@type":"ReadAction","target":["https:\/\/homecaresolutionsmtl.com\/fr\/credit-dimpot-pour-maintien-a-domicile-des-aines\/"]}]},{"@type":"BreadcrumbList","@id":"https:\/\/homecaresolutionsmtl.com\/fr\/credit-dimpot-pour-maintien-a-domicile-des-aines\/#breadcrumb","itemListElement":[{"@type":"ListItem","position":1,"name":"Home","item":"https:\/\/homecaresolutionsmtl.com\/fr\/"},{"@type":"ListItem","position":2,"name":"Cr\u00e9dit d&#8217;imp\u00f4t pour maintien \u00e0 domicile des a\u00een\u00e9s"}]},{"@type":"WebSite","@id":"https:\/\/homecaresolutionsmtl.com\/fr\/#website","url":"https:\/\/homecaresolutionsmtl.com\/fr\/","name":"Solutions soins \u00e0 domicile Montr\u00e9al","description":"","publisher":{"@id":"https:\/\/homecaresolutionsmtl.com\/fr\/#organization"},"potentialAction":[{"@type":"SearchAction","target":{"@type":"EntryPoint","urlTemplate":"https:\/\/homecaresolutionsmtl.com\/fr\/?s={search_term_string}"},"query-input":{"@type":"PropertyValueSpecification","valueRequired":true,"valueName":"search_term_string"}}],"inLanguage":"fr-CA"},{"@type":"Organization","@id":"https:\/\/homecaresolutionsmtl.com\/fr\/#organization","name":"Homecare Solutions","url":"https:\/\/homecaresolutionsmtl.com\/fr\/","logo":{"@type":"ImageObject","inLanguage":"fr-CA","@id":"https:\/\/homecaresolutionsmtl.com\/fr\/#\/schema\/logo\/image\/","url":"https:\/\/homecaresolutionsmtl.com\/wp-content\/uploads\/2019\/06\/Homecare-solutions-splash.png","contentUrl":"https:\/\/homecaresolutionsmtl.com\/wp-content\/uploads\/2019\/06\/Homecare-solutions-splash.png","width":512,"height":361,"caption":"Homecare Solutions"},"image":{"@id":"https:\/\/homecaresolutionsmtl.com\/fr\/#\/schema\/logo\/image\/"},"sameAs":["https:\/\/www.facebook.com\/Solutionsmontreal"]}]}},"_links":{"self":[{"href":"https:\/\/homecaresolutionsmtl.com\/fr\/wp-json\/wp\/v2\/pages\/2521","targetHints":{"allow":["GET"]}}],"collection":[{"href":"https:\/\/homecaresolutionsmtl.com\/fr\/wp-json\/wp\/v2\/pages"}],"about":[{"href":"https:\/\/homecaresolutionsmtl.com\/fr\/wp-json\/wp\/v2\/types\/page"}],"author":[{"embeddable":true,"href":"https:\/\/homecaresolutionsmtl.com\/fr\/wp-json\/wp\/v2\/users\/1"}],"replies":[{"embeddable":true,"href":"https:\/\/homecaresolutionsmtl.com\/fr\/wp-json\/wp\/v2\/comments?post=2521"}],"version-history":[{"count":3,"href":"https:\/\/homecaresolutionsmtl.com\/fr\/wp-json\/wp\/v2\/pages\/2521\/revisions"}],"predecessor-version":[{"id":3019,"href":"https:\/\/homecaresolutionsmtl.com\/fr\/wp-json\/wp\/v2\/pages\/2521\/revisions\/3019"}],"wp:attachment":[{"href":"https:\/\/homecaresolutionsmtl.com\/fr\/wp-json\/wp\/v2\/media?parent=2521"}],"curies":[{"name":"wp","href":"https:\/\/api.w.org\/{rel}","templated":true}]}}