{"id":2724,"date":"2019-08-27T09:34:00","date_gmt":"2019-08-27T13:34:00","guid":{"rendered":"https:\/\/homecaresolutionsmtl.com\/sitemap\/"},"modified":"2025-11-17T11:20:40","modified_gmt":"2025-11-17T16:20:40","slug":"sitemap","status":"publish","type":"page","link":"https:\/\/homecaresolutionsmtl.com\/fr\/sitemap\/","title":{"rendered":"Plan du site"},"content":{"rendered":"      <h2>Pages<\/h2>\n      <ul>\n        <li class=\"page_item page-item-1048\"><a href=\"https:\/\/homecaresolutionsmtl.com\/fr\/\">Soins \u00e0 domicile Solutions<\/a><\/li>\n<li class=\"page_item page-item-1199 current_page_parent\"><a href=\"https:\/\/homecaresolutionsmtl.com\/fr\/blog\/\">Blogue<\/a><\/li>\n<li class=\"page_item page-item-2489\"><a href=\"https:\/\/homecaresolutionsmtl.com\/fr\/carrieres\/\">Carri\u00e8res<\/a><\/li>\n<li class=\"page_item page-item-2141\"><a href=\"https:\/\/homecaresolutionsmtl.com\/fr\/compagnons-de-voyage\/\">Compagnons de voyage<\/a><\/li>\n<li class=\"page_item page-item-1086\"><a href=\"https:\/\/homecaresolutionsmtl.com\/fr\/contactez\/\">Contactez Nous<\/a><\/li>\n<li class=\"page_item page-item-2521\"><a href=\"https:\/\/homecaresolutionsmtl.com\/fr\/credit-dimpot-pour-maintien-a-domicile-des-aines\/\">Cr\u00e9dit d&rsquo;imp\u00f4t pour maintien \u00e0 domicile des a\u00een\u00e9s<\/a><\/li>\n<li class=\"page_item page-item-2287\"><a href=\"https:\/\/homecaresolutionsmtl.com\/fr\/dites-nous-comment-nous-avons-fait\/\">Dites-nous comment nous avons fait&#8230;<\/a><\/li>\n<li class=\"page_item page-item-806\"><a href=\"https:\/\/homecaresolutionsmtl.com\/fr\/laidant-familial-a-distance\/\">L\u2019aidant familial \u00e0 distance<\/a><\/li>\n<li class=\"page_item page-item-804\"><a href=\"https:\/\/homecaresolutionsmtl.com\/fr\/la-gestion-des-maladies-chroniques\/\">La gestion des maladies chroniques<\/a><\/li>\n<li class=\"page_item page-item-812\"><a href=\"https:\/\/homecaresolutionsmtl.com\/fr\/les-soins-en-milieu-hospitalier\/\">Les Soins en milieu hospitalier<\/a><\/li>\n<li class=\"page_item page-item-1293\"><a href=\"https:\/\/homecaresolutionsmtl.com\/fr\/notre-equipe\/\">Notre \u00e9quipe<\/a><\/li>\n<li class=\"page_item page-item-2197\"><a href=\"https:\/\/homecaresolutionsmtl.com\/fr\/pourquoi-solutions-soins-a-domicile\/\">Pourquoi solutions soins \u00e0 domicile?<\/a><\/li>\n<li class=\"page_item page-item-1164\"><a href=\"https:\/\/homecaresolutionsmtl.com\/fr\/soins-integres\/\">Soins int\u00e9gr\u00e9s<\/a><\/li>\n<li class=\"page_item page-item-802\"><a href=\"https:\/\/homecaresolutionsmtl.com\/fr\/soins-palliatifs\/\">Soins palliatifs<\/a><\/li>\n<li class=\"page_item page-item-825\"><a href=\"https:\/\/homecaresolutionsmtl.com\/fr\/soins-pour-la-maladie-dalzheimer\/\">Soins pour la maladie d\u2019Alzheimer<\/a><\/li>\n<li class=\"page_item page-item-2282\"><a href=\"https:\/\/homecaresolutionsmtl.com\/fr\/temoignages\/\">T\u00e9moignages<\/a><\/li>\n      <\/ul>\n          <h2>Articles<\/h2>\n      <ul>\n        <li><a href=\"https:\/\/homecaresolutionsmtl.com\/fr\/2025\/11\/17\/soins-de-sante-a-distance\/\">Soins de sant\u00e9 \u00e0 distance<\/a><\/li><li><a href=\"https:\/\/homecaresolutionsmtl.com\/fr\/2025\/11\/17\/vivre-avec-la-maladie-dalzheimer\/\">Vivre avec la maladie d&rsquo;Alzheimer<\/a><\/li><li><a href=\"https:\/\/homecaresolutionsmtl.com\/fr\/2025\/11\/10\/vivre-independant-et-en-toute-securite-dans-votre-maison\/\">Vivre ind\u00e9pendant et en toute s\u00e9curit\u00e9 dans votre maison<\/a><\/li><li><a href=\"https:\/\/homecaresolutionsmtl.com\/fr\/2020\/02\/19\/felicitations-aux-soignantes-et-soignants-de-solutions-soins-a-domicile\/\">F\u00e9licitations aux soignantes et soignants de Solutions soins \u00e0 domicile<\/a><\/li><li><a href=\"https:\/\/homecaresolutionsmtl.com\/fr\/2019\/08\/08\/how-women-are-doubly-affected-by-alzheimers-disease\/\">Les femmes sont doublement concern\u00e9es par la maladie d\u2019Alzheimer<\/a><\/li><li><a href=\"https:\/\/homecaresolutionsmtl.com\/fr\/2019\/05\/07\/sattaquer-aux-questions-difficiles\/\">S&rsquo;attaquer aux questions difficiles<\/a><\/li>      <\/ul>\n          <h2>Services<\/h2>\n      <ul>\n        <li><a href=\"https:\/\/homecaresolutionsmtl.com\/fr\/services\/visites-accompagnees\/\">Visites accompagn\u00e9es<\/a><\/li><li><a href=\"https:\/\/homecaresolutionsmtl.com\/fr\/services\/soins-infirmiers\/\">Soins infirmiers<\/a><\/li><li><a href=\"https:\/\/homecaresolutionsmtl.com\/fr\/services\/aide-vivant-a-domicile\/\">Aide vivant \u00e0 domicile<\/a><\/li><li><a href=\"https:\/\/homecaresolutionsmtl.com\/fr\/services\/repit-releve-pour-les-aidants\/\">R\u00e9pit\/Rel\u00e8ve pour les aidants<\/a><\/li><li><a href=\"https:\/\/homecaresolutionsmtl.com\/fr\/services\/services-de-compagnie\/\">Services de compagnie<\/a><\/li><li><a href=\"https:\/\/homecaresolutionsmtl.com\/fr\/services\/soutien-personnel-soins-auxiliaires\/\">Soutien personnel \/ Soins auxiliaires<\/a><\/li>      <\/ul>\n          <h2>Cat\u00e9gories<\/h2>\n      <ul>\n        <li><a href=\"https:\/\/homecaresolutionsmtl.com\/fr\/category\/alzheimers-dementia\/\">Maladie d'Alzheimer et d\u00e9mence<\/a><\/li><li><a href=\"https:\/\/homecaresolutionsmtl.com\/fr\/category\/soins-a-domicile\/\">Soins \u00e0 domicile<\/a><\/li><li><a href=\"https:\/\/homecaresolutionsmtl.com\/fr\/category\/palliative-care\/\">Soins palliatifs<\/a><\/li>      <\/ul>\n    \n","protected":false},"excerpt":{"rendered":"Pages Soins \u00e0 domicile Solutions Blogue Carri\u00e8res Compagnons de voyage Contactez Nous Cr\u00e9dit d&rsquo;imp\u00f4t pour maintien \u00e0 domicile des a\u00een\u00e9s Dites-nous comment nous avons fait&#8230; L\u2019aidant familial \u00e0 distance La gestion des maladies chroniques Les Soins en milieu hospitalier Notre \u00e9quipe Pourquoi solutions soins \u00e0 domicile? Soins int\u00e9gr\u00e9s Soins palliatifs Soins pour la maladie d\u2019Alzheimer T\u00e9moignages Articles Soins de sant\u00e9&hellip;","protected":false},"author":1,"featured_media":0,"parent":0,"menu_order":0,"comment_status":"closed","ping_status":"closed","template":"","meta":{"_acf_changed":false,"inline_featured_image":false,"_glsr_average":0,"_glsr_ranking":0,"_glsr_reviews":0,"footnotes":""},"class_list":["post-2724","page","type-page","status-publish","hentry"],"acf":[],"yoast_head":"<title>Plan du site - Solutions soins \u00e0 domicile Montr\u00e9al<\/title>\n<meta name=\"description\" content=\"Plan du site de Solutions de soins \u00e0 domicile Montr\u00e9al.\" \/>\n<meta name=\"robots\" content=\"index, follow, max-snippet:-1, max-image-preview:large, max-video-preview:-1\" \/>\n<link rel=\"canonical\" href=\"https:\/\/homecaresolutionsmtl.com\/fr\/sitemap\/\" \/>\n<meta property=\"og:locale\" content=\"fr_CA\" \/>\n<meta property=\"og:type\" content=\"article\" \/>\n<meta property=\"og:title\" content=\"Plan du site - Solutions soins \u00e0 domicile Montr\u00e9al\" \/>\n<meta property=\"og:description\" content=\"Plan du site de Solutions de soins \u00e0 domicile Montr\u00e9al.\" \/>\n<meta property=\"og:url\" content=\"https:\/\/homecaresolutionsmtl.com\/fr\/sitemap\/\" \/>\n<meta property=\"og:site_name\" content=\"Solutions soins \u00e0 domicile Montr\u00e9al\" \/>\n<meta property=\"article:publisher\" content=\"https:\/\/www.facebook.com\/Solutionsmontreal\" \/>\n<meta property=\"article:modified_time\" content=\"2025-11-17T16:20:40+00:00\" \/>\n<meta name=\"twitter:card\" content=\"summary_large_image\" \/>\n<meta name=\"twitter:label1\" content=\"Estimation du temps de lecture\" \/>\n\t<meta name=\"twitter:data1\" content=\"1 minute\" \/>\n<script type=\"application\/ld+json\" class=\"yoast-schema-graph\">{\"@context\":\"https:\\\/\\\/schema.org\",\"@graph\":[{\"@type\":\"WebPage\",\"@id\":\"https:\\\/\\\/homecaresolutionsmtl.com\\\/fr\\\/sitemap\\\/\",\"url\":\"https:\\\/\\\/homecaresolutionsmtl.com\\\/fr\\\/sitemap\\\/\",\"name\":\"Plan du site - Solutions soins \u00e0 domicile Montr\u00e9al\",\"isPartOf\":{\"@id\":\"https:\\\/\\\/homecaresolutionsmtl.com\\\/fr\\\/#website\"},\"datePublished\":\"2019-08-27T13:34:00+00:00\",\"dateModified\":\"2025-11-17T16:20:40+00:00\",\"description\":\"Plan du site de Solutions de soins \u00e0 domicile Montr\u00e9al.\",\"breadcrumb\":{\"@id\":\"https:\\\/\\\/homecaresolutionsmtl.com\\\/fr\\\/sitemap\\\/#breadcrumb\"},\"inLanguage\":\"fr-CA\",\"potentialAction\":[{\"@type\":\"ReadAction\",\"target\":[\"https:\\\/\\\/homecaresolutionsmtl.com\\\/fr\\\/sitemap\\\/\"]}]},{\"@type\":\"BreadcrumbList\",\"@id\":\"https:\\\/\\\/homecaresolutionsmtl.com\\\/fr\\\/sitemap\\\/#breadcrumb\",\"itemListElement\":[{\"@type\":\"ListItem\",\"position\":1,\"name\":\"Home\",\"item\":\"https:\\\/\\\/homecaresolutionsmtl.com\\\/fr\\\/\"},{\"@type\":\"ListItem\",\"position\":2,\"name\":\"Plan du site\"}]},{\"@type\":\"WebSite\",\"@id\":\"https:\\\/\\\/homecaresolutionsmtl.com\\\/fr\\\/#website\",\"url\":\"https:\\\/\\\/homecaresolutionsmtl.com\\\/fr\\\/\",\"name\":\"Solutions soins \u00e0 domicile Montr\u00e9al\",\"description\":\"\",\"publisher\":{\"@id\":\"https:\\\/\\\/homecaresolutionsmtl.com\\\/fr\\\/#organization\"},\"potentialAction\":[{\"@type\":\"SearchAction\",\"target\":{\"@type\":\"EntryPoint\",\"urlTemplate\":\"https:\\\/\\\/homecaresolutionsmtl.com\\\/fr\\\/?s={search_term_string}\"},\"query-input\":{\"@type\":\"PropertyValueSpecification\",\"valueRequired\":true,\"valueName\":\"search_term_string\"}}],\"inLanguage\":\"fr-CA\"},{\"@type\":\"Organization\",\"@id\":\"https:\\\/\\\/homecaresolutionsmtl.com\\\/fr\\\/#organization\",\"name\":\"Homecare Solutions\",\"url\":\"https:\\\/\\\/homecaresolutionsmtl.com\\\/fr\\\/\",\"logo\":{\"@type\":\"ImageObject\",\"inLanguage\":\"fr-CA\",\"@id\":\"https:\\\/\\\/homecaresolutionsmtl.com\\\/fr\\\/#\\\/schema\\\/logo\\\/image\\\/\",\"url\":\"https:\\\/\\\/homecaresolutionsmtl.com\\\/wp-content\\\/uploads\\\/2019\\\/06\\\/Homecare-solutions-splash.png\",\"contentUrl\":\"https:\\\/\\\/homecaresolutionsmtl.com\\\/wp-content\\\/uploads\\\/2019\\\/06\\\/Homecare-solutions-splash.png\",\"width\":512,\"height\":361,\"caption\":\"Homecare Solutions\"},\"image\":{\"@id\":\"https:\\\/\\\/homecaresolutionsmtl.com\\\/fr\\\/#\\\/schema\\\/logo\\\/image\\\/\"},\"sameAs\":[\"https:\\\/\\\/www.facebook.com\\\/Solutionsmontreal\"]}]}<\/script>","yoast_head_json":{"title":"Plan du site - Solutions soins \u00e0 domicile Montr\u00e9al","description":"Plan du site de Solutions de soins \u00e0 domicile Montr\u00e9al.","robots":{"index":"index","follow":"follow","max-snippet":"max-snippet:-1","max-image-preview":"max-image-preview:large","max-video-preview":"max-video-preview:-1"},"canonical":"https:\/\/homecaresolutionsmtl.com\/fr\/sitemap\/","og_locale":"fr_CA","og_type":"article","og_title":"Plan du site - Solutions soins \u00e0 domicile Montr\u00e9al","og_description":"Plan du site de Solutions de soins \u00e0 domicile Montr\u00e9al.","og_url":"https:\/\/homecaresolutionsmtl.com\/fr\/sitemap\/","og_site_name":"Solutions soins \u00e0 domicile Montr\u00e9al","article_publisher":"https:\/\/www.facebook.com\/Solutionsmontreal","article_modified_time":"2025-11-17T16:20:40+00:00","twitter_card":"summary_large_image","twitter_misc":{"Estimation du temps de lecture":"1 minute"},"schema":{"@context":"https:\/\/schema.org","@graph":[{"@type":"WebPage","@id":"https:\/\/homecaresolutionsmtl.com\/fr\/sitemap\/","url":"https:\/\/homecaresolutionsmtl.com\/fr\/sitemap\/","name":"Plan du site - Solutions soins \u00e0 domicile Montr\u00e9al","isPartOf":{"@id":"https:\/\/homecaresolutionsmtl.com\/fr\/#website"},"datePublished":"2019-08-27T13:34:00+00:00","dateModified":"2025-11-17T16:20:40+00:00","description":"Plan du site de Solutions de soins \u00e0 domicile Montr\u00e9al.","breadcrumb":{"@id":"https:\/\/homecaresolutionsmtl.com\/fr\/sitemap\/#breadcrumb"},"inLanguage":"fr-CA","potentialAction":[{"@type":"ReadAction","target":["https:\/\/homecaresolutionsmtl.com\/fr\/sitemap\/"]}]},{"@type":"BreadcrumbList","@id":"https:\/\/homecaresolutionsmtl.com\/fr\/sitemap\/#breadcrumb","itemListElement":[{"@type":"ListItem","position":1,"name":"Home","item":"https:\/\/homecaresolutionsmtl.com\/fr\/"},{"@type":"ListItem","position":2,"name":"Plan du site"}]},{"@type":"WebSite","@id":"https:\/\/homecaresolutionsmtl.com\/fr\/#website","url":"https:\/\/homecaresolutionsmtl.com\/fr\/","name":"Solutions soins \u00e0 domicile Montr\u00e9al","description":"","publisher":{"@id":"https:\/\/homecaresolutionsmtl.com\/fr\/#organization"},"potentialAction":[{"@type":"SearchAction","target":{"@type":"EntryPoint","urlTemplate":"https:\/\/homecaresolutionsmtl.com\/fr\/?s={search_term_string}"},"query-input":{"@type":"PropertyValueSpecification","valueRequired":true,"valueName":"search_term_string"}}],"inLanguage":"fr-CA"},{"@type":"Organization","@id":"https:\/\/homecaresolutionsmtl.com\/fr\/#organization","name":"Homecare Solutions","url":"https:\/\/homecaresolutionsmtl.com\/fr\/","logo":{"@type":"ImageObject","inLanguage":"fr-CA","@id":"https:\/\/homecaresolutionsmtl.com\/fr\/#\/schema\/logo\/image\/","url":"https:\/\/homecaresolutionsmtl.com\/wp-content\/uploads\/2019\/06\/Homecare-solutions-splash.png","contentUrl":"https:\/\/homecaresolutionsmtl.com\/wp-content\/uploads\/2019\/06\/Homecare-solutions-splash.png","width":512,"height":361,"caption":"Homecare Solutions"},"image":{"@id":"https:\/\/homecaresolutionsmtl.com\/fr\/#\/schema\/logo\/image\/"},"sameAs":["https:\/\/www.facebook.com\/Solutionsmontreal"]}]}},"_links":{"self":[{"href":"https:\/\/homecaresolutionsmtl.com\/fr\/wp-json\/wp\/v2\/pages\/2724","targetHints":{"allow":["GET"]}}],"collection":[{"href":"https:\/\/homecaresolutionsmtl.com\/fr\/wp-json\/wp\/v2\/pages"}],"about":[{"href":"https:\/\/homecaresolutionsmtl.com\/fr\/wp-json\/wp\/v2\/types\/page"}],"author":[{"embeddable":true,"href":"https:\/\/homecaresolutionsmtl.com\/fr\/wp-json\/wp\/v2\/users\/1"}],"replies":[{"embeddable":true,"href":"https:\/\/homecaresolutionsmtl.com\/fr\/wp-json\/wp\/v2\/comments?post=2724"}],"version-history":[{"count":3,"href":"https:\/\/homecaresolutionsmtl.com\/fr\/wp-json\/wp\/v2\/pages\/2724\/revisions"}],"predecessor-version":[{"id":3305,"href":"https:\/\/homecaresolutionsmtl.com\/fr\/wp-json\/wp\/v2\/pages\/2724\/revisions\/3305"}],"wp:attachment":[{"href":"https:\/\/homecaresolutionsmtl.com\/fr\/wp-json\/wp\/v2\/media?parent=2724"}],"curies":[{"name":"wp","href":"https:\/\/api.w.org\/{rel}","templated":true}]}}