{"id":802,"date":"2019-05-07T14:26:51","date_gmt":"2019-05-07T18:26:51","guid":{"rendered":"https:\/\/homecaresolutionsmtl.com\/?page_id=802"},"modified":"2021-03-12T10:21:41","modified_gmt":"2021-03-12T15:21:41","slug":"soins-palliatifs","status":"publish","type":"page","link":"https:\/\/homecaresolutionsmtl.com\/fr\/soins-palliatifs\/","title":{"rendered":"Soins palliatifs"},"content":{"rendered":"<div class=\"wpb-content-wrapper\"><p>[vc_row][vc_column][vc_single_image image=\u00a0\u00bb1604&Prime; img_size=\u00a0\u00bbfull\u00a0\u00bb alignment=\u00a0\u00bbcenter\u00a0\u00bb][vc_empty_space alter_height=\u00a0\u00bbmedium\u00a0\u00bb hide_on_mobile=\u00a0\u00bb\u00a0\u00bb][vc_column_text]<\/p>\r\n<p>Un sondage men\u00e9 par l\u2019Association canadienne de soins palliatifs d\u00e9montre que la majorit\u00e9 des Canadiennes et des Canadiens pr\u00e9f\u00e8rent mourir \u00e0 la maison. Pour donner suite \u00e0 ce souhait, Solutions soins \u00e0 domicile a \u00e9toff\u00e9 son programme de soins palliatifs gr\u00e2ce \u00e0 un personnel infirmier et des intervenants qualifi\u00e9s capables de mieux r\u00e9pondre aux besoins des familles canadiennes confront\u00e9es \u00e0 la perte d\u2019un \u00eatre cher et \u00e0 ceux des institutions et des organismes qui desservent ces familles.<\/p>\r\n\r\n<p>&nbsp;<\/p>\r\n\r\n<h4 class=\"wp-block-heading\">Services de soins palliatifs offerts par Solutions soins \u00e0 domicile Montr\u00e9al<\/h4>\r\n\r\n<ul class=\"wp-block-list\">\r\n<li>\u00c9valuation infirmi\u00e8re initiale gratuite, sans engagement<\/li>\r\n<li>Gestion des soins continus par notre personnel infirmier exp\u00e9riment\u00e9<\/li>\r\n<li>Choix ouvert de services :\r\n<ul>\r\n<li>Personal care and homemaking support caregivers<\/li>\r\n<li>Soins personnels et aide m\u00e9nag\u00e8re<\/li>\r\n<li>Soins infirmiers par quart<\/li>\r\n<\/ul>\r\n<\/li>\r\n<li>R\u00e9ponse rapide aux besoins inattendus<\/li>\r\n<li>Comp\u00e9tences cliniques plus \u00e9tendues \u2013 th\u00e9rapie intraveineuse, pompes \u00e0 perfusion, contr\u00f4le de l\u2019hydratation, gestion de la nutrition, soins de la peau et des plaies<\/li>\r\n<li>Gestion ponctuelle et efficace de la douleur et des sympt\u00f4mes<\/li>\r\n<li>Approche holistique pour r\u00e9pondre aux besoins d\u2019information et prendre soin des besoins physiques, psychosociaux, spirituels et culturels du client et de sa famille<\/li>\r\n<li>Soutien compassionnel, compr\u00e9hensif et comp\u00e9tent au client et \u00e0 sa famille<\/li>\r\n<li>Protection des droits du client, afin qu\u2019il re\u00e7oive les bons soins, au bon moment, au bon endroit, prodigu\u00e9s par les bons professionnels<\/li>\r\n<li>Saine gestion des ressources financi\u00e8res pour une meilleure rentabilit\u00e9 des soins<\/li>\r\n<li>Collaboration \u00e9troite avec les services publics \u2013 CLSC, h\u00f4pitaux, centres de soins palliatifs \u2013 dans le cadre d\u2019une \u00e9quipe multidisciplinaire, afin de r\u00e9pondre le mieux possible aux besoins des clients en soins palliatifs et de leur famille<\/li>\r\n<\/ul>\r\n\r\n<p>&nbsp;<\/p>\r\n\r\n<blockquote class=\"wp-block-quote is-layout-flow wp-block-quote-is-layout-flow\">\r\n<p><em>Je veux offrir de tout c\u0153ur mes remerciements aux employ\u00e9es de Solutions soins \u00e0 domicile. Elles ont procur\u00e9 \u00e0 ma m\u00e8re des soins de fin de vie d\u2019une mani\u00e8re remarquable. Elles savaient conserver leur calme dans des moments difficiles. Ma m\u00e8re disait que son intervenante \u00e9tait un ange.<\/em><\/p>\r\n<p><em>Ma m\u00e8re est d\u00e9c\u00e9d\u00e9e dans les bras de ses pr\u00e9pos\u00e9es. Elles ont toutes fait preuve de compassion envers ma m\u00e8re comme envers ma famille, et nous ne saurons jamais vous remercier suffisamment.<\/em><\/p>\r\n<\/blockquote>\r\n\r\n<p>&nbsp;<\/p>\r\n<p>[\/vc_column_text][\/vc_column][\/vc_row][vc_row][vc_column][vc_text_separator title=\u00a0\u00bbRessources\u00a0\u00bb][vc_basic_grid post_type=\u00a0\u00bbids\u00a0\u00bb element_width=\u00a0\u00bb3&Prime; item=\u00a0\u00bb1105&Prime; grid_id=\u00a0\u00bbvc_gid:1573223029111-21d98633-1647-0&Prime; include=\u00a0\u00bb831, 834, 841, 1258&Prime;][\/vc_column][\/vc_row]<\/p><\/div>","protected":false},"excerpt":{"rendered":"<p>[vc_row][vc_column][vc_single_image image=\u00a0\u00bb1604&Prime; img_size=\u00a0\u00bbfull\u00a0\u00bb alignment=\u00a0\u00bbcenter\u00a0\u00bb][vc_empty_space alter_height=\u00a0\u00bbmedium\u00a0\u00bb hide_on_mobile=\u00a0\u00bb\u00a0\u00bb][vc_column_text] Un sondage men\u00e9 par l\u2019Association canadienne de soins palliatifs d\u00e9montre que la majorit\u00e9 des Canadiennes et des Canadiens pr\u00e9f\u00e8rent mourir \u00e0 la maison. Pour donner suite \u00e0 ce souhait, Solutions soins \u00e0 domicile a \u00e9toff\u00e9 son programme de soins palliatifs gr\u00e2ce \u00e0 un personnel infirmier et des intervenants qualifi\u00e9s capables de mieux r\u00e9pondre aux&hellip;<\/p>\n","protected":false},"author":1,"featured_media":0,"parent":0,"menu_order":0,"comment_status":"closed","ping_status":"closed","template":"","meta":{"_acf_changed":false,"inline_featured_image":false,"_glsr_average":0,"_glsr_ranking":0,"_glsr_reviews":0,"footnotes":""},"class_list":["post-802","page","type-page","status-publish","hentry"],"acf":[],"yoast_head":"<title>Soins palliatifs - Solutions soins \u00e0 domicile Montr\u00e9al<\/title>\n<meta name=\"description\" content=\"Pour donner suite \u00e0 ce souhait, Solutions Soins \u00c0 Domicile a \u00e9toff\u00e9 son programme de soins palliatifs gr\u00e2ce \u00e0 un personnel infirmier et des intervenants...\" \/>\n<meta name=\"robots\" content=\"index, follow, max-snippet:-1, max-image-preview:large, max-video-preview:-1\" \/>\n<link rel=\"canonical\" href=\"https:\/\/homecaresolutionsmtl.com\/fr\/soins-palliatifs\/\" \/>\n<meta property=\"og:locale\" content=\"fr_CA\" \/>\n<meta property=\"og:type\" content=\"article\" \/>\n<meta property=\"og:title\" content=\"Soins palliatifs - Solutions soins \u00e0 domicile Montr\u00e9al\" \/>\n<meta property=\"og:description\" content=\"Pour donner suite \u00e0 ce souhait, Solutions Soins \u00c0 Domicile a \u00e9toff\u00e9 son programme de soins palliatifs gr\u00e2ce \u00e0 un personnel infirmier et des intervenants...\" \/>\n<meta property=\"og:url\" content=\"https:\/\/homecaresolutionsmtl.com\/fr\/soins-palliatifs\/\" \/>\n<meta property=\"og:site_name\" content=\"Solutions soins \u00e0 domicile Montr\u00e9al\" \/>\n<meta property=\"article:publisher\" content=\"https:\/\/www.facebook.com\/Solutionsmontreal\" \/>\n<meta property=\"article:modified_time\" content=\"2021-03-12T15:21:41+00:00\" \/>\n<meta name=\"twitter:card\" content=\"summary_large_image\" \/>\n<meta name=\"twitter:label1\" content=\"Estimation du temps de lecture\" \/>\n\t<meta name=\"twitter:data1\" content=\"2 minutes\" \/>\n<script type=\"application\/ld+json\" class=\"yoast-schema-graph\">{\"@context\":\"https:\\\/\\\/schema.org\",\"@graph\":[{\"@type\":\"WebPage\",\"@id\":\"https:\\\/\\\/homecaresolutionsmtl.com\\\/fr\\\/soins-palliatifs\\\/\",\"url\":\"https:\\\/\\\/homecaresolutionsmtl.com\\\/fr\\\/soins-palliatifs\\\/\",\"name\":\"Soins palliatifs - Solutions soins \u00e0 domicile Montr\u00e9al\",\"isPartOf\":{\"@id\":\"https:\\\/\\\/homecaresolutionsmtl.com\\\/fr\\\/#website\"},\"datePublished\":\"2019-05-07T18:26:51+00:00\",\"dateModified\":\"2021-03-12T15:21:41+00:00\",\"description\":\"Pour donner suite \u00e0 ce souhait, Solutions Soins \u00c0 Domicile a \u00e9toff\u00e9 son programme de soins palliatifs gr\u00e2ce \u00e0 un personnel infirmier et des intervenants...\",\"breadcrumb\":{\"@id\":\"https:\\\/\\\/homecaresolutionsmtl.com\\\/fr\\\/soins-palliatifs\\\/#breadcrumb\"},\"inLanguage\":\"fr-CA\",\"potentialAction\":[{\"@type\":\"ReadAction\",\"target\":[\"https:\\\/\\\/homecaresolutionsmtl.com\\\/fr\\\/soins-palliatifs\\\/\"]}]},{\"@type\":\"BreadcrumbList\",\"@id\":\"https:\\\/\\\/homecaresolutionsmtl.com\\\/fr\\\/soins-palliatifs\\\/#breadcrumb\",\"itemListElement\":[{\"@type\":\"ListItem\",\"position\":1,\"name\":\"Home\",\"item\":\"https:\\\/\\\/homecaresolutionsmtl.com\\\/fr\\\/\"},{\"@type\":\"ListItem\",\"position\":2,\"name\":\"Soins palliatifs\"}]},{\"@type\":\"WebSite\",\"@id\":\"https:\\\/\\\/homecaresolutionsmtl.com\\\/fr\\\/#website\",\"url\":\"https:\\\/\\\/homecaresolutionsmtl.com\\\/fr\\\/\",\"name\":\"Solutions soins \u00e0 domicile Montr\u00e9al\",\"description\":\"\",\"publisher\":{\"@id\":\"https:\\\/\\\/homecaresolutionsmtl.com\\\/fr\\\/#organization\"},\"potentialAction\":[{\"@type\":\"SearchAction\",\"target\":{\"@type\":\"EntryPoint\",\"urlTemplate\":\"https:\\\/\\\/homecaresolutionsmtl.com\\\/fr\\\/?s={search_term_string}\"},\"query-input\":{\"@type\":\"PropertyValueSpecification\",\"valueRequired\":true,\"valueName\":\"search_term_string\"}}],\"inLanguage\":\"fr-CA\"},{\"@type\":\"Organization\",\"@id\":\"https:\\\/\\\/homecaresolutionsmtl.com\\\/fr\\\/#organization\",\"name\":\"Homecare Solutions\",\"url\":\"https:\\\/\\\/homecaresolutionsmtl.com\\\/fr\\\/\",\"logo\":{\"@type\":\"ImageObject\",\"inLanguage\":\"fr-CA\",\"@id\":\"https:\\\/\\\/homecaresolutionsmtl.com\\\/fr\\\/#\\\/schema\\\/logo\\\/image\\\/\",\"url\":\"https:\\\/\\\/homecaresolutionsmtl.com\\\/wp-content\\\/uploads\\\/2019\\\/06\\\/Homecare-solutions-splash.png\",\"contentUrl\":\"https:\\\/\\\/homecaresolutionsmtl.com\\\/wp-content\\\/uploads\\\/2019\\\/06\\\/Homecare-solutions-splash.png\",\"width\":512,\"height\":361,\"caption\":\"Homecare Solutions\"},\"image\":{\"@id\":\"https:\\\/\\\/homecaresolutionsmtl.com\\\/fr\\\/#\\\/schema\\\/logo\\\/image\\\/\"},\"sameAs\":[\"https:\\\/\\\/www.facebook.com\\\/Solutionsmontreal\"]}]}<\/script>","yoast_head_json":{"title":"Soins palliatifs - Solutions soins \u00e0 domicile Montr\u00e9al","description":"Pour donner suite \u00e0 ce souhait, Solutions Soins \u00c0 Domicile a \u00e9toff\u00e9 son programme de soins palliatifs gr\u00e2ce \u00e0 un personnel infirmier et des intervenants...","robots":{"index":"index","follow":"follow","max-snippet":"max-snippet:-1","max-image-preview":"max-image-preview:large","max-video-preview":"max-video-preview:-1"},"canonical":"https:\/\/homecaresolutionsmtl.com\/fr\/soins-palliatifs\/","og_locale":"fr_CA","og_type":"article","og_title":"Soins palliatifs - Solutions soins \u00e0 domicile Montr\u00e9al","og_description":"Pour donner suite \u00e0 ce souhait, Solutions Soins \u00c0 Domicile a \u00e9toff\u00e9 son programme de soins palliatifs gr\u00e2ce \u00e0 un personnel infirmier et des intervenants...","og_url":"https:\/\/homecaresolutionsmtl.com\/fr\/soins-palliatifs\/","og_site_name":"Solutions soins \u00e0 domicile Montr\u00e9al","article_publisher":"https:\/\/www.facebook.com\/Solutionsmontreal","article_modified_time":"2021-03-12T15:21:41+00:00","twitter_card":"summary_large_image","twitter_misc":{"Estimation du temps de lecture":"2 minutes"},"schema":{"@context":"https:\/\/schema.org","@graph":[{"@type":"WebPage","@id":"https:\/\/homecaresolutionsmtl.com\/fr\/soins-palliatifs\/","url":"https:\/\/homecaresolutionsmtl.com\/fr\/soins-palliatifs\/","name":"Soins palliatifs - Solutions soins \u00e0 domicile Montr\u00e9al","isPartOf":{"@id":"https:\/\/homecaresolutionsmtl.com\/fr\/#website"},"datePublished":"2019-05-07T18:26:51+00:00","dateModified":"2021-03-12T15:21:41+00:00","description":"Pour donner suite \u00e0 ce souhait, Solutions Soins \u00c0 Domicile a \u00e9toff\u00e9 son programme de soins palliatifs gr\u00e2ce \u00e0 un personnel infirmier et des intervenants...","breadcrumb":{"@id":"https:\/\/homecaresolutionsmtl.com\/fr\/soins-palliatifs\/#breadcrumb"},"inLanguage":"fr-CA","potentialAction":[{"@type":"ReadAction","target":["https:\/\/homecaresolutionsmtl.com\/fr\/soins-palliatifs\/"]}]},{"@type":"BreadcrumbList","@id":"https:\/\/homecaresolutionsmtl.com\/fr\/soins-palliatifs\/#breadcrumb","itemListElement":[{"@type":"ListItem","position":1,"name":"Home","item":"https:\/\/homecaresolutionsmtl.com\/fr\/"},{"@type":"ListItem","position":2,"name":"Soins palliatifs"}]},{"@type":"WebSite","@id":"https:\/\/homecaresolutionsmtl.com\/fr\/#website","url":"https:\/\/homecaresolutionsmtl.com\/fr\/","name":"Solutions soins \u00e0 domicile Montr\u00e9al","description":"","publisher":{"@id":"https:\/\/homecaresolutionsmtl.com\/fr\/#organization"},"potentialAction":[{"@type":"SearchAction","target":{"@type":"EntryPoint","urlTemplate":"https:\/\/homecaresolutionsmtl.com\/fr\/?s={search_term_string}"},"query-input":{"@type":"PropertyValueSpecification","valueRequired":true,"valueName":"search_term_string"}}],"inLanguage":"fr-CA"},{"@type":"Organization","@id":"https:\/\/homecaresolutionsmtl.com\/fr\/#organization","name":"Homecare Solutions","url":"https:\/\/homecaresolutionsmtl.com\/fr\/","logo":{"@type":"ImageObject","inLanguage":"fr-CA","@id":"https:\/\/homecaresolutionsmtl.com\/fr\/#\/schema\/logo\/image\/","url":"https:\/\/homecaresolutionsmtl.com\/wp-content\/uploads\/2019\/06\/Homecare-solutions-splash.png","contentUrl":"https:\/\/homecaresolutionsmtl.com\/wp-content\/uploads\/2019\/06\/Homecare-solutions-splash.png","width":512,"height":361,"caption":"Homecare Solutions"},"image":{"@id":"https:\/\/homecaresolutionsmtl.com\/fr\/#\/schema\/logo\/image\/"},"sameAs":["https:\/\/www.facebook.com\/Solutionsmontreal"]}]}},"_links":{"self":[{"href":"https:\/\/homecaresolutionsmtl.com\/fr\/wp-json\/wp\/v2\/pages\/802","targetHints":{"allow":["GET"]}}],"collection":[{"href":"https:\/\/homecaresolutionsmtl.com\/fr\/wp-json\/wp\/v2\/pages"}],"about":[{"href":"https:\/\/homecaresolutionsmtl.com\/fr\/wp-json\/wp\/v2\/types\/page"}],"author":[{"embeddable":true,"href":"https:\/\/homecaresolutionsmtl.com\/fr\/wp-json\/wp\/v2\/users\/1"}],"replies":[{"embeddable":true,"href":"https:\/\/homecaresolutionsmtl.com\/fr\/wp-json\/wp\/v2\/comments?post=802"}],"version-history":[{"count":12,"href":"https:\/\/homecaresolutionsmtl.com\/fr\/wp-json\/wp\/v2\/pages\/802\/revisions"}],"predecessor-version":[{"id":3010,"href":"https:\/\/homecaresolutionsmtl.com\/fr\/wp-json\/wp\/v2\/pages\/802\/revisions\/3010"}],"wp:attachment":[{"href":"https:\/\/homecaresolutionsmtl.com\/fr\/wp-json\/wp\/v2\/media?parent=802"}],"curies":[{"name":"wp","href":"https:\/\/api.w.org\/{rel}","templated":true}]}}