{"id":804,"date":"2019-05-07T14:28:02","date_gmt":"2019-05-07T18:28:02","guid":{"rendered":"https:\/\/homecaresolutionsmtl.com\/?page_id=804"},"modified":"2021-03-12T10:19:52","modified_gmt":"2021-03-12T15:19:52","slug":"la-gestion-des-maladies-chroniques","status":"publish","type":"page","link":"https:\/\/homecaresolutionsmtl.com\/fr\/la-gestion-des-maladies-chroniques\/","title":{"rendered":"La gestion des maladies chroniques"},"content":{"rendered":"<div class=\"wpb-content-wrapper\"><p>[vc_row][vc_column][vc_single_image image=\u00a0\u00bb1427&Prime; img_size=\u00a0\u00bbfull\u00a0\u00bb alignment=\u00a0\u00bbcenter\u00a0\u00bb][vc_empty_space alter_height=\u00a0\u00bbmedium\u00a0\u00bb hide_on_mobile=\u00a0\u00bb\u00a0\u00bb][vc_column_text]<\/p>\r\n<p>Un \u00e9l\u00e9ment important de la gestion des maladies chroniques est de savoir quand on a besoin d\u2019aide, et o\u00f9 en trouver. Reconna\u00eetre cette n\u00e9cessit\u00e9 ne signifie pas que l\u2019on est victime de sa maladie. Nos pr\u00e9pos\u00e9s attentifs et compatissants offrent un large \u00e9ventail de services, tous adapt\u00e9s \u00e0 vos besoins pr\u00e9cis.<\/p>\r\n\r\n<p>Par exemple, supposons que vous avez du mal \u00e0 pr\u00e9parer vos repas parce que rester longtemps debout est trop fatigant ou douloureux. Si vous aimez faire la cuisine, vous trouverez difficile de ne plus cuisiner. Nos pr\u00e9pos\u00e9s peuvent venir vous aider \u00e0 effectuer ces t\u00e2ches, afin que vous puissiez continuer de faire ce qui vous tient le plus \u00e0 c\u0153ur.<\/p>\r\n\r\n<p>L\u2019une de nos infirmi\u00e8res exp\u00e9riment\u00e9es en soins \u00e0 domicile peut aller chez vous faire une \u00e9valuation gratuite afin de cr\u00e9er un plan de soins sur mesure qui tiendra compte de vos besoins particuliers, qu\u2019il s\u2019agisse :<\/p>\r\n\r\n<ul class=\"wp-block-list\">\r\n<li>de soins d\u2019hygi\u00e8ne<\/li>\r\n<li>du suivi du r\u00e9gime et de l\u2019alimentation<\/li>\r\n<li>du suivi de la prise de m\u00e9dicaments<\/li>\r\n<li>de la s\u00e9curit\u00e9<\/li>\r\n<li>d\u2019une aide pour les courses<\/li>\r\n<li>d\u2019une assistance dans l\u2019entretien de la maison<\/li>\r\n<li>de r\u00e9pit pour les aidants naturels<\/li>\r\n<li>du suivi de programmes d\u2019exercice personnalis\u00e9s pr\u00e9par\u00e9s par des phytoth\u00e9rapeutes<\/li>\r\n<\/ul>\r\n\r\n<p>Notre but est de vous permettre de rester chez vous et d\u2019y conserver votre autonomie en vous aidant \u00e0 accomplir vos t\u00e2ches quotidiennes en toute s\u00e9curit\u00e9. Au fur et \u00e0 mesure que vos besoins en soins \u00e9voluent, nous sommes pr\u00eats \u00e0 collaborer \u00e9troitement avec vous et votre famille afin d\u2019assurer que vous recevez les services de qualit\u00e9 ax\u00e9s sur la personne qui correspondent \u00e0 votre condition.<\/p>\r\n\r\n<p>&nbsp;<\/p>\r\n\r\n<blockquote class=\"wp-block-quote is-layout-flow wp-block-quote-is-layout-flow\">\r\n<p><em>Solutions soins \u00e0 domicile a procur\u00e9 \u00e0 notre p\u00e8re des soins incomparables au cours des cinq derni\u00e8res ann\u00e9es. Gr\u00e2ce \u00e0 un personnel attentionn\u00e9 et comp\u00e9tent, notre p\u00e8re a pu poursuivre ses travaux acad\u00e9miques et continuer de voyage malgr\u00e9 un \u00e9tat physique \u00e9prouvant. D\u2019une ann\u00e9e \u00e0 l\u2019autre, Solutions soins \u00e0 domicile nous a aid\u00e9s \u00e0 \u00e9valuer ses besoins et a r\u00e9guli\u00e8rement offert des solutions pour am\u00e9liorer sa qualit\u00e9 de vie, optimiser sa sant\u00e9 et g\u00e9rer sa vie quotidienne.<\/em><\/p>\r\n<\/blockquote>\r\n<p>\u00a0<\/p>\r\n<p>[\/vc_column_text][\/vc_column][\/vc_row][vc_row][vc_column][vc_text_separator title=\u00a0\u00bbRessources\u00a0\u00bb][vc_basic_grid post_type=\u00a0\u00bbids\u00a0\u00bb element_width=\u00a0\u00bb3&Prime; item=\u00a0\u00bb1105&Prime; grid_id=\u00a0\u00bbvc_gid:1573222983411-e5381ecb-9ff7-10&Prime; include=\u00a0\u00bb831, 838, 841, 1258&Prime;][\/vc_column][\/vc_row]<\/p><\/div>","protected":false},"excerpt":{"rendered":"<p>[vc_row][vc_column][vc_single_image image=\u00a0\u00bb1427&Prime; img_size=\u00a0\u00bbfull\u00a0\u00bb alignment=\u00a0\u00bbcenter\u00a0\u00bb][vc_empty_space alter_height=\u00a0\u00bbmedium\u00a0\u00bb hide_on_mobile=\u00a0\u00bb\u00a0\u00bb][vc_column_text] Un \u00e9l\u00e9ment important de la gestion des maladies chroniques est de savoir quand on a besoin d\u2019aide, et o\u00f9 en trouver. Reconna\u00eetre cette n\u00e9cessit\u00e9 ne signifie pas que l\u2019on est victime de sa maladie. Nos pr\u00e9pos\u00e9s attentifs et compatissants offrent un large \u00e9ventail de services, tous adapt\u00e9s \u00e0 vos besoins pr\u00e9cis. Par exemple, supposons&hellip;<\/p>\n","protected":false},"author":1,"featured_media":0,"parent":0,"menu_order":0,"comment_status":"closed","ping_status":"closed","template":"","meta":{"_acf_changed":false,"inline_featured_image":false,"_glsr_average":0,"_glsr_ranking":0,"_glsr_reviews":0,"footnotes":""},"class_list":["post-804","page","type-page","status-publish","hentry"],"acf":[],"yoast_head":"<title>La gestion des maladies chroniques - Solutions soins \u00e0 domicile Montr\u00e9al<\/title>\n<meta name=\"description\" content=\"Un \u00e9l\u00e9ment important de la gestion des maladies chroniques est de savoir quand on a besoin d\u2019aide, et o\u00f9 en trouver. Reconna\u00eetre cette n\u00e9cessit\u00e9 ne...\" \/>\n<meta name=\"robots\" content=\"index, follow, max-snippet:-1, max-image-preview:large, max-video-preview:-1\" \/>\n<link rel=\"canonical\" href=\"https:\/\/homecaresolutionsmtl.com\/fr\/la-gestion-des-maladies-chroniques\/\" \/>\n<meta property=\"og:locale\" content=\"fr_CA\" \/>\n<meta property=\"og:type\" content=\"article\" \/>\n<meta property=\"og:title\" content=\"La gestion des maladies chroniques - Solutions soins \u00e0 domicile Montr\u00e9al\" \/>\n<meta property=\"og:description\" content=\"Un \u00e9l\u00e9ment important de la gestion des maladies chroniques est de savoir quand on a besoin d\u2019aide, et o\u00f9 en trouver. Reconna\u00eetre cette n\u00e9cessit\u00e9 ne...\" \/>\n<meta property=\"og:url\" content=\"https:\/\/homecaresolutionsmtl.com\/fr\/la-gestion-des-maladies-chroniques\/\" \/>\n<meta property=\"og:site_name\" content=\"Solutions soins \u00e0 domicile Montr\u00e9al\" \/>\n<meta property=\"article:publisher\" content=\"https:\/\/www.facebook.com\/Solutionsmontreal\" \/>\n<meta property=\"article:modified_time\" content=\"2021-03-12T15:19:52+00:00\" \/>\n<meta name=\"twitter:card\" content=\"summary_large_image\" \/>\n<meta name=\"twitter:label1\" content=\"Estimation du temps de lecture\" \/>\n\t<meta name=\"twitter:data1\" content=\"2 minutes\" \/>\n<script type=\"application\/ld+json\" class=\"yoast-schema-graph\">{\"@context\":\"https:\\\/\\\/schema.org\",\"@graph\":[{\"@type\":\"WebPage\",\"@id\":\"https:\\\/\\\/homecaresolutionsmtl.com\\\/fr\\\/la-gestion-des-maladies-chroniques\\\/\",\"url\":\"https:\\\/\\\/homecaresolutionsmtl.com\\\/fr\\\/la-gestion-des-maladies-chroniques\\\/\",\"name\":\"La gestion des maladies chroniques - Solutions soins \u00e0 domicile Montr\u00e9al\",\"isPartOf\":{\"@id\":\"https:\\\/\\\/homecaresolutionsmtl.com\\\/fr\\\/#website\"},\"datePublished\":\"2019-05-07T18:28:02+00:00\",\"dateModified\":\"2021-03-12T15:19:52+00:00\",\"description\":\"Un \u00e9l\u00e9ment important de la gestion des maladies chroniques est de savoir quand on a besoin d\u2019aide, et o\u00f9 en trouver. Reconna\u00eetre cette n\u00e9cessit\u00e9 ne...\",\"breadcrumb\":{\"@id\":\"https:\\\/\\\/homecaresolutionsmtl.com\\\/fr\\\/la-gestion-des-maladies-chroniques\\\/#breadcrumb\"},\"inLanguage\":\"fr-CA\",\"potentialAction\":[{\"@type\":\"ReadAction\",\"target\":[\"https:\\\/\\\/homecaresolutionsmtl.com\\\/fr\\\/la-gestion-des-maladies-chroniques\\\/\"]}]},{\"@type\":\"BreadcrumbList\",\"@id\":\"https:\\\/\\\/homecaresolutionsmtl.com\\\/fr\\\/la-gestion-des-maladies-chroniques\\\/#breadcrumb\",\"itemListElement\":[{\"@type\":\"ListItem\",\"position\":1,\"name\":\"Home\",\"item\":\"https:\\\/\\\/homecaresolutionsmtl.com\\\/fr\\\/\"},{\"@type\":\"ListItem\",\"position\":2,\"name\":\"La gestion des maladies chroniques\"}]},{\"@type\":\"WebSite\",\"@id\":\"https:\\\/\\\/homecaresolutionsmtl.com\\\/fr\\\/#website\",\"url\":\"https:\\\/\\\/homecaresolutionsmtl.com\\\/fr\\\/\",\"name\":\"Solutions soins \u00e0 domicile Montr\u00e9al\",\"description\":\"\",\"publisher\":{\"@id\":\"https:\\\/\\\/homecaresolutionsmtl.com\\\/fr\\\/#organization\"},\"potentialAction\":[{\"@type\":\"SearchAction\",\"target\":{\"@type\":\"EntryPoint\",\"urlTemplate\":\"https:\\\/\\\/homecaresolutionsmtl.com\\\/fr\\\/?s={search_term_string}\"},\"query-input\":{\"@type\":\"PropertyValueSpecification\",\"valueRequired\":true,\"valueName\":\"search_term_string\"}}],\"inLanguage\":\"fr-CA\"},{\"@type\":\"Organization\",\"@id\":\"https:\\\/\\\/homecaresolutionsmtl.com\\\/fr\\\/#organization\",\"name\":\"Homecare Solutions\",\"url\":\"https:\\\/\\\/homecaresolutionsmtl.com\\\/fr\\\/\",\"logo\":{\"@type\":\"ImageObject\",\"inLanguage\":\"fr-CA\",\"@id\":\"https:\\\/\\\/homecaresolutionsmtl.com\\\/fr\\\/#\\\/schema\\\/logo\\\/image\\\/\",\"url\":\"https:\\\/\\\/homecaresolutionsmtl.com\\\/wp-content\\\/uploads\\\/2019\\\/06\\\/Homecare-solutions-splash.png\",\"contentUrl\":\"https:\\\/\\\/homecaresolutionsmtl.com\\\/wp-content\\\/uploads\\\/2019\\\/06\\\/Homecare-solutions-splash.png\",\"width\":512,\"height\":361,\"caption\":\"Homecare Solutions\"},\"image\":{\"@id\":\"https:\\\/\\\/homecaresolutionsmtl.com\\\/fr\\\/#\\\/schema\\\/logo\\\/image\\\/\"},\"sameAs\":[\"https:\\\/\\\/www.facebook.com\\\/Solutionsmontreal\"]}]}<\/script>","yoast_head_json":{"title":"La gestion des maladies chroniques - Solutions soins \u00e0 domicile Montr\u00e9al","description":"Un \u00e9l\u00e9ment important de la gestion des maladies chroniques est de savoir quand on a besoin d\u2019aide, et o\u00f9 en trouver. Reconna\u00eetre cette n\u00e9cessit\u00e9 ne...","robots":{"index":"index","follow":"follow","max-snippet":"max-snippet:-1","max-image-preview":"max-image-preview:large","max-video-preview":"max-video-preview:-1"},"canonical":"https:\/\/homecaresolutionsmtl.com\/fr\/la-gestion-des-maladies-chroniques\/","og_locale":"fr_CA","og_type":"article","og_title":"La gestion des maladies chroniques - Solutions soins \u00e0 domicile Montr\u00e9al","og_description":"Un \u00e9l\u00e9ment important de la gestion des maladies chroniques est de savoir quand on a besoin d\u2019aide, et o\u00f9 en trouver. Reconna\u00eetre cette n\u00e9cessit\u00e9 ne...","og_url":"https:\/\/homecaresolutionsmtl.com\/fr\/la-gestion-des-maladies-chroniques\/","og_site_name":"Solutions soins \u00e0 domicile Montr\u00e9al","article_publisher":"https:\/\/www.facebook.com\/Solutionsmontreal","article_modified_time":"2021-03-12T15:19:52+00:00","twitter_card":"summary_large_image","twitter_misc":{"Estimation du temps de lecture":"2 minutes"},"schema":{"@context":"https:\/\/schema.org","@graph":[{"@type":"WebPage","@id":"https:\/\/homecaresolutionsmtl.com\/fr\/la-gestion-des-maladies-chroniques\/","url":"https:\/\/homecaresolutionsmtl.com\/fr\/la-gestion-des-maladies-chroniques\/","name":"La gestion des maladies chroniques - Solutions soins \u00e0 domicile Montr\u00e9al","isPartOf":{"@id":"https:\/\/homecaresolutionsmtl.com\/fr\/#website"},"datePublished":"2019-05-07T18:28:02+00:00","dateModified":"2021-03-12T15:19:52+00:00","description":"Un \u00e9l\u00e9ment important de la gestion des maladies chroniques est de savoir quand on a besoin d\u2019aide, et o\u00f9 en trouver. Reconna\u00eetre cette n\u00e9cessit\u00e9 ne...","breadcrumb":{"@id":"https:\/\/homecaresolutionsmtl.com\/fr\/la-gestion-des-maladies-chroniques\/#breadcrumb"},"inLanguage":"fr-CA","potentialAction":[{"@type":"ReadAction","target":["https:\/\/homecaresolutionsmtl.com\/fr\/la-gestion-des-maladies-chroniques\/"]}]},{"@type":"BreadcrumbList","@id":"https:\/\/homecaresolutionsmtl.com\/fr\/la-gestion-des-maladies-chroniques\/#breadcrumb","itemListElement":[{"@type":"ListItem","position":1,"name":"Home","item":"https:\/\/homecaresolutionsmtl.com\/fr\/"},{"@type":"ListItem","position":2,"name":"La gestion des maladies chroniques"}]},{"@type":"WebSite","@id":"https:\/\/homecaresolutionsmtl.com\/fr\/#website","url":"https:\/\/homecaresolutionsmtl.com\/fr\/","name":"Solutions soins \u00e0 domicile Montr\u00e9al","description":"","publisher":{"@id":"https:\/\/homecaresolutionsmtl.com\/fr\/#organization"},"potentialAction":[{"@type":"SearchAction","target":{"@type":"EntryPoint","urlTemplate":"https:\/\/homecaresolutionsmtl.com\/fr\/?s={search_term_string}"},"query-input":{"@type":"PropertyValueSpecification","valueRequired":true,"valueName":"search_term_string"}}],"inLanguage":"fr-CA"},{"@type":"Organization","@id":"https:\/\/homecaresolutionsmtl.com\/fr\/#organization","name":"Homecare Solutions","url":"https:\/\/homecaresolutionsmtl.com\/fr\/","logo":{"@type":"ImageObject","inLanguage":"fr-CA","@id":"https:\/\/homecaresolutionsmtl.com\/fr\/#\/schema\/logo\/image\/","url":"https:\/\/homecaresolutionsmtl.com\/wp-content\/uploads\/2019\/06\/Homecare-solutions-splash.png","contentUrl":"https:\/\/homecaresolutionsmtl.com\/wp-content\/uploads\/2019\/06\/Homecare-solutions-splash.png","width":512,"height":361,"caption":"Homecare Solutions"},"image":{"@id":"https:\/\/homecaresolutionsmtl.com\/fr\/#\/schema\/logo\/image\/"},"sameAs":["https:\/\/www.facebook.com\/Solutionsmontreal"]}]}},"_links":{"self":[{"href":"https:\/\/homecaresolutionsmtl.com\/fr\/wp-json\/wp\/v2\/pages\/804","targetHints":{"allow":["GET"]}}],"collection":[{"href":"https:\/\/homecaresolutionsmtl.com\/fr\/wp-json\/wp\/v2\/pages"}],"about":[{"href":"https:\/\/homecaresolutionsmtl.com\/fr\/wp-json\/wp\/v2\/types\/page"}],"author":[{"embeddable":true,"href":"https:\/\/homecaresolutionsmtl.com\/fr\/wp-json\/wp\/v2\/users\/1"}],"replies":[{"embeddable":true,"href":"https:\/\/homecaresolutionsmtl.com\/fr\/wp-json\/wp\/v2\/comments?post=804"}],"version-history":[{"count":10,"href":"https:\/\/homecaresolutionsmtl.com\/fr\/wp-json\/wp\/v2\/pages\/804\/revisions"}],"predecessor-version":[{"id":3009,"href":"https:\/\/homecaresolutionsmtl.com\/fr\/wp-json\/wp\/v2\/pages\/804\/revisions\/3009"}],"wp:attachment":[{"href":"https:\/\/homecaresolutionsmtl.com\/fr\/wp-json\/wp\/v2\/media?parent=804"}],"curies":[{"name":"wp","href":"https:\/\/api.w.org\/{rel}","templated":true}]}}