{"id":806,"date":"2019-05-07T14:28:53","date_gmt":"2019-05-07T18:28:53","guid":{"rendered":"https:\/\/homecaresolutionsmtl.com\/?page_id=806"},"modified":"2025-11-17T11:19:31","modified_gmt":"2025-11-17T16:19:31","slug":"laidant-familial-a-distance","status":"publish","type":"page","link":"https:\/\/homecaresolutionsmtl.com\/fr\/laidant-familial-a-distance\/","title":{"rendered":"L\u2019aidant familial \u00e0 distance"},"content":{"rendered":"<div class=\"wpb-content-wrapper\"><p>[vc_row][vc_column][vc_single_image image=\u00a0\u00bb1621&Prime; img_size=\u00a0\u00bbfull\u00a0\u00bb alignment=\u00a0\u00bbcenter\u00a0\u00bb][vc_empty_space alter_height=\u00a0\u00bbmedium\u00a0\u00bb hide_on_mobile=\u00a0\u00bb\u00a0\u00bb][vc_column_text]<\/p>\r\n<p>De nos jours, de nombreux membres d\u2019une m\u00eame famille vivent dans diff\u00e9rentes villes et diff\u00e9rents pays. Particuli\u00e8rement \u00e0 Montr\u00e9al, il n\u2019est pas rare que des adultes quittent la province en y laissant leurs parents \u00e2g\u00e9s.<\/p>\r\n\r\n<p>Voici quelques conseils pour vous aider \u00e0 mieux g\u00e9rer les soins \u00e0 distance.<\/p>\r\n\r\n<ul class=\"wp-block-list\">\r\n<li><strong>Pensez de mani\u00e8re proactive lorsque vous \u00eates avec eux!<\/strong><br \/>Anticipez les besoins de vos parents, tels que les soins personnels, le bain, l\u2019\u00e9picerie, la pr\u00e9paration des repas, etc.<\/li>\r\n<li><strong>D\u00e9veloppez un r\u00e9seau de personnes aidantes<\/strong><br \/>Il est pratiquement impossible de prendre soin seul d\u2019un parent \u00e2g\u00e9, surtout \u00e0 distance. B\u00e2tissez une \u00e9quipe locale compos\u00e9e de pro-fessionnels de la sant\u00e9, de personnel soignant, et de personnes-ressources issues de la famille ou de son entourage.<\/li>\r\n<li><strong>D\u00e9couvrez vos ressources communautaires et appuyez-les<\/strong><br \/>Assurez-vous de r\u00e9pertorier et de conna\u00eetre toutes les ressources communautaires locales qui peuvent aider les personnes \u00e2g\u00e9es et pr\u00e9parez-vous \u00e0 soutenir activement vos a\u00een\u00e9s, m\u00eame de loin.<\/li>\r\n<li><strong>Tenez des registres d\u00e9taill\u00e9s<\/strong><br \/>En tant qu\u2019aidant \u00e0 distance, il est essentiel de tout savoir (qui, quoi, o\u00f9, quand et pourquoi) sur toutes les questions d\u2019ordre m\u00e9dical, financier et personnel, en particulier de conna\u00eetre les num\u00e9\u00acros de t\u00e9l\u00e9phone actuels et les adresses \u00e9lectroniques de tous les fournisseurs de soins de sant\u00e9.<\/li>\r\n<li><strong>Gardez le contact\u00a0<\/strong><br \/>Les choses peuvent changer rapide\u00acment. Les prises de contact r\u00e9guli\u00e8res et les visites p\u00e9riodiques sont donc cruciales. Assurez-vous que le milieu local offre \u00e0 vos proches suffisamment d\u2019interactions sociales.<\/li>\r\n<\/ul>\r\n\r\n<p>La participation du client et des membres de la famille constitue un \u00e9l\u00e9ment important de notre processus de planification des soins; elle est essentielle \u00e0 la prestation de soins s\u00e9curitaires, de qualit\u00e9 et ax\u00e9s sur la personne<\/p>\r\n\r\n<p>Nous communiquons r\u00e9guli\u00e8rement avec les principaux membres de la famille afin qu\u2019ils soient bien inform\u00e9s de l\u2019\u00e9volution de leur proche.<\/p>\r\n<p>\u00a0<\/p>\r\n\r\n<blockquote class=\"wp-block-quote is-layout-flow wp-block-quote-is-layout-flow\">\r\n<p>Un petit mot pour vous dire \u00e0 quel point nous sommes reconnaissants de toute l\u2019aide que vous avez apport\u00e9e \u00e0 ma m\u00e8re et \u00e0 ma famille l\u2019an dernier. Gr\u00e2ce \u00e0 vous, elle a pu rester chez elle aussi longtemps que possible. Nous \u00e9tions particuli\u00e8rement contents de pouvoir l\u2019appeler quand la pr\u00e9pos\u00e9e \u00e9tait l\u00e0, non seulement parce qu\u2019elle nous faisait un compte rendu complet de la situation, mais aussi parce qu\u2019elle tenait le t\u00e9l\u00e9phone pour que je puisse \u00ab causer \u00bb avec ma m\u00e8re.<\/p>\r\n<p>Si ma m\u00e8re pouvait le faire, je suis s\u00fbre qu\u2019elle voudrait vous remercier elle-m\u00eame.<\/p>\r\n<\/blockquote>\r\n\r\n<p>&nbsp;<\/p>\r\n<p>[\/vc_column_text][\/vc_column][\/vc_row][vc_row][vc_column][vc_text_separator title=\u00a0\u00bbRessources\u00a0\u00bb][vc_basic_grid post_type=\u00a0\u00bbids\u00a0\u00bb element_width=\u00a0\u00bb3&Prime; item=\u00a0\u00bb1105&Prime; grid_id=\u00a0\u00bbvc_gid:1557867260287-4c19d750-4138-1&Prime; include=\u00a0\u00bb831, 838, 841, 844&Prime;][\/vc_column][\/vc_row]<\/p><\/div>","protected":false},"excerpt":{"rendered":"<p>[vc_row][vc_column][vc_single_image image=\u00a0\u00bb1621&Prime; img_size=\u00a0\u00bbfull\u00a0\u00bb alignment=\u00a0\u00bbcenter\u00a0\u00bb][vc_empty_space alter_height=\u00a0\u00bbmedium\u00a0\u00bb hide_on_mobile=\u00a0\u00bb\u00a0\u00bb][vc_column_text] De nos jours, de nombreux membres d\u2019une m\u00eame famille vivent dans diff\u00e9rentes villes et diff\u00e9rents pays. Particuli\u00e8rement \u00e0 Montr\u00e9al, il n\u2019est pas rare que des adultes quittent la province en y laissant leurs parents \u00e2g\u00e9s. Voici quelques conseils pour vous aider \u00e0 mieux g\u00e9rer les soins \u00e0 distance. Pensez de mani\u00e8re proactive lorsque vous&hellip;<\/p>\n","protected":false},"author":1,"featured_media":0,"parent":0,"menu_order":0,"comment_status":"closed","ping_status":"closed","template":"","meta":{"_acf_changed":false,"inline_featured_image":false,"_glsr_average":0,"_glsr_ranking":0,"_glsr_reviews":0,"footnotes":""},"class_list":["post-806","page","type-page","status-publish","hentry"],"acf":[],"yoast_head":"<title>L\u2019aidant familial \u00e0 distance - Solutions soins \u00e0 domicile Montr\u00e9al<\/title>\n<meta name=\"description\" content=\"De nos jours, de nombreux membres d\u2019une m\u00eame famille vivent dans diff\u00e9rentes villes et diff\u00e9rents pays. Particuli\u00e8rement \u00e0 Montr\u00e9al, il n\u2019est pas rare que des adultes quittent la province en y laissant leurs parents \u00e2g\u00e9s.\" \/>\n<meta name=\"robots\" content=\"index, follow, max-snippet:-1, max-image-preview:large, max-video-preview:-1\" \/>\n<link rel=\"canonical\" href=\"https:\/\/homecaresolutionsmtl.com\/fr\/laidant-familial-a-distance\/\" \/>\n<meta property=\"og:locale\" content=\"fr_CA\" \/>\n<meta property=\"og:type\" content=\"article\" \/>\n<meta property=\"og:title\" content=\"L\u2019aidant familial \u00e0 distance - Solutions soins \u00e0 domicile Montr\u00e9al\" \/>\n<meta property=\"og:description\" content=\"De nos jours, de nombreux membres d\u2019une m\u00eame famille vivent dans diff\u00e9rentes villes et diff\u00e9rents pays. Particuli\u00e8rement \u00e0 Montr\u00e9al, il n\u2019est pas rare que des adultes quittent la province en y laissant leurs parents \u00e2g\u00e9s.\" \/>\n<meta property=\"og:url\" content=\"https:\/\/homecaresolutionsmtl.com\/fr\/laidant-familial-a-distance\/\" \/>\n<meta property=\"og:site_name\" content=\"Solutions soins \u00e0 domicile Montr\u00e9al\" \/>\n<meta property=\"article:publisher\" content=\"https:\/\/www.facebook.com\/Solutionsmontreal\" \/>\n<meta property=\"article:modified_time\" content=\"2025-11-17T16:19:31+00:00\" \/>\n<meta name=\"twitter:card\" content=\"summary_large_image\" \/>\n<meta name=\"twitter:label1\" content=\"Estimation du temps de lecture\" \/>\n\t<meta name=\"twitter:data1\" content=\"2 minutes\" \/>\n<script type=\"application\/ld+json\" class=\"yoast-schema-graph\">{\"@context\":\"https:\\\/\\\/schema.org\",\"@graph\":[{\"@type\":\"WebPage\",\"@id\":\"https:\\\/\\\/homecaresolutionsmtl.com\\\/fr\\\/laidant-familial-a-distance\\\/\",\"url\":\"https:\\\/\\\/homecaresolutionsmtl.com\\\/fr\\\/laidant-familial-a-distance\\\/\",\"name\":\"L\u2019aidant familial \u00e0 distance - Solutions soins \u00e0 domicile Montr\u00e9al\",\"isPartOf\":{\"@id\":\"https:\\\/\\\/homecaresolutionsmtl.com\\\/fr\\\/#website\"},\"datePublished\":\"2019-05-07T18:28:53+00:00\",\"dateModified\":\"2025-11-17T16:19:31+00:00\",\"description\":\"De nos jours, de nombreux membres d\u2019une m\u00eame famille vivent dans diff\u00e9rentes villes et diff\u00e9rents pays. Particuli\u00e8rement \u00e0 Montr\u00e9al, il n\u2019est pas rare que des adultes quittent la province en y laissant leurs parents \u00e2g\u00e9s.\",\"breadcrumb\":{\"@id\":\"https:\\\/\\\/homecaresolutionsmtl.com\\\/fr\\\/laidant-familial-a-distance\\\/#breadcrumb\"},\"inLanguage\":\"fr-CA\",\"potentialAction\":[{\"@type\":\"ReadAction\",\"target\":[\"https:\\\/\\\/homecaresolutionsmtl.com\\\/fr\\\/laidant-familial-a-distance\\\/\"]}]},{\"@type\":\"BreadcrumbList\",\"@id\":\"https:\\\/\\\/homecaresolutionsmtl.com\\\/fr\\\/laidant-familial-a-distance\\\/#breadcrumb\",\"itemListElement\":[{\"@type\":\"ListItem\",\"position\":1,\"name\":\"Home\",\"item\":\"https:\\\/\\\/homecaresolutionsmtl.com\\\/fr\\\/\"},{\"@type\":\"ListItem\",\"position\":2,\"name\":\"L\u2019aidant familial \u00e0 distance\"}]},{\"@type\":\"WebSite\",\"@id\":\"https:\\\/\\\/homecaresolutionsmtl.com\\\/fr\\\/#website\",\"url\":\"https:\\\/\\\/homecaresolutionsmtl.com\\\/fr\\\/\",\"name\":\"Solutions soins \u00e0 domicile Montr\u00e9al\",\"description\":\"\",\"publisher\":{\"@id\":\"https:\\\/\\\/homecaresolutionsmtl.com\\\/fr\\\/#organization\"},\"potentialAction\":[{\"@type\":\"SearchAction\",\"target\":{\"@type\":\"EntryPoint\",\"urlTemplate\":\"https:\\\/\\\/homecaresolutionsmtl.com\\\/fr\\\/?s={search_term_string}\"},\"query-input\":{\"@type\":\"PropertyValueSpecification\",\"valueRequired\":true,\"valueName\":\"search_term_string\"}}],\"inLanguage\":\"fr-CA\"},{\"@type\":\"Organization\",\"@id\":\"https:\\\/\\\/homecaresolutionsmtl.com\\\/fr\\\/#organization\",\"name\":\"Homecare Solutions\",\"url\":\"https:\\\/\\\/homecaresolutionsmtl.com\\\/fr\\\/\",\"logo\":{\"@type\":\"ImageObject\",\"inLanguage\":\"fr-CA\",\"@id\":\"https:\\\/\\\/homecaresolutionsmtl.com\\\/fr\\\/#\\\/schema\\\/logo\\\/image\\\/\",\"url\":\"https:\\\/\\\/homecaresolutionsmtl.com\\\/wp-content\\\/uploads\\\/2019\\\/06\\\/Homecare-solutions-splash.png\",\"contentUrl\":\"https:\\\/\\\/homecaresolutionsmtl.com\\\/wp-content\\\/uploads\\\/2019\\\/06\\\/Homecare-solutions-splash.png\",\"width\":512,\"height\":361,\"caption\":\"Homecare Solutions\"},\"image\":{\"@id\":\"https:\\\/\\\/homecaresolutionsmtl.com\\\/fr\\\/#\\\/schema\\\/logo\\\/image\\\/\"},\"sameAs\":[\"https:\\\/\\\/www.facebook.com\\\/Solutionsmontreal\"]}]}<\/script>","yoast_head_json":{"title":"L\u2019aidant familial \u00e0 distance - Solutions soins \u00e0 domicile Montr\u00e9al","description":"De nos jours, de nombreux membres d\u2019une m\u00eame famille vivent dans diff\u00e9rentes villes et diff\u00e9rents pays. Particuli\u00e8rement \u00e0 Montr\u00e9al, il n\u2019est pas rare que des adultes quittent la province en y laissant leurs parents \u00e2g\u00e9s.","robots":{"index":"index","follow":"follow","max-snippet":"max-snippet:-1","max-image-preview":"max-image-preview:large","max-video-preview":"max-video-preview:-1"},"canonical":"https:\/\/homecaresolutionsmtl.com\/fr\/laidant-familial-a-distance\/","og_locale":"fr_CA","og_type":"article","og_title":"L\u2019aidant familial \u00e0 distance - Solutions soins \u00e0 domicile Montr\u00e9al","og_description":"De nos jours, de nombreux membres d\u2019une m\u00eame famille vivent dans diff\u00e9rentes villes et diff\u00e9rents pays. Particuli\u00e8rement \u00e0 Montr\u00e9al, il n\u2019est pas rare que des adultes quittent la province en y laissant leurs parents \u00e2g\u00e9s.","og_url":"https:\/\/homecaresolutionsmtl.com\/fr\/laidant-familial-a-distance\/","og_site_name":"Solutions soins \u00e0 domicile Montr\u00e9al","article_publisher":"https:\/\/www.facebook.com\/Solutionsmontreal","article_modified_time":"2025-11-17T16:19:31+00:00","twitter_card":"summary_large_image","twitter_misc":{"Estimation du temps de lecture":"2 minutes"},"schema":{"@context":"https:\/\/schema.org","@graph":[{"@type":"WebPage","@id":"https:\/\/homecaresolutionsmtl.com\/fr\/laidant-familial-a-distance\/","url":"https:\/\/homecaresolutionsmtl.com\/fr\/laidant-familial-a-distance\/","name":"L\u2019aidant familial \u00e0 distance - Solutions soins \u00e0 domicile Montr\u00e9al","isPartOf":{"@id":"https:\/\/homecaresolutionsmtl.com\/fr\/#website"},"datePublished":"2019-05-07T18:28:53+00:00","dateModified":"2025-11-17T16:19:31+00:00","description":"De nos jours, de nombreux membres d\u2019une m\u00eame famille vivent dans diff\u00e9rentes villes et diff\u00e9rents pays. Particuli\u00e8rement \u00e0 Montr\u00e9al, il n\u2019est pas rare que des adultes quittent la province en y laissant leurs parents \u00e2g\u00e9s.","breadcrumb":{"@id":"https:\/\/homecaresolutionsmtl.com\/fr\/laidant-familial-a-distance\/#breadcrumb"},"inLanguage":"fr-CA","potentialAction":[{"@type":"ReadAction","target":["https:\/\/homecaresolutionsmtl.com\/fr\/laidant-familial-a-distance\/"]}]},{"@type":"BreadcrumbList","@id":"https:\/\/homecaresolutionsmtl.com\/fr\/laidant-familial-a-distance\/#breadcrumb","itemListElement":[{"@type":"ListItem","position":1,"name":"Home","item":"https:\/\/homecaresolutionsmtl.com\/fr\/"},{"@type":"ListItem","position":2,"name":"L\u2019aidant familial \u00e0 distance"}]},{"@type":"WebSite","@id":"https:\/\/homecaresolutionsmtl.com\/fr\/#website","url":"https:\/\/homecaresolutionsmtl.com\/fr\/","name":"Solutions soins \u00e0 domicile Montr\u00e9al","description":"","publisher":{"@id":"https:\/\/homecaresolutionsmtl.com\/fr\/#organization"},"potentialAction":[{"@type":"SearchAction","target":{"@type":"EntryPoint","urlTemplate":"https:\/\/homecaresolutionsmtl.com\/fr\/?s={search_term_string}"},"query-input":{"@type":"PropertyValueSpecification","valueRequired":true,"valueName":"search_term_string"}}],"inLanguage":"fr-CA"},{"@type":"Organization","@id":"https:\/\/homecaresolutionsmtl.com\/fr\/#organization","name":"Homecare Solutions","url":"https:\/\/homecaresolutionsmtl.com\/fr\/","logo":{"@type":"ImageObject","inLanguage":"fr-CA","@id":"https:\/\/homecaresolutionsmtl.com\/fr\/#\/schema\/logo\/image\/","url":"https:\/\/homecaresolutionsmtl.com\/wp-content\/uploads\/2019\/06\/Homecare-solutions-splash.png","contentUrl":"https:\/\/homecaresolutionsmtl.com\/wp-content\/uploads\/2019\/06\/Homecare-solutions-splash.png","width":512,"height":361,"caption":"Homecare Solutions"},"image":{"@id":"https:\/\/homecaresolutionsmtl.com\/fr\/#\/schema\/logo\/image\/"},"sameAs":["https:\/\/www.facebook.com\/Solutionsmontreal"]}]}},"_links":{"self":[{"href":"https:\/\/homecaresolutionsmtl.com\/fr\/wp-json\/wp\/v2\/pages\/806","targetHints":{"allow":["GET"]}}],"collection":[{"href":"https:\/\/homecaresolutionsmtl.com\/fr\/wp-json\/wp\/v2\/pages"}],"about":[{"href":"https:\/\/homecaresolutionsmtl.com\/fr\/wp-json\/wp\/v2\/types\/page"}],"author":[{"embeddable":true,"href":"https:\/\/homecaresolutionsmtl.com\/fr\/wp-json\/wp\/v2\/users\/1"}],"replies":[{"embeddable":true,"href":"https:\/\/homecaresolutionsmtl.com\/fr\/wp-json\/wp\/v2\/comments?post=806"}],"version-history":[{"count":9,"href":"https:\/\/homecaresolutionsmtl.com\/fr\/wp-json\/wp\/v2\/pages\/806\/revisions"}],"predecessor-version":[{"id":2946,"href":"https:\/\/homecaresolutionsmtl.com\/fr\/wp-json\/wp\/v2\/pages\/806\/revisions\/2946"}],"wp:attachment":[{"href":"https:\/\/homecaresolutionsmtl.com\/fr\/wp-json\/wp\/v2\/media?parent=806"}],"curies":[{"name":"wp","href":"https:\/\/api.w.org\/{rel}","templated":true}]}}