{"id":812,"date":"2019-05-07T14:32:51","date_gmt":"2019-05-07T18:32:51","guid":{"rendered":"https:\/\/homecaresolutionsmtl.com\/?page_id=812"},"modified":"2025-11-17T13:16:35","modified_gmt":"2025-11-17T18:16:35","slug":"les-soins-en-milieu-hospitalier","status":"publish","type":"page","link":"https:\/\/homecaresolutionsmtl.com\/fr\/les-soins-en-milieu-hospitalier\/","title":{"rendered":"Les Soins en milieu hospitalier"},"content":{"rendered":"<div class=\"wpb-content-wrapper\"><p>[vc_row][vc_column][vc_single_image image=\u00a0\u00bb1611&Prime; img_size=\u00a0\u00bbfull\u00a0\u00bb alignment=\u00a0\u00bbcenter\u00a0\u00bb][vc_empty_space alter_height=\u00a0\u00bbmedium\u00a0\u00bb hide_on_mobile=\u00a0\u00bb\u00a0\u00bb][vc_column_text]<\/p>\r\n<p>Les ressources dont dispose le syst\u00e8me public de sant\u00e9 sont limit\u00e9es, et de nombreuses familles se tournent vers des fournisseurs priv\u00e9s pour obtenir des soins. Avec le vieillissement rapide de la population, le nombre de personnes \u00e2g\u00e9es qui doivent \u00eatre admises \u00e0 l\u2019h\u00f4pital va en augmentant.<\/p>\r\n\r\n<ul class=\"wp-block-list\">\r\n<li>Nos pr\u00e9pos\u00e9s peuvent d\u00e9fendre les droits de vos<\/li>\r\n<li>tout en leur fournissant des soins personnalis\u00e9s pendant leur s\u00e9jour \u00e0 l\u2019h\u00f4pital.<\/li>\r\n<\/ul>\r\n<p>\u00a0<\/p>\r\n\r\n<p style=\"font-size: 24px; padding: 20px 0; text-align: center; border-top: 1px solid #ddd; border-bottom: 1px solid #ddd;\"><strong>Des soins ad\u00e9quats acc\u00e9l\u00e8rent la gu\u00e9rison et r\u00e9duisent le risque de complications.<\/strong><\/p>\r\n<p>\u00a0<\/p>\r\n\r\n<blockquote class=\"wp-block-quote is-layout-flow wp-block-quote-is-layout-flow\">\r\n<p><em>Je voudrais vous offrir nos remerciements les plus sinc\u00e8res pour les soins excellents que vous avez procur\u00e9s \u00e0 notre m\u00e8re.<\/em><\/p>\r\n<p><em>Nous aimerions remercier personnellement ses deux pr\u00e9pos\u00e9es, qui se sont occup\u00e9es de tout ce dont notre m\u00e8re avait besoin pendant son s\u00e9jour \u00e0 l\u2019h\u00f4pital. Leur pr\u00e9sence a fait une grande diff\u00e9rence dans sa vie.<\/em><\/p>\r\n<p><em>Le professionnalisme de tout votre personnel nous a beaucoup impressionn\u00e9s, et nous n\u2019h\u00e9siterions pas \u00e0 recommander vos services \u00e0 tous ceux qui en feraient la demande. Vous \u00eates fid\u00e8les \u00e0 votre nom, vous y mettez vraiment du c\u0153ur.<\/em><\/p>\r\n<\/blockquote>\r\n\r\n<p>&nbsp;<\/p>\r\n<p>[\/vc_column_text][\/vc_column][\/vc_row][vc_row][vc_column][vc_text_separator title=\u00a0\u00bbRessources\u00a0\u00bb][vc_basic_grid post_type=\u00a0\u00bbids\u00a0\u00bb item=\u00a0\u00bb1105&Prime; grid_id=\u00a0\u00bbvc_gid:1557867149282-ad477b22-a07f-7&Prime; include=\u00a0\u00bb831, 838, 841&Prime;][\/vc_column][\/vc_row]<\/p><\/div>","protected":false},"excerpt":{"rendered":"<p>[vc_row][vc_column][vc_single_image image=\u00a0\u00bb1611&Prime; img_size=\u00a0\u00bbfull\u00a0\u00bb alignment=\u00a0\u00bbcenter\u00a0\u00bb][vc_empty_space alter_height=\u00a0\u00bbmedium\u00a0\u00bb hide_on_mobile=\u00a0\u00bb\u00a0\u00bb][vc_column_text] Les ressources dont dispose le syst\u00e8me public de sant\u00e9 sont limit\u00e9es, et de nombreuses familles se tournent vers des fournisseurs priv\u00e9s pour obtenir des soins. Avec le vieillissement rapide de la population, le nombre de personnes \u00e2g\u00e9es qui doivent \u00eatre admises \u00e0 l\u2019h\u00f4pital va en augmentant. Nos pr\u00e9pos\u00e9s peuvent d\u00e9fendre les droits de vos&hellip;<\/p>\n","protected":false},"author":1,"featured_media":0,"parent":0,"menu_order":0,"comment_status":"closed","ping_status":"closed","template":"","meta":{"_acf_changed":false,"inline_featured_image":false,"_glsr_average":0,"_glsr_ranking":0,"_glsr_reviews":0,"footnotes":""},"class_list":["post-812","page","type-page","status-publish","hentry"],"acf":[],"yoast_head":"<title>Les Soins en milieu hospitalier - Solutions soins \u00e0 domicile Montr\u00e9al<\/title>\n<meta name=\"description\" content=\"Homecare Solutions travaille en \u00e9troite collaboration avec de nombreuses familles pour s&#039;assurer que leurs proches re\u00e7oivent les soins individualis\u00e9s dont ils ont besoin pendant leur s\u00e9jour \u00e0 l&#039;h\u00f4pital.\" \/>\n<meta name=\"robots\" content=\"index, follow, max-snippet:-1, max-image-preview:large, max-video-preview:-1\" \/>\n<link rel=\"canonical\" href=\"https:\/\/homecaresolutionsmtl.com\/fr\/les-soins-en-milieu-hospitalier\/\" \/>\n<meta property=\"og:locale\" content=\"fr_CA\" \/>\n<meta property=\"og:type\" content=\"article\" \/>\n<meta property=\"og:title\" content=\"Les Soins en milieu hospitalier - Solutions soins \u00e0 domicile Montr\u00e9al\" \/>\n<meta property=\"og:description\" content=\"Homecare Solutions travaille en \u00e9troite collaboration avec de nombreuses familles pour s&#039;assurer que leurs proches re\u00e7oivent les soins individualis\u00e9s dont ils ont besoin pendant leur s\u00e9jour \u00e0 l&#039;h\u00f4pital.\" \/>\n<meta property=\"og:url\" content=\"https:\/\/homecaresolutionsmtl.com\/fr\/les-soins-en-milieu-hospitalier\/\" \/>\n<meta property=\"og:site_name\" content=\"Solutions soins \u00e0 domicile Montr\u00e9al\" \/>\n<meta property=\"article:publisher\" content=\"https:\/\/www.facebook.com\/Solutionsmontreal\" \/>\n<meta property=\"article:modified_time\" content=\"2025-11-17T18:16:35+00:00\" \/>\n<meta name=\"twitter:card\" content=\"summary_large_image\" \/>\n<meta name=\"twitter:label1\" content=\"Estimation du temps de lecture\" \/>\n\t<meta name=\"twitter:data1\" content=\"1 minute\" \/>\n<script type=\"application\/ld+json\" class=\"yoast-schema-graph\">{\"@context\":\"https:\\\/\\\/schema.org\",\"@graph\":[{\"@type\":\"WebPage\",\"@id\":\"https:\\\/\\\/homecaresolutionsmtl.com\\\/fr\\\/les-soins-en-milieu-hospitalier\\\/\",\"url\":\"https:\\\/\\\/homecaresolutionsmtl.com\\\/fr\\\/les-soins-en-milieu-hospitalier\\\/\",\"name\":\"Les Soins en milieu hospitalier - Solutions soins \u00e0 domicile Montr\u00e9al\",\"isPartOf\":{\"@id\":\"https:\\\/\\\/homecaresolutionsmtl.com\\\/fr\\\/#website\"},\"datePublished\":\"2019-05-07T18:32:51+00:00\",\"dateModified\":\"2025-11-17T18:16:35+00:00\",\"description\":\"Homecare Solutions travaille en \u00e9troite collaboration avec de nombreuses familles pour s'assurer que leurs proches re\u00e7oivent les soins individualis\u00e9s dont ils ont besoin pendant leur s\u00e9jour \u00e0 l'h\u00f4pital.\",\"breadcrumb\":{\"@id\":\"https:\\\/\\\/homecaresolutionsmtl.com\\\/fr\\\/les-soins-en-milieu-hospitalier\\\/#breadcrumb\"},\"inLanguage\":\"fr-CA\",\"potentialAction\":[{\"@type\":\"ReadAction\",\"target\":[\"https:\\\/\\\/homecaresolutionsmtl.com\\\/fr\\\/les-soins-en-milieu-hospitalier\\\/\"]}]},{\"@type\":\"BreadcrumbList\",\"@id\":\"https:\\\/\\\/homecaresolutionsmtl.com\\\/fr\\\/les-soins-en-milieu-hospitalier\\\/#breadcrumb\",\"itemListElement\":[{\"@type\":\"ListItem\",\"position\":1,\"name\":\"Home\",\"item\":\"https:\\\/\\\/homecaresolutionsmtl.com\\\/fr\\\/\"},{\"@type\":\"ListItem\",\"position\":2,\"name\":\"Les Soins en milieu hospitalier\"}]},{\"@type\":\"WebSite\",\"@id\":\"https:\\\/\\\/homecaresolutionsmtl.com\\\/fr\\\/#website\",\"url\":\"https:\\\/\\\/homecaresolutionsmtl.com\\\/fr\\\/\",\"name\":\"Solutions soins \u00e0 domicile Montr\u00e9al\",\"description\":\"\",\"publisher\":{\"@id\":\"https:\\\/\\\/homecaresolutionsmtl.com\\\/fr\\\/#organization\"},\"potentialAction\":[{\"@type\":\"SearchAction\",\"target\":{\"@type\":\"EntryPoint\",\"urlTemplate\":\"https:\\\/\\\/homecaresolutionsmtl.com\\\/fr\\\/?s={search_term_string}\"},\"query-input\":{\"@type\":\"PropertyValueSpecification\",\"valueRequired\":true,\"valueName\":\"search_term_string\"}}],\"inLanguage\":\"fr-CA\"},{\"@type\":\"Organization\",\"@id\":\"https:\\\/\\\/homecaresolutionsmtl.com\\\/fr\\\/#organization\",\"name\":\"Homecare Solutions\",\"url\":\"https:\\\/\\\/homecaresolutionsmtl.com\\\/fr\\\/\",\"logo\":{\"@type\":\"ImageObject\",\"inLanguage\":\"fr-CA\",\"@id\":\"https:\\\/\\\/homecaresolutionsmtl.com\\\/fr\\\/#\\\/schema\\\/logo\\\/image\\\/\",\"url\":\"https:\\\/\\\/homecaresolutionsmtl.com\\\/wp-content\\\/uploads\\\/2019\\\/06\\\/Homecare-solutions-splash.png\",\"contentUrl\":\"https:\\\/\\\/homecaresolutionsmtl.com\\\/wp-content\\\/uploads\\\/2019\\\/06\\\/Homecare-solutions-splash.png\",\"width\":512,\"height\":361,\"caption\":\"Homecare Solutions\"},\"image\":{\"@id\":\"https:\\\/\\\/homecaresolutionsmtl.com\\\/fr\\\/#\\\/schema\\\/logo\\\/image\\\/\"},\"sameAs\":[\"https:\\\/\\\/www.facebook.com\\\/Solutionsmontreal\"]}]}<\/script>","yoast_head_json":{"title":"Les Soins en milieu hospitalier - Solutions soins \u00e0 domicile Montr\u00e9al","description":"Homecare Solutions travaille en \u00e9troite collaboration avec de nombreuses familles pour s'assurer que leurs proches re\u00e7oivent les soins individualis\u00e9s dont ils ont besoin pendant leur s\u00e9jour \u00e0 l'h\u00f4pital.","robots":{"index":"index","follow":"follow","max-snippet":"max-snippet:-1","max-image-preview":"max-image-preview:large","max-video-preview":"max-video-preview:-1"},"canonical":"https:\/\/homecaresolutionsmtl.com\/fr\/les-soins-en-milieu-hospitalier\/","og_locale":"fr_CA","og_type":"article","og_title":"Les Soins en milieu hospitalier - Solutions soins \u00e0 domicile Montr\u00e9al","og_description":"Homecare Solutions travaille en \u00e9troite collaboration avec de nombreuses familles pour s'assurer que leurs proches re\u00e7oivent les soins individualis\u00e9s dont ils ont besoin pendant leur s\u00e9jour \u00e0 l'h\u00f4pital.","og_url":"https:\/\/homecaresolutionsmtl.com\/fr\/les-soins-en-milieu-hospitalier\/","og_site_name":"Solutions soins \u00e0 domicile Montr\u00e9al","article_publisher":"https:\/\/www.facebook.com\/Solutionsmontreal","article_modified_time":"2025-11-17T18:16:35+00:00","twitter_card":"summary_large_image","twitter_misc":{"Estimation du temps de lecture":"1 minute"},"schema":{"@context":"https:\/\/schema.org","@graph":[{"@type":"WebPage","@id":"https:\/\/homecaresolutionsmtl.com\/fr\/les-soins-en-milieu-hospitalier\/","url":"https:\/\/homecaresolutionsmtl.com\/fr\/les-soins-en-milieu-hospitalier\/","name":"Les Soins en milieu hospitalier - Solutions soins \u00e0 domicile Montr\u00e9al","isPartOf":{"@id":"https:\/\/homecaresolutionsmtl.com\/fr\/#website"},"datePublished":"2019-05-07T18:32:51+00:00","dateModified":"2025-11-17T18:16:35+00:00","description":"Homecare Solutions travaille en \u00e9troite collaboration avec de nombreuses familles pour s'assurer que leurs proches re\u00e7oivent les soins individualis\u00e9s dont ils ont besoin pendant leur s\u00e9jour \u00e0 l'h\u00f4pital.","breadcrumb":{"@id":"https:\/\/homecaresolutionsmtl.com\/fr\/les-soins-en-milieu-hospitalier\/#breadcrumb"},"inLanguage":"fr-CA","potentialAction":[{"@type":"ReadAction","target":["https:\/\/homecaresolutionsmtl.com\/fr\/les-soins-en-milieu-hospitalier\/"]}]},{"@type":"BreadcrumbList","@id":"https:\/\/homecaresolutionsmtl.com\/fr\/les-soins-en-milieu-hospitalier\/#breadcrumb","itemListElement":[{"@type":"ListItem","position":1,"name":"Home","item":"https:\/\/homecaresolutionsmtl.com\/fr\/"},{"@type":"ListItem","position":2,"name":"Les Soins en milieu hospitalier"}]},{"@type":"WebSite","@id":"https:\/\/homecaresolutionsmtl.com\/fr\/#website","url":"https:\/\/homecaresolutionsmtl.com\/fr\/","name":"Solutions soins \u00e0 domicile Montr\u00e9al","description":"","publisher":{"@id":"https:\/\/homecaresolutionsmtl.com\/fr\/#organization"},"potentialAction":[{"@type":"SearchAction","target":{"@type":"EntryPoint","urlTemplate":"https:\/\/homecaresolutionsmtl.com\/fr\/?s={search_term_string}"},"query-input":{"@type":"PropertyValueSpecification","valueRequired":true,"valueName":"search_term_string"}}],"inLanguage":"fr-CA"},{"@type":"Organization","@id":"https:\/\/homecaresolutionsmtl.com\/fr\/#organization","name":"Homecare Solutions","url":"https:\/\/homecaresolutionsmtl.com\/fr\/","logo":{"@type":"ImageObject","inLanguage":"fr-CA","@id":"https:\/\/homecaresolutionsmtl.com\/fr\/#\/schema\/logo\/image\/","url":"https:\/\/homecaresolutionsmtl.com\/wp-content\/uploads\/2019\/06\/Homecare-solutions-splash.png","contentUrl":"https:\/\/homecaresolutionsmtl.com\/wp-content\/uploads\/2019\/06\/Homecare-solutions-splash.png","width":512,"height":361,"caption":"Homecare Solutions"},"image":{"@id":"https:\/\/homecaresolutionsmtl.com\/fr\/#\/schema\/logo\/image\/"},"sameAs":["https:\/\/www.facebook.com\/Solutionsmontreal"]}]}},"_links":{"self":[{"href":"https:\/\/homecaresolutionsmtl.com\/fr\/wp-json\/wp\/v2\/pages\/812","targetHints":{"allow":["GET"]}}],"collection":[{"href":"https:\/\/homecaresolutionsmtl.com\/fr\/wp-json\/wp\/v2\/pages"}],"about":[{"href":"https:\/\/homecaresolutionsmtl.com\/fr\/wp-json\/wp\/v2\/types\/page"}],"author":[{"embeddable":true,"href":"https:\/\/homecaresolutionsmtl.com\/fr\/wp-json\/wp\/v2\/users\/1"}],"replies":[{"embeddable":true,"href":"https:\/\/homecaresolutionsmtl.com\/fr\/wp-json\/wp\/v2\/comments?post=812"}],"version-history":[{"count":11,"href":"https:\/\/homecaresolutionsmtl.com\/fr\/wp-json\/wp\/v2\/pages\/812\/revisions"}],"predecessor-version":[{"id":2947,"href":"https:\/\/homecaresolutionsmtl.com\/fr\/wp-json\/wp\/v2\/pages\/812\/revisions\/2947"}],"wp:attachment":[{"href":"https:\/\/homecaresolutionsmtl.com\/fr\/wp-json\/wp\/v2\/media?parent=812"}],"curies":[{"name":"wp","href":"https:\/\/api.w.org\/{rel}","templated":true}]}}