{"id":825,"date":"2019-05-07T14:36:57","date_gmt":"2019-05-07T18:36:57","guid":{"rendered":"https:\/\/homecaresolutionsmtl.com\/?page_id=825"},"modified":"2021-03-12T10:11:27","modified_gmt":"2021-03-12T15:11:27","slug":"soins-pour-la-maladie-dalzheimer","status":"publish","type":"page","link":"https:\/\/homecaresolutionsmtl.com\/fr\/soins-pour-la-maladie-dalzheimer\/","title":{"rendered":"Soins pour la maladie d\u2019Alzheimer"},"content":{"rendered":"<div class=\"wpb-content-wrapper\"><p>[vc_row][vc_column][vc_single_image image=\u00a0\u00bb1599&Prime; img_size=\u00a0\u00bbfull\u00a0\u00bb alignment=\u00a0\u00bbcenter\u00a0\u00bb][vc_empty_space alter_height=\u00a0\u00bbmedium\u00a0\u00bb hide_on_mobile=\u00a0\u00bb\u00a0\u00bb][vc_column_text]<\/p>\r\n<p>Les pr\u00e9pos\u00e9s Solutions soins \u00e0 domicile de ont re\u00e7u une formation sp\u00e9cialis\u00e9e sur l\u2019Alzheimer et les troubles cognitifs, con\u00e7ue pour les professionnels de la sant\u00e9 et donn\u00e9e par la Soci\u00e9t\u00e9 Alzheimer de Montr\u00e9al. Nos employ\u00e9s apprennent \u00e0 encourager avec bienveillance les clients r\u00e9ticents, \u00e0 r\u00e9agir aux comportements agressifs li\u00e9s aux divers types de troubles cognitifs, \u00e0 interagir avec des clients souffrant de troubles de la m\u00e9moire et \u00e0 apporter un soutien lors des activit\u00e9s de la vie quotidienne, comme les repas et le bain.<\/p>\r\n<p><br \/><strong>Cette formation sp\u00e9cialis\u00e9e couvre des sujets tels que :<\/strong><\/p>\r\n\r\n<ul class=\"wp-block-list\">\r\n<li>Conna\u00eetre la maladie d\u2019Alzheimer et les troubles apparent\u00e9s<\/li>\r\n<li>Empreintes de m\u00e9moire<\/li>\r\n<li>Communication en action<\/li>\r\n<li>La maladie d\u2019Alzheimer au quotidien \u2013 Routines et activit\u00e9s<\/li>\r\n<li>Intimit\u00e9, sexualit\u00e9 et troubles cognitifs<\/li>\r\n<\/ul>\r\n\r\n<p>&nbsp;<\/p>\r\n\r\n<p style=\"font-size: 24px; padding: 20px 0; text-align: center; border-top: 1px solid #ddd; border-bottom: 1px solid #ddd;\"><strong>Le bon soutien et les bons soins peuvent faire une diff\u00e9rence<br \/>Des pr\u00e9pos\u00e9s ad\u00e9quatement form\u00e9s peuvent faire une tr\u00e8s grande diff\u00e9rence dans la qualit\u00e9 de vie des clients. <\/strong><\/p>\r\n\r\n<p>&nbsp;<\/p>\r\n\r\n<blockquote class=\"wp-block-quote is-layout-flow wp-block-quote-is-layout-flow\">\r\n<p><em>Nous avons deux remarquables intervenantes qui procurent des soins exceptionnels \u00e0 mon p\u00e8re, \u00e2g\u00e9 de 89 ans, ce qui lui permet de rester vivre, heureux et en s\u00e9curit\u00e9, dans la maison o\u00f9 il vit depuis 55 ans! Merci, Solutions soins \u00e0 domicile, for votre excellent travail!<\/em><\/p>\r\n<\/blockquote>\r\n\r\n<p>&nbsp;<\/p>\r\n<p>[\/vc_column_text][\/vc_column][\/vc_row][vc_row][vc_column][vc_text_separator title=\u00a0\u00bbRessources\u00a0\u00bb][vc_basic_grid post_type=\u00a0\u00bbids\u00a0\u00bb item=\u00a0\u00bb1105&Prime; grid_id=\u00a0\u00bbvc_gid:1573222889268-683640a1-c2c1-4&Prime; include=\u00a0\u00bb2581, 852, 855&Prime;][vc_empty_space alter_height=\u00a0\u00bbmedium\u00a0\u00bb hide_on_mobile=\u00a0\u00bb\u00a0\u00bb][\/vc_column][\/vc_row]<\/p><\/div>","protected":false},"excerpt":{"rendered":"<p>[vc_row][vc_column][vc_single_image image=\u00a0\u00bb1599&Prime; img_size=\u00a0\u00bbfull\u00a0\u00bb alignment=\u00a0\u00bbcenter\u00a0\u00bb][vc_empty_space alter_height=\u00a0\u00bbmedium\u00a0\u00bb hide_on_mobile=\u00a0\u00bb\u00a0\u00bb][vc_column_text] Les pr\u00e9pos\u00e9s Solutions soins \u00e0 domicile de ont re\u00e7u une formation sp\u00e9cialis\u00e9e sur l\u2019Alzheimer et les troubles cognitifs, con\u00e7ue pour les professionnels de la sant\u00e9 et donn\u00e9e par la Soci\u00e9t\u00e9 Alzheimer de Montr\u00e9al. Nos employ\u00e9s apprennent \u00e0 encourager avec bienveillance les clients r\u00e9ticents, \u00e0 r\u00e9agir aux comportements agressifs li\u00e9s aux divers types de troubles&hellip;<\/p>\n","protected":false},"author":1,"featured_media":0,"parent":0,"menu_order":0,"comment_status":"closed","ping_status":"closed","template":"","meta":{"_acf_changed":false,"inline_featured_image":false,"_glsr_average":0,"_glsr_ranking":0,"_glsr_reviews":0,"footnotes":""},"class_list":["post-825","page","type-page","status-publish","hentry"],"acf":[],"yoast_head":"<title>Soins pour la maladie d\u2019Alzheimer - Solutions soins \u00e0 domicile Montr\u00e9al<\/title>\n<meta name=\"description\" content=\"Les pr\u00e9pos\u00e9s Solutions Soins \u00c0 Domicile de ont re\u00e7u une formation sp\u00e9cialis\u00e9e sur l\u2019Alzheimer et les troubles cognitifs, con\u00e7ue pour les professionnels...\" \/>\n<meta name=\"robots\" content=\"index, follow, max-snippet:-1, max-image-preview:large, max-video-preview:-1\" \/>\n<link rel=\"canonical\" href=\"https:\/\/homecaresolutionsmtl.com\/fr\/soins-pour-la-maladie-dalzheimer\/\" \/>\n<meta property=\"og:locale\" content=\"fr_CA\" \/>\n<meta property=\"og:type\" content=\"article\" \/>\n<meta property=\"og:title\" content=\"Soins pour la maladie d\u2019Alzheimer - Solutions soins \u00e0 domicile Montr\u00e9al\" \/>\n<meta property=\"og:description\" content=\"Les pr\u00e9pos\u00e9s Solutions Soins \u00c0 Domicile de ont re\u00e7u une formation sp\u00e9cialis\u00e9e sur l\u2019Alzheimer et les troubles cognitifs, con\u00e7ue pour les professionnels...\" \/>\n<meta property=\"og:url\" content=\"https:\/\/homecaresolutionsmtl.com\/fr\/soins-pour-la-maladie-dalzheimer\/\" \/>\n<meta property=\"og:site_name\" content=\"Solutions soins \u00e0 domicile Montr\u00e9al\" \/>\n<meta property=\"article:publisher\" content=\"https:\/\/www.facebook.com\/Solutionsmontreal\" \/>\n<meta property=\"article:modified_time\" content=\"2021-03-12T15:11:27+00:00\" \/>\n<meta name=\"twitter:card\" content=\"summary_large_image\" \/>\n<meta name=\"twitter:label1\" content=\"Estimation du temps de lecture\" \/>\n\t<meta name=\"twitter:data1\" content=\"1 minute\" \/>\n<script type=\"application\/ld+json\" class=\"yoast-schema-graph\">{\"@context\":\"https:\\\/\\\/schema.org\",\"@graph\":[{\"@type\":\"WebPage\",\"@id\":\"https:\\\/\\\/homecaresolutionsmtl.com\\\/fr\\\/soins-pour-la-maladie-dalzheimer\\\/\",\"url\":\"https:\\\/\\\/homecaresolutionsmtl.com\\\/fr\\\/soins-pour-la-maladie-dalzheimer\\\/\",\"name\":\"Soins pour la maladie d\u2019Alzheimer - Solutions soins \u00e0 domicile Montr\u00e9al\",\"isPartOf\":{\"@id\":\"https:\\\/\\\/homecaresolutionsmtl.com\\\/fr\\\/#website\"},\"datePublished\":\"2019-05-07T18:36:57+00:00\",\"dateModified\":\"2021-03-12T15:11:27+00:00\",\"description\":\"Les pr\u00e9pos\u00e9s Solutions Soins \u00c0 Domicile de ont re\u00e7u une formation sp\u00e9cialis\u00e9e sur l\u2019Alzheimer et les troubles cognitifs, con\u00e7ue pour les professionnels...\",\"breadcrumb\":{\"@id\":\"https:\\\/\\\/homecaresolutionsmtl.com\\\/fr\\\/soins-pour-la-maladie-dalzheimer\\\/#breadcrumb\"},\"inLanguage\":\"fr-CA\",\"potentialAction\":[{\"@type\":\"ReadAction\",\"target\":[\"https:\\\/\\\/homecaresolutionsmtl.com\\\/fr\\\/soins-pour-la-maladie-dalzheimer\\\/\"]}]},{\"@type\":\"BreadcrumbList\",\"@id\":\"https:\\\/\\\/homecaresolutionsmtl.com\\\/fr\\\/soins-pour-la-maladie-dalzheimer\\\/#breadcrumb\",\"itemListElement\":[{\"@type\":\"ListItem\",\"position\":1,\"name\":\"Home\",\"item\":\"https:\\\/\\\/homecaresolutionsmtl.com\\\/fr\\\/\"},{\"@type\":\"ListItem\",\"position\":2,\"name\":\"Soins pour la maladie d\u2019Alzheimer\"}]},{\"@type\":\"WebSite\",\"@id\":\"https:\\\/\\\/homecaresolutionsmtl.com\\\/fr\\\/#website\",\"url\":\"https:\\\/\\\/homecaresolutionsmtl.com\\\/fr\\\/\",\"name\":\"Solutions soins \u00e0 domicile Montr\u00e9al\",\"description\":\"\",\"publisher\":{\"@id\":\"https:\\\/\\\/homecaresolutionsmtl.com\\\/fr\\\/#organization\"},\"potentialAction\":[{\"@type\":\"SearchAction\",\"target\":{\"@type\":\"EntryPoint\",\"urlTemplate\":\"https:\\\/\\\/homecaresolutionsmtl.com\\\/fr\\\/?s={search_term_string}\"},\"query-input\":{\"@type\":\"PropertyValueSpecification\",\"valueRequired\":true,\"valueName\":\"search_term_string\"}}],\"inLanguage\":\"fr-CA\"},{\"@type\":\"Organization\",\"@id\":\"https:\\\/\\\/homecaresolutionsmtl.com\\\/fr\\\/#organization\",\"name\":\"Homecare Solutions\",\"url\":\"https:\\\/\\\/homecaresolutionsmtl.com\\\/fr\\\/\",\"logo\":{\"@type\":\"ImageObject\",\"inLanguage\":\"fr-CA\",\"@id\":\"https:\\\/\\\/homecaresolutionsmtl.com\\\/fr\\\/#\\\/schema\\\/logo\\\/image\\\/\",\"url\":\"https:\\\/\\\/homecaresolutionsmtl.com\\\/wp-content\\\/uploads\\\/2019\\\/06\\\/Homecare-solutions-splash.png\",\"contentUrl\":\"https:\\\/\\\/homecaresolutionsmtl.com\\\/wp-content\\\/uploads\\\/2019\\\/06\\\/Homecare-solutions-splash.png\",\"width\":512,\"height\":361,\"caption\":\"Homecare Solutions\"},\"image\":{\"@id\":\"https:\\\/\\\/homecaresolutionsmtl.com\\\/fr\\\/#\\\/schema\\\/logo\\\/image\\\/\"},\"sameAs\":[\"https:\\\/\\\/www.facebook.com\\\/Solutionsmontreal\"]}]}<\/script>","yoast_head_json":{"title":"Soins pour la maladie d\u2019Alzheimer - Solutions soins \u00e0 domicile Montr\u00e9al","description":"Les pr\u00e9pos\u00e9s Solutions Soins \u00c0 Domicile de ont re\u00e7u une formation sp\u00e9cialis\u00e9e sur l\u2019Alzheimer et les troubles cognitifs, con\u00e7ue pour les professionnels...","robots":{"index":"index","follow":"follow","max-snippet":"max-snippet:-1","max-image-preview":"max-image-preview:large","max-video-preview":"max-video-preview:-1"},"canonical":"https:\/\/homecaresolutionsmtl.com\/fr\/soins-pour-la-maladie-dalzheimer\/","og_locale":"fr_CA","og_type":"article","og_title":"Soins pour la maladie d\u2019Alzheimer - Solutions soins \u00e0 domicile Montr\u00e9al","og_description":"Les pr\u00e9pos\u00e9s Solutions Soins \u00c0 Domicile de ont re\u00e7u une formation sp\u00e9cialis\u00e9e sur l\u2019Alzheimer et les troubles cognitifs, con\u00e7ue pour les professionnels...","og_url":"https:\/\/homecaresolutionsmtl.com\/fr\/soins-pour-la-maladie-dalzheimer\/","og_site_name":"Solutions soins \u00e0 domicile Montr\u00e9al","article_publisher":"https:\/\/www.facebook.com\/Solutionsmontreal","article_modified_time":"2021-03-12T15:11:27+00:00","twitter_card":"summary_large_image","twitter_misc":{"Estimation du temps de lecture":"1 minute"},"schema":{"@context":"https:\/\/schema.org","@graph":[{"@type":"WebPage","@id":"https:\/\/homecaresolutionsmtl.com\/fr\/soins-pour-la-maladie-dalzheimer\/","url":"https:\/\/homecaresolutionsmtl.com\/fr\/soins-pour-la-maladie-dalzheimer\/","name":"Soins pour la maladie d\u2019Alzheimer - Solutions soins \u00e0 domicile Montr\u00e9al","isPartOf":{"@id":"https:\/\/homecaresolutionsmtl.com\/fr\/#website"},"datePublished":"2019-05-07T18:36:57+00:00","dateModified":"2021-03-12T15:11:27+00:00","description":"Les pr\u00e9pos\u00e9s Solutions Soins \u00c0 Domicile de ont re\u00e7u une formation sp\u00e9cialis\u00e9e sur l\u2019Alzheimer et les troubles cognitifs, con\u00e7ue pour les professionnels...","breadcrumb":{"@id":"https:\/\/homecaresolutionsmtl.com\/fr\/soins-pour-la-maladie-dalzheimer\/#breadcrumb"},"inLanguage":"fr-CA","potentialAction":[{"@type":"ReadAction","target":["https:\/\/homecaresolutionsmtl.com\/fr\/soins-pour-la-maladie-dalzheimer\/"]}]},{"@type":"BreadcrumbList","@id":"https:\/\/homecaresolutionsmtl.com\/fr\/soins-pour-la-maladie-dalzheimer\/#breadcrumb","itemListElement":[{"@type":"ListItem","position":1,"name":"Home","item":"https:\/\/homecaresolutionsmtl.com\/fr\/"},{"@type":"ListItem","position":2,"name":"Soins pour la maladie d\u2019Alzheimer"}]},{"@type":"WebSite","@id":"https:\/\/homecaresolutionsmtl.com\/fr\/#website","url":"https:\/\/homecaresolutionsmtl.com\/fr\/","name":"Solutions soins \u00e0 domicile Montr\u00e9al","description":"","publisher":{"@id":"https:\/\/homecaresolutionsmtl.com\/fr\/#organization"},"potentialAction":[{"@type":"SearchAction","target":{"@type":"EntryPoint","urlTemplate":"https:\/\/homecaresolutionsmtl.com\/fr\/?s={search_term_string}"},"query-input":{"@type":"PropertyValueSpecification","valueRequired":true,"valueName":"search_term_string"}}],"inLanguage":"fr-CA"},{"@type":"Organization","@id":"https:\/\/homecaresolutionsmtl.com\/fr\/#organization","name":"Homecare Solutions","url":"https:\/\/homecaresolutionsmtl.com\/fr\/","logo":{"@type":"ImageObject","inLanguage":"fr-CA","@id":"https:\/\/homecaresolutionsmtl.com\/fr\/#\/schema\/logo\/image\/","url":"https:\/\/homecaresolutionsmtl.com\/wp-content\/uploads\/2019\/06\/Homecare-solutions-splash.png","contentUrl":"https:\/\/homecaresolutionsmtl.com\/wp-content\/uploads\/2019\/06\/Homecare-solutions-splash.png","width":512,"height":361,"caption":"Homecare Solutions"},"image":{"@id":"https:\/\/homecaresolutionsmtl.com\/fr\/#\/schema\/logo\/image\/"},"sameAs":["https:\/\/www.facebook.com\/Solutionsmontreal"]}]}},"_links":{"self":[{"href":"https:\/\/homecaresolutionsmtl.com\/fr\/wp-json\/wp\/v2\/pages\/825","targetHints":{"allow":["GET"]}}],"collection":[{"href":"https:\/\/homecaresolutionsmtl.com\/fr\/wp-json\/wp\/v2\/pages"}],"about":[{"href":"https:\/\/homecaresolutionsmtl.com\/fr\/wp-json\/wp\/v2\/types\/page"}],"author":[{"embeddable":true,"href":"https:\/\/homecaresolutionsmtl.com\/fr\/wp-json\/wp\/v2\/users\/1"}],"replies":[{"embeddable":true,"href":"https:\/\/homecaresolutionsmtl.com\/fr\/wp-json\/wp\/v2\/comments?post=825"}],"version-history":[{"count":27,"href":"https:\/\/homecaresolutionsmtl.com\/fr\/wp-json\/wp\/v2\/pages\/825\/revisions"}],"predecessor-version":[{"id":3008,"href":"https:\/\/homecaresolutionsmtl.com\/fr\/wp-json\/wp\/v2\/pages\/825\/revisions\/3008"}],"wp:attachment":[{"href":"https:\/\/homecaresolutionsmtl.com\/fr\/wp-json\/wp\/v2\/media?parent=825"}],"curies":[{"name":"wp","href":"https:\/\/api.w.org\/{rel}","templated":true}]}}